{"id":38846,"date":"2024-08-21T10:11:51","date_gmt":"2024-08-21T10:11:51","guid":{"rendered":"https:\/\/cultivers.es\/abonos\/mangold-hellgelb-bio-saatgut\/"},"modified":"2025-09-22T05:05:50","modified_gmt":"2025-09-22T05:05:50","slug":"mangold-hellgelb-bio-saatgut","status":"publish","type":"product","link":"https:\/\/cultivers.es\/de\/d\u00fcngemittel\/mangold-hellgelb-bio-saatgut\/","title":{"rendered":"Leuchtend gelbe Mangold-Samen"},"content":{"rendered":"","protected":false},"excerpt":{"rendered":"<p>F\u00fcllen Sie Ihren Garten mit Farbe und Vitalit\u00e4t mit unseren Bio-Mangold-Samen Bright Yellow. Diese Sorte zeichnet sich durch ihre leuchtend gelben St\u00e4ngel aus, die nicht nur Ihren Garten versch\u00f6nern, sondern auch einen milden und k\u00f6stlichen Geschmack f\u00fcr Ihre Gerichte bieten. Ideal f\u00fcr alle, die nach einer nahrhaften und attraktiven Alternative f\u00fcr ihren Garten suchen.  <\/p>\n<ul>\n<li><strong>Leuchtend gelbe Stiele:<\/strong> Der leuchtend gelbe Mangold zeichnet sich durch seine leuchtend gelben Stiele aus, die einen starken Kontrast zu seinen gr\u00fcnen Bl\u00e4ttern bilden. Perfekt, um Ihren Beeten oder T\u00f6pfen eine dekorative Note zu verleihen. <\/li>\n<li><strong>Milder und vielseitiger Geschmack:<\/strong> Diese Mangoldsorte hat einen milden, leicht s\u00fc\u00dfen Geschmack, der sie zu einer vielseitigen Zutat f\u00fcr Salate, Pfannengerichte, Suppen und als Beilage macht. Die zarten Bl\u00e4tter sind ideal f\u00fcr den Rohverzehr, w\u00e4hrend die Stiele ged\u00fcnstet oder sautiert werden k\u00f6nnen. <\/li>\n<li><strong>Verl\u00e4ngerte Erntezeit:<\/strong> Leuchtend gelber Mangold ist f\u00fcr seine lange Erntesaison bekannt. Sie k\u00f6nnen mit der Ernte der \u00e4u\u00dferen Bl\u00e4tter beginnen, sobald diese eine geeignete Gr\u00f6\u00dfe erreicht haben. So kann die Pflanze monatelang weiter produzieren. <\/li>\n<li><strong>Einfacher Anbau:<\/strong> Diese Mangoldsorte ist winterhart und pflegeleicht und passt sich gut an verschiedene Bodenarten und Klimazonen an. Er ist sowohl f\u00fcr Anf\u00e4nger als auch f\u00fcr erfahrene G\u00e4rtner eine ausgezeichnete Wahl. <\/li>\n<li><strong>Biologischer Anbau:<\/strong> Unsere Bright Yellow Chard-Samen sind 100% biologisch und garantieren ein chemiefreies und umweltfreundliches Wachstum. Ideal f\u00fcr einen nachhaltigen und gesunden Gem\u00fcsegarten. <\/li>\n<\/ul>\n<p>Bringen Sie mit Bright Yellow Chard Leben und Farbe in Ihren Garten. Mit unserem Bio-Saatgut k\u00f6nnen Sie eine reiche und nahrhafte Ernte einfahren und gleichzeitig Ihren Pflanzen eine dekorative Note verleihen. Bestellen Sie jetzt und beginnen Sie mit dem Anbau dieser sch\u00f6nen und schmackhaften Sorte!  <\/p>\n","protected":false},"featured_media":31912,"comment_status":"open","ping_status":"closed","template":"","meta":{"_acf_changed":false},"product_brand":[],"product_cat":[419,476],"product_tag":[1580],"woo-feed-brand":[],"class_list":{"0":"post-38846","1":"product","2":"type-product","3":"status-publish","4":"has-post-thumbnail","6":"product_cat-bio-saatgut","7":"product_cat-bio-saatgut-fur-blattgemuse","8":"product_tag-oko","10":"first","11":"outofstock","12":"taxable","13":"shipping-taxable","14":"purchasable","15":"product-type-simple"},"acf":[],"_links":{"self":[{"href":"https:\/\/cultivers.es\/de\/wp-json\/wp\/v2\/product\/38846","targetHints":{"allow":["GET"]}}],"collection":[{"href":"https:\/\/cultivers.es\/de\/wp-json\/wp\/v2\/product"}],"about":[{"href":"https:\/\/cultivers.es\/de\/wp-json\/wp\/v2\/types\/product"}],"replies":[{"embeddable":true,"href":"https:\/\/cultivers.es\/de\/wp-json\/wp\/v2\/comments?post=38846"}],"wp:featuredmedia":[{"embeddable":true,"href":"https:\/\/cultivers.es\/de\/wp-json\/wp\/v2\/media\/31912"}],"wp:attachment":[{"href":"https:\/\/cultivers.es\/de\/wp-json\/wp\/v2\/media?parent=38846"}],"wp:term":[{"taxonomy":"product_brand","embeddable":true,"href":"https:\/\/cultivers.es\/de\/wp-json\/wp\/v2\/product_brand?post=38846"},{"taxonomy":"product_cat","embeddable":true,"href":"https:\/\/cultivers.es\/de\/wp-json\/wp\/v2\/product_cat?post=38846"},{"taxonomy":"product_tag","embeddable":true,"href":"https:\/\/cultivers.es\/de\/wp-json\/wp\/v2\/product_tag?post=38846"},{"taxonomy":"woo-feed-brand","embeddable":true,"href":"https:\/\/cultivers.es\/de\/wp-json\/wp\/v2\/woo-feed-brand?post=38846"}],"curies":[{"name":"wp","href":"https:\/\/api.w.org\/{rel}","templated":true}]}}