{"id":38847,"date":"2024-08-21T06:57:58","date_gmt":"2024-08-21T06:57:58","guid":{"rendered":"https:\/\/cultivers.es\/abonos\/bio-kiwano-saatgut\/"},"modified":"2026-03-19T07:05:41","modified_gmt":"2026-03-19T07:05:41","slug":"bio-kiwano-saatgut","status":"publish","type":"product","link":"https:\/\/cultivers.es\/de\/d\u00fcngemittel\/bio-kiwano-saatgut\/","title":{"rendered":"Kiwano Samen"},"content":{"rendered":"","protected":false},"excerpt":{"rendered":"<p>Trauen Sie sich, etwas anderes und exotisches anzubauen mit unseren Bio-Kiwano-Samen. Die Kiwano, auch bekannt als &#8222;geh\u00f6rnte Melone&#8220; oder &#8222;afrikanische Gurke&#8220;, ist eine tropische Frucht mit einem einzigartigen Aussehen und erfrischendem Geschmack, ideal, um Ihrem Garten und Ihren Gerichten einen Hauch von Originalit\u00e4t zu verleihen. <\/p>\n<ul>\n<li><strong>Exotische Frucht:<\/strong> Die Kiwano zeichnet sich durch ihre gelbe oder orangefarbene Schale aus, die mit kleinen H\u00f6rnern bedeckt ist, was ihr ein einzigartiges und dekoratives Aussehen verleiht. Im Inneren hat das gr\u00fcne, geleeartige Fruchtfleisch einen milden und erfrischenden Geschmack, \u00e4hnlich einer Mischung aus Gurke, Banane und Zitrone. <\/li>\n<li><strong>Einfacher Anbau:<\/strong> Trotz ihres exotischen Aussehens ist die Kiwano erstaunlich einfach zu z\u00fcchten. Diese Kletterpflanze passt sich gut an ein warmes, sonniges Klima an, entwickelt sich schnell und tr\u00e4gt reichlich Fr\u00fcchte. <\/li>\n<li><strong>Reich an N\u00e4hrstoffen:<\/strong> Neben ihrem erfrischenden Geschmack ist die Kiwano eine reichhaltige Quelle von Antioxidantien, Vitamin C und Ballaststoffen, was sie zu einer gesunden Wahl f\u00fcr Ihre t\u00e4gliche Ern\u00e4hrung macht.<\/li>\n<li><strong>Kulinarische Vielseitigkeit:<\/strong> Kiwano kann auf vielf\u00e4ltige Weise genossen werden: in Salaten, als erfrischender Snack, in Smoothies oder als Garnierung f\u00fcr Desserts. Ihr Geschmack und ihr Aussehen machen sie ideal f\u00fcr Experimente in der K\u00fcche. <\/li>\n<li><strong>Biologischer Anbau:<\/strong> Unser Kiwano-Saatgut ist zu 100% biologisch und stellt sicher, dass Sie auf nachhaltige und umweltfreundliche Weise anbauen, ohne den Einsatz von Pestiziden oder chemischen D\u00fcngemitteln.<\/li>\n<\/ul>\n<p>Bringen Sie mit Kiwano einen exotischen Touch in Ihren Garten! Mit unserem Bio-Saatgut k\u00f6nnen Sie sich an einer einzigartigen und nahrhaften Frucht erfreuen, die perfekt ist, um in der K\u00fcche zu \u00fcberraschen. Bestellen Sie noch heute und beginnen Sie mit dem Anbau dieses tropischen Schatzes zu Hause!  <\/p>\n","protected":false},"featured_media":31872,"comment_status":"open","ping_status":"closed","template":"","meta":{"_acf_changed":false},"product_brand":[],"product_cat":[438,419],"product_tag":[1580],"woo-feed-brand":[],"class_list":{"0":"post-38847","1":"product","2":"type-product","3":"status-publish","4":"has-post-thumbnail","6":"product_cat-bio-obst-und-gemusesaatgut","7":"product_cat-bio-saatgut","8":"product_tag-oko","10":"first","11":"instock","12":"taxable","13":"shipping-taxable","14":"purchasable","15":"product-type-simple"},"acf":[],"_links":{"self":[{"href":"https:\/\/cultivers.es\/de\/wp-json\/wp\/v2\/product\/38847","targetHints":{"allow":["GET"]}}],"collection":[{"href":"https:\/\/cultivers.es\/de\/wp-json\/wp\/v2\/product"}],"about":[{"href":"https:\/\/cultivers.es\/de\/wp-json\/wp\/v2\/types\/product"}],"replies":[{"embeddable":true,"href":"https:\/\/cultivers.es\/de\/wp-json\/wp\/v2\/comments?post=38847"}],"wp:featuredmedia":[{"embeddable":true,"href":"https:\/\/cultivers.es\/de\/wp-json\/wp\/v2\/media\/31872"}],"wp:attachment":[{"href":"https:\/\/cultivers.es\/de\/wp-json\/wp\/v2\/media?parent=38847"}],"wp:term":[{"taxonomy":"product_brand","embeddable":true,"href":"https:\/\/cultivers.es\/de\/wp-json\/wp\/v2\/product_brand?post=38847"},{"taxonomy":"product_cat","embeddable":true,"href":"https:\/\/cultivers.es\/de\/wp-json\/wp\/v2\/product_cat?post=38847"},{"taxonomy":"product_tag","embeddable":true,"href":"https:\/\/cultivers.es\/de\/wp-json\/wp\/v2\/product_tag?post=38847"},{"taxonomy":"woo-feed-brand","embeddable":true,"href":"https:\/\/cultivers.es\/de\/wp-json\/wp\/v2\/woo-feed-brand?post=38847"}],"curies":[{"name":"wp","href":"https:\/\/api.w.org\/{rel}","templated":true}]}}