{"id":38856,"date":"2024-08-21T11:37:16","date_gmt":"2024-08-21T11:37:16","guid":{"rendered":"https:\/\/cultivers.es\/abonos\/petit-marseillais-bio-pfeffer-samen\/"},"modified":"2025-09-22T05:45:56","modified_gmt":"2025-09-22T05:45:56","slug":"petit-marseillais-bio-pfeffer-samen","status":"publish","type":"product","link":"https:\/\/cultivers.es\/de\/d\u00fcngemittel\/petit-marseillais-bio-pfeffer-samen\/","title":{"rendered":"Petit Marseillais Paprika-Samen"},"content":{"rendered":"","protected":false},"excerpt":{"rendered":"<p>Mit den Bio-Pfeffersamen Petit Marseillais k\u00f6nnen Sie eine klassische Paprikasorte anbauen, die f\u00fcr ihren s\u00fc\u00dfen Geschmack, ihre knackige Konsistenz und ihre milde Sch\u00e4rfe gesch\u00e4tzt wird. Dieser aus der Region Marseille stammende Pfeffer ist perfekt f\u00fcr alle, die einen authentischen Hauch von mediterraner K\u00fcche in ihrem Garten suchen. <\/p>\n<ul>\n<li><strong>S\u00fc\u00dfer und aromatischer Geschmack:<\/strong> Der Petit Marseillais-Pfeffer ist f\u00fcr seinen s\u00fc\u00dfen und milden Geschmack bekannt, mit einer leicht w\u00fcrzigen Note, die aber nicht \u00fcberw\u00e4ltigend ist. Ideal f\u00fcr den Frischverzehr in Salaten, gebraten oder in gekochten Gerichten, wo sein Geschmack intensiviert wird. <\/li>\n<li><strong>Kompakte Gr\u00f6\u00dfe:<\/strong> Diese Sorte produziert kleine bis mittelgro\u00dfe Paprikaschoten mit einer konischen Form und d\u00fcnner Haut, die sich perfekt zum F\u00fcllen, Braten oder Garnieren eignen. Ihre leuchtende Farbe, die von gr\u00fcn bis tiefrot reicht, verleiht Ihren Gerichten einen optischen Reiz. <\/li>\n<li><strong>Milder Sch\u00e4rfegrad:<\/strong> Im Gegensatz zu anderen Pfeffersorten hat Petit Marseillais eine sehr milde Sch\u00e4rfe, was ihn perfekt f\u00fcr diejenigen macht, die einen subtileren Geschmack bevorzugen, ohne auf die Komplexit\u00e4t eines Pfeffers mit Charakter zu verzichten.<\/li>\n<li><strong>Hohe Produktivit\u00e4t:<\/strong> Die Paprika Petit Marseillais ist eine gro\u00dfz\u00fcgige Pflanze, die w\u00e4hrend der gesamten Saison eine gro\u00dfe Menge an Fr\u00fcchten produziert. Sie ist ideal f\u00fcr alle, die eine reiche und kontinuierliche Ernte von frischem Paprika w\u00fcnschen. <\/li>\n<li><strong>Einfacher Anbau:<\/strong> Diese Sorte passt sich gut an verschiedene Bodentypen und Klimazonen an und ist resistent gegen die \u00fcblichen Paprikakrankheiten. Sie ist eine ausgezeichnete Wahl sowohl f\u00fcr Anf\u00e4nger als auch f\u00fcr erfahrene G\u00e4rtner. <\/li>\n<li><strong>Biologischer Anbau:<\/strong> Unsere Petit Marseillais Pfeffersamen sind zu 100% biologisch und garantieren ein chemiefreies und umweltfreundliches Wachstum. Genie\u00dfen Sie eine nachhaltige und gesunde Ernte in Ihrem Garten. <\/li>\n<\/ul>\n<p>Bringen Sie einen mediterranen Touch in Ihren Garten mit Petit Marseillais Paprika. Mit unserem Bio-Saatgut k\u00f6nnen Sie eine reiche Ernte s\u00fc\u00dfer Paprikaschoten mit einer milden Sch\u00e4rfe genie\u00dfen, die sich perfekt f\u00fcr eine Vielzahl von Gerichten eignet - bestellen Sie jetzt und bauen Sie dieses kulinarische Juwel zu Hause an!  <\/p>\n","protected":false},"featured_media":32006,"comment_status":"open","ping_status":"closed","template":"","meta":{"_acf_changed":false},"product_brand":[],"product_cat":[438,419],"product_tag":[1580],"class_list":{"0":"post-38856","1":"product","2":"type-product","3":"status-publish","4":"has-post-thumbnail","6":"product_cat-bio-obst-und-gemusesaatgut","7":"product_cat-bio-saatgut","8":"product_tag-oko","10":"first","11":"instock","12":"taxable","13":"shipping-taxable","14":"purchasable","15":"product-type-simple"},"acf":[],"_links":{"self":[{"href":"https:\/\/cultivers.es\/de\/wp-json\/wp\/v2\/product\/38856","targetHints":{"allow":["GET"]}}],"collection":[{"href":"https:\/\/cultivers.es\/de\/wp-json\/wp\/v2\/product"}],"about":[{"href":"https:\/\/cultivers.es\/de\/wp-json\/wp\/v2\/types\/product"}],"replies":[{"embeddable":true,"href":"https:\/\/cultivers.es\/de\/wp-json\/wp\/v2\/comments?post=38856"}],"wp:featuredmedia":[{"embeddable":true,"href":"https:\/\/cultivers.es\/de\/wp-json\/wp\/v2\/media\/32006"}],"wp:attachment":[{"href":"https:\/\/cultivers.es\/de\/wp-json\/wp\/v2\/media?parent=38856"}],"wp:term":[{"taxonomy":"product_brand","embeddable":true,"href":"https:\/\/cultivers.es\/de\/wp-json\/wp\/v2\/product_brand?post=38856"},{"taxonomy":"product_cat","embeddable":true,"href":"https:\/\/cultivers.es\/de\/wp-json\/wp\/v2\/product_cat?post=38856"},{"taxonomy":"product_tag","embeddable":true,"href":"https:\/\/cultivers.es\/de\/wp-json\/wp\/v2\/product_tag?post=38856"}],"curies":[{"name":"wp","href":"https:\/\/api.w.org\/{rel}","templated":true}]}}