{"id":38857,"date":"2024-08-21T10:28:27","date_gmt":"2024-08-21T10:28:27","guid":{"rendered":"https:\/\/cultivers.es\/abonos\/bio-gardeners-delight-tomatensamen\/"},"modified":"2026-02-17T18:40:18","modified_gmt":"2026-02-17T18:40:18","slug":"bio-gardeners-delight-tomatensamen","status":"publish","type":"product","link":"https:\/\/cultivers.es\/de\/d\u00fcngemittel\/bio-gardeners-delight-tomatensamen\/","title":{"rendered":"Gardener&#8217;s Delight Tomatensamen"},"content":{"rendered":"","protected":false},"excerpt":{"rendered":"<p>Mit den Gardener&#8217;s Delight Bio-Tomatensamen k\u00f6nnen Sie eine der wegen ihres au\u00dfergew\u00f6hnlichen Geschmacks und ihrer einfachen Kultivierung am meisten gesch\u00e4tzten Kirschtomaten anbauen. Diese Sorte produziert reichlich Trauben kleiner roter Fr\u00fcchte mit einem s\u00fc\u00dfen und ausgewogenen Geschmack, ideal f\u00fcr den Frischverzehr oder in Salaten. <\/p>\n<ul>\n<li><strong>Unvergleichlicher Geschmack:<\/strong> Die Gardener&#8217;s Delight Tomato ist bekannt f\u00fcr ihren s\u00fc\u00dfen und saftigen Geschmack mit einem Hauch von S\u00e4ure, der sie von anderen Kirschtomatensorten abhebt. Sie ist ideal, um sie direkt von der Pflanze zu genie\u00dfen oder um Ihre Gerichte mit ihrem k\u00f6stlichen Geschmack zu bereichern. <\/li>\n<li><strong>Hohe Produktivit\u00e4t:<\/strong> Diese Sorte ist sehr produktiv und bringt die ganze Saison \u00fcber kleine, gleichm\u00e4\u00dfige Tomatenb\u00fcschel hervor. Sie ist perfekt f\u00fcr alle, die eine konstante und reichhaltige Ernte in ihrem Garten w\u00fcnschen. <\/li>\n<li><strong>Einfacher Anbau:<\/strong> Die Gardener&#8217;s Delight Tomato ist sowohl f\u00fcr Anf\u00e4nger als auch f\u00fcr erfahrene G\u00e4rtner eine ausgezeichnete Wahl. Sie ist eine robuste Pflanze, die sich gut an verschiedene Klimazonen und B\u00f6den anpasst und sehr gut in T\u00f6pfen oder direkt in der Erde w\u00e4chst. <\/li>\n<li><strong>Perfekte Gr\u00f6\u00dfe:<\/strong> Die Fr\u00fcchte dieser Sorte sind klein, was sie ideal f\u00fcr Salate, gesunde Snacks oder als Beilage f\u00fcr aufwendigere Gerichte macht. Ihre d\u00fcnne Schale und ihr saftiges Fruchtfleisch machen sie zu einem wahren Genuss. <\/li>\n<li><strong>Biologischer Anbau:<\/strong> Unser Saatgut ist zu 100% biologisch, was ein nat\u00fcrliches Wachstum garantiert, ohne den Einsatz von Pestiziden oder chemischen D\u00fcngemitteln. Ideal f\u00fcr einen nachhaltigen und umweltfreundlichen Garten. <\/li>\n<\/ul>\n<p>Bauen Sie Gardener&#8217;s Delight Tomato an und genie\u00dfen Sie die Freude, frische, schmackhafte Kirschtomaten direkt aus Ihrem Garten zu ernten. Mit unserem Bio-Saatgut erhalten Sie eine ertragreiche, pflegeleichte Pflanze, die perfekt ist, um Ihren Mahlzeiten eine s\u00fc\u00dfe, gesunde Note zu verleihen - bestellen Sie jetzt und beginnen Sie mit dem Anbau Ihrer eigenen Schatztruhe voller Geschmack!  <\/p>\n","protected":false},"featured_media":31948,"comment_status":"open","ping_status":"closed","template":"","meta":{"_acf_changed":false},"product_brand":[],"product_cat":[438,419],"product_tag":[1580],"woo-feed-brand":[],"class_list":{"0":"post-38857","1":"product","2":"type-product","3":"status-publish","4":"has-post-thumbnail","6":"product_cat-bio-obst-und-gemusesaatgut","7":"product_cat-bio-saatgut","8":"product_tag-oko","10":"first","11":"instock","12":"taxable","13":"shipping-taxable","14":"purchasable","15":"product-type-simple"},"acf":[],"_links":{"self":[{"href":"https:\/\/cultivers.es\/de\/wp-json\/wp\/v2\/product\/38857","targetHints":{"allow":["GET"]}}],"collection":[{"href":"https:\/\/cultivers.es\/de\/wp-json\/wp\/v2\/product"}],"about":[{"href":"https:\/\/cultivers.es\/de\/wp-json\/wp\/v2\/types\/product"}],"replies":[{"embeddable":true,"href":"https:\/\/cultivers.es\/de\/wp-json\/wp\/v2\/comments?post=38857"}],"wp:featuredmedia":[{"embeddable":true,"href":"https:\/\/cultivers.es\/de\/wp-json\/wp\/v2\/media\/31948"}],"wp:attachment":[{"href":"https:\/\/cultivers.es\/de\/wp-json\/wp\/v2\/media?parent=38857"}],"wp:term":[{"taxonomy":"product_brand","embeddable":true,"href":"https:\/\/cultivers.es\/de\/wp-json\/wp\/v2\/product_brand?post=38857"},{"taxonomy":"product_cat","embeddable":true,"href":"https:\/\/cultivers.es\/de\/wp-json\/wp\/v2\/product_cat?post=38857"},{"taxonomy":"product_tag","embeddable":true,"href":"https:\/\/cultivers.es\/de\/wp-json\/wp\/v2\/product_tag?post=38857"},{"taxonomy":"woo-feed-brand","embeddable":true,"href":"https:\/\/cultivers.es\/de\/wp-json\/wp\/v2\/woo-feed-brand?post=38857"}],"curies":[{"name":"wp","href":"https:\/\/api.w.org\/{rel}","templated":true}]}}