{"id":38866,"date":"2024-08-21T11:54:50","date_gmt":"2024-08-21T11:54:50","guid":{"rendered":"https:\/\/cultivers.es\/abonos\/bio-rote-habanero-paprika-samen\/"},"modified":"2025-09-22T05:45:52","modified_gmt":"2025-09-22T05:45:52","slug":"bio-rote-habanero-paprika-samen","status":"publish","type":"product","link":"https:\/\/cultivers.es\/de\/d\u00fcngemittel\/bio-rote-habanero-paprika-samen\/","title":{"rendered":"Rote Habanero-Pfeffer-Samen"},"content":{"rendered":"","protected":false},"excerpt":{"rendered":"<p>Mit den Bio Red Habanero Pepper Seeds k\u00f6nnen Sie eine der sch\u00e4rfsten und bekanntesten Pfeffersorten der Welt anbauen. Der aus der Karibik stammende Rote Habanero-Pfeffer ist perfekt f\u00fcr alle, die ihren Gerichten einen intensiven Geschmack und eine gro\u00dfe Sch\u00e4rfe verleihen m\u00f6chten. Mit seiner charakteristischen leuchtend roten Farbe und seiner unverwechselbaren Sch\u00e4rfe ist dieser Pfeffer eine unverzichtbare Zutat in der mexikanischen und karibischen K\u00fcche.  <\/p>\n<ul>\n<li><strong>Intensiver Sch\u00e4rfegrad:<\/strong> Der Rote Habanero-Pfeffer ist f\u00fcr seinen hohen Sch\u00e4rfegrad bekannt, der ihn zu den sch\u00e4rfsten Paprikaschoten der Welt macht. Mit einer Scoville-Skala von bis zu 350.000 Einheiten ist dieser Pfeffer ideal f\u00fcr Liebhaber extremer Sch\u00e4rfe. <\/li>\n<li><strong>Fruchtiger Geschmack:<\/strong> Trotz ihrer Sch\u00e4rfe hat die Rote Habanero einen fruchtigen, leicht zitrusartigen Geschmack, der So\u00dfen, Marinaden und Eint\u00f6pfen Tiefe und Komplexit\u00e4t verleiht. Ihr einzigartiger Geschmack macht sie zu einer vielseitigen Zutat in der K\u00fcche. <\/li>\n<li><strong>Hohe Produktivit\u00e4t:<\/strong> Diese Paprikasorte produziert w\u00e4hrend der gesamten Saison kleine, faltige, etwa 3-5 cm gro\u00dfe Fr\u00fcchte in H\u00fclle und F\u00fclle. Ihre leuchtend rote Farbe l\u00e4sst sie sowohl im Garten als auch in der K\u00fcche auffallen. <\/li>\n<li><strong>Einfacher Anbau:<\/strong> Obwohl die Rote Habanero-Paprika ein warmes, sonniges Klima ben\u00f6tigt, um zu gedeihen, ist sie eine robuste Pflanze, die bei entsprechender Pflege gut in T\u00f6pfen oder direkt in der Erde wachsen kann.<\/li>\n<li><strong>Biologischer Anbau:<\/strong> Unsere Red Habanero Paprikasamen sind zu 100% biologisch und garantieren ein chemiefreies und umweltfreundliches Wachstum. Genie\u00dfen Sie eine nachhaltige und gesunde Ernte in Ihrem Garten. <\/li>\n<\/ul>\n<p>Bringen Sie mit Red Habanero Peppers einen Hauch von extremer Sch\u00e4rfe in Ihren Garten. Mit unserem Bio-Saatgut k\u00f6nnen Sie sich \u00fcber eine reiche Ernte an intensiv scharfen und geschmacksintensiven Paprika freuen, die sich perfekt f\u00fcr Saucen und w\u00fcrzige Gerichte eignen - bestellen Sie jetzt und bringen Sie die Sch\u00e4rfe in Ihrer K\u00fcche auf die n\u00e4chste Stufe!  <\/p>\n","protected":false},"featured_media":32034,"comment_status":"open","ping_status":"closed","template":"","meta":{"_acf_changed":false},"product_brand":[],"product_cat":[438,419],"product_tag":[1580],"class_list":{"0":"post-38866","1":"product","2":"type-product","3":"status-publish","4":"has-post-thumbnail","6":"product_cat-bio-obst-und-gemusesaatgut","7":"product_cat-bio-saatgut","8":"product_tag-oko","10":"first","11":"instock","12":"taxable","13":"shipping-taxable","14":"purchasable","15":"product-type-simple"},"acf":[],"_links":{"self":[{"href":"https:\/\/cultivers.es\/de\/wp-json\/wp\/v2\/product\/38866","targetHints":{"allow":["GET"]}}],"collection":[{"href":"https:\/\/cultivers.es\/de\/wp-json\/wp\/v2\/product"}],"about":[{"href":"https:\/\/cultivers.es\/de\/wp-json\/wp\/v2\/types\/product"}],"replies":[{"embeddable":true,"href":"https:\/\/cultivers.es\/de\/wp-json\/wp\/v2\/comments?post=38866"}],"wp:featuredmedia":[{"embeddable":true,"href":"https:\/\/cultivers.es\/de\/wp-json\/wp\/v2\/media\/32034"}],"wp:attachment":[{"href":"https:\/\/cultivers.es\/de\/wp-json\/wp\/v2\/media?parent=38866"}],"wp:term":[{"taxonomy":"product_brand","embeddable":true,"href":"https:\/\/cultivers.es\/de\/wp-json\/wp\/v2\/product_brand?post=38866"},{"taxonomy":"product_cat","embeddable":true,"href":"https:\/\/cultivers.es\/de\/wp-json\/wp\/v2\/product_cat?post=38866"},{"taxonomy":"product_tag","embeddable":true,"href":"https:\/\/cultivers.es\/de\/wp-json\/wp\/v2\/product_tag?post=38866"}],"curies":[{"name":"wp","href":"https:\/\/api.w.org\/{rel}","templated":true}]}}