{"id":38867,"date":"2024-08-23T12:21:32","date_gmt":"2024-08-23T12:21:32","guid":{"rendered":"https:\/\/cultivers.es\/abonos\/sonnenblumenkerne-sunset-bio-sonnenblumenkerne-demeter\/"},"modified":"2025-09-22T05:46:17","modified_gmt":"2025-09-22T05:46:17","slug":"sonnenblumenkerne-sunset-bio-sonnenblumenkerne-demeter","status":"publish","type":"product","link":"https:\/\/cultivers.es\/de\/d\u00fcngemittel\/sonnenblumenkerne-sunset-bio-sonnenblumenkerne-demeter\/","title":{"rendered":"Sonnenuntergang Sonnenblumenkerne Biodynamisch Demeter"},"content":{"rendered":"","protected":false},"excerpt":{"rendered":"<p>Mit den Demeter Bio-Sonnenblumensamen Sunset Sunflower k\u00f6nnen Sie eine spektakul\u00e4re Sonnenblumensorte anbauen, die f\u00fcr ihre gro\u00dfen, leuchtend orangen und roten Bl\u00fcten bekannt ist, die an die W\u00e4rme eines Sonnenuntergangs erinnern. Diese Sorte versch\u00f6nert nicht nur Ihren Garten, sondern ist auch hervorragend geeignet, um Best\u00e4uber wie Bienen und Schmetterlinge anzulocken, was der Artenvielfalt in Ihrem Gr\u00fcnraum zugute kommt. <\/p>\n<ul>\n<li><strong>Spektakul\u00e4r bl\u00fchend:<\/strong> Sunset Sunflowers sind bekannt f\u00fcr ihre mittelgro\u00dfen bis gro\u00dfen Bl\u00fcten mit Bl\u00fctenbl\u00e4ttern in Schattierungen von Orange bis Rot, die einen atemberaubenden optischen Effekt erzeugen. Sie eignen sich perfekt f\u00fcr Gartenrabatten, als Schnittblumen oder einfach, um ihre nat\u00fcrliche Sch\u00f6nheit zu genie\u00dfen. <\/li>\n<li><strong>Attraktiv f\u00fcr Best\u00e4uber:<\/strong> Diese Sorte ist ideal, um Bienen, Schmetterlinge und andere Best\u00e4uber anzulocken, die f\u00fcr einen gesunden und produktiven Garten wichtig sind. Ihr reichlicher Nektar tr\u00e4gt zum Wohlbefinden des \u00d6kosystems in Ihrem Garten bei. <\/li>\n<li><strong>Einfach anzubauen:<\/strong> Sunset-Sonnenblumen sind robuste, schnell wachsende Pflanzen, die sich gut an verschiedene Bodentypen und klimatische Bedingungen anpassen, solange sie ausreichend Sonnenlicht erhalten. Sie sind sowohl f\u00fcr Anf\u00e4nger als auch f\u00fcr erfahrene G\u00e4rtner ideal. <\/li>\n<li><strong>M\u00e4\u00dfige H\u00f6he:<\/strong> Im Gegensatz zu anderen Sonnenblumensorten erreicht Sunset eine m\u00e4\u00dfige H\u00f6he, so dass sie sich f\u00fcr G\u00e4rten jeder Gr\u00f6\u00dfe eignet, auch f\u00fcr solche mit wenig Platz.<\/li>\n<li><strong>Demeter-zertifiziert:<\/strong> Dieses Saatgut ist Demeter-zertifiziert, was die h\u00f6chsten Standards der biodynamischen Landwirtschaft garantiert. Wenn Sie dieses Saatgut pflanzen, tragen Sie zu einem nachhaltigen und umweltfreundlichen Anbau bei. <\/li>\n<\/ul>\n<p>Verwandeln Sie Ihren Garten in ein farbenfrohes Spektakel mit den Demeter Bio-Sonnenblumensamen Sunset Sunflower Seeds. Genie\u00dfen Sie strahlende Blumen, die nicht nur Ihren Raum versch\u00f6nern, sondern auch die Artenvielfalt und das nat\u00fcrliche Gleichgewicht Ihres Gartens unterst\u00fctzen. Bestellen Sie noch heute und bringen Sie einen Hauch von Sonne und Vitalit\u00e4t in Ihren Garten!  <\/p>\n","protected":false},"featured_media":32339,"comment_status":"open","ping_status":"closed","template":"","meta":{"_acf_changed":false},"product_brand":[],"product_cat":[419,467,1304],"product_tag":[1384],"class_list":{"0":"post-38867","1":"product","2":"type-product","3":"status-publish","4":"has-post-thumbnail","6":"product_cat-bio-saatgut","7":"product_cat-biologische-essbare-blumensamen","8":"product_cat-demeter-samen","9":"product_tag-demeter-de","11":"first","12":"instock","13":"sale","14":"taxable","15":"shipping-taxable","16":"purchasable","17":"product-type-variable"},"acf":[],"_links":{"self":[{"href":"https:\/\/cultivers.es\/de\/wp-json\/wp\/v2\/product\/38867","targetHints":{"allow":["GET"]}}],"collection":[{"href":"https:\/\/cultivers.es\/de\/wp-json\/wp\/v2\/product"}],"about":[{"href":"https:\/\/cultivers.es\/de\/wp-json\/wp\/v2\/types\/product"}],"replies":[{"embeddable":true,"href":"https:\/\/cultivers.es\/de\/wp-json\/wp\/v2\/comments?post=38867"}],"wp:featuredmedia":[{"embeddable":true,"href":"https:\/\/cultivers.es\/de\/wp-json\/wp\/v2\/media\/32339"}],"wp:attachment":[{"href":"https:\/\/cultivers.es\/de\/wp-json\/wp\/v2\/media?parent=38867"}],"wp:term":[{"taxonomy":"product_brand","embeddable":true,"href":"https:\/\/cultivers.es\/de\/wp-json\/wp\/v2\/product_brand?post=38867"},{"taxonomy":"product_cat","embeddable":true,"href":"https:\/\/cultivers.es\/de\/wp-json\/wp\/v2\/product_cat?post=38867"},{"taxonomy":"product_tag","embeddable":true,"href":"https:\/\/cultivers.es\/de\/wp-json\/wp\/v2\/product_tag?post=38867"}],"curies":[{"name":"wp","href":"https:\/\/api.w.org\/{rel}","templated":true}]}}