{"id":38903,"date":"2024-09-11T13:36:20","date_gmt":"2024-09-11T13:36:20","guid":{"rendered":"https:\/\/cultivers.es\/abonos\/gekraustes-moos-petersiliensamen\/"},"modified":"2025-09-22T04:51:21","modified_gmt":"2025-09-22T04:51:21","slug":"gekraustes-moos-petersiliensamen","status":"publish","type":"product","link":"https:\/\/cultivers.es\/de\/d\u00fcngemittel\/gekraustes-moos-petersiliensamen\/","title":{"rendered":"Gekraustes Moos Petersiliensamen"},"content":{"rendered":"","protected":false},"excerpt":{"rendered":"<p>Bringen Sie einen Hauch von Frische und Raffinesse in Ihren Garten mit unseren Bio-Samen Mooskrause Petersilie. Diese Petersiliensorte ist f\u00fcr ihre dicht gekr\u00e4uselten, tiefgr\u00fcnen Bl\u00e4tter bekannt, die Ihren Gerichten nicht nur einen frischen, leicht w\u00fcrzigen Geschmack verleihen, sondern auch in jedem Garten und jeder K\u00fcche dekorativ sind. Perfekt f\u00fcr Salate, Garnierungen oder als Zutat in So\u00dfen und Suppen.  <\/p>\n<ul>\n<li><strong>Fein gekr\u00e4uselte Bl\u00e4tter:<\/strong> Die gekr\u00e4uselte Moospetersilie ist ber\u00fchmt f\u00fcr ihr dicht gekr\u00e4useltes, leuchtend gr\u00fcnes Laub, das sich ideal zum Garnieren Ihrer Gerichte eignet oder frisch in Salaten, Suppen, Eint\u00f6pfen und So\u00dfen verwendet wird.<\/li>\n<li><strong>Frischer und vielseitiger Geschmack:<\/strong> Sein frischer und leicht w\u00fcrziger Geschmack macht ihn zur perfekten Erg\u00e4nzung f\u00fcr eine Vielzahl von Gerichten. Er ist au\u00dferdem eine reiche Quelle f\u00fcr Vitamin C, A und K, was einen wichtigen N\u00e4hrwert darstellt. <\/li>\n<li><strong>Schnell und einfach wachsend:<\/strong> Diese Sorte ist einfach zu z\u00fcchten und w\u00e4chst schnell in einer Vielzahl von Klimazonen und B\u00f6den. Ideal sowohl f\u00fcr Anf\u00e4nger als auch f\u00fcr erfahrene G\u00e4rtner. <\/li>\n<li><strong>Dekorative Pflanze:<\/strong> Die krause Moospetersilie ist nicht nur eine unverzichtbare Zutat in der K\u00fcche, sondern auch eine attraktive Pflanze f\u00fcr Kr\u00e4uterg\u00e4rten, Blumenbeete oder sogar f\u00fcr T\u00f6pfe auf dem Balkon oder der Terrasse.<\/li>\n<li><strong>Biologischer Anbau:<\/strong> Unser Saatgut ist zu 100% biologisch und wird ohne den Einsatz von Pestiziden oder chemischen D\u00fcngemitteln angebaut, was ein gesundes und umweltfreundliches Produkt garantiert.<\/li>\n<\/ul>\n<p>Bringen Sie Geschmack, Frische und Eleganz in Ihren Garten und Ihre K\u00fcche mit unseren Bio-Petersiliensamen aus gekr\u00e4useltem Moos - bestellen Sie noch heute und freuen Sie sich \u00fcber eine gesunde, leicht zu z\u00fcchtende Pflanze, die perfekt f\u00fcr jedes Gericht ist! <\/p>\n","protected":false},"featured_media":33984,"comment_status":"open","ping_status":"closed","template":"","meta":{"_acf_changed":false},"product_brand":[],"product_cat":[727,419],"product_tag":[1580],"class_list":{"0":"post-38903","1":"product","2":"type-product","3":"status-publish","4":"has-post-thumbnail","6":"product_cat-bio-aroma-saatgut","7":"product_cat-bio-saatgut","8":"product_tag-oko","10":"first","11":"instock","12":"taxable","13":"shipping-taxable","14":"purchasable","15":"product-type-simple"},"acf":[],"_links":{"self":[{"href":"https:\/\/cultivers.es\/de\/wp-json\/wp\/v2\/product\/38903","targetHints":{"allow":["GET"]}}],"collection":[{"href":"https:\/\/cultivers.es\/de\/wp-json\/wp\/v2\/product"}],"about":[{"href":"https:\/\/cultivers.es\/de\/wp-json\/wp\/v2\/types\/product"}],"replies":[{"embeddable":true,"href":"https:\/\/cultivers.es\/de\/wp-json\/wp\/v2\/comments?post=38903"}],"wp:featuredmedia":[{"embeddable":true,"href":"https:\/\/cultivers.es\/de\/wp-json\/wp\/v2\/media\/33984"}],"wp:attachment":[{"href":"https:\/\/cultivers.es\/de\/wp-json\/wp\/v2\/media?parent=38903"}],"wp:term":[{"taxonomy":"product_brand","embeddable":true,"href":"https:\/\/cultivers.es\/de\/wp-json\/wp\/v2\/product_brand?post=38903"},{"taxonomy":"product_cat","embeddable":true,"href":"https:\/\/cultivers.es\/de\/wp-json\/wp\/v2\/product_cat?post=38903"},{"taxonomy":"product_tag","embeddable":true,"href":"https:\/\/cultivers.es\/de\/wp-json\/wp\/v2\/product_tag?post=38903"}],"curies":[{"name":"wp","href":"https:\/\/api.w.org\/{rel}","templated":true}]}}