{"id":38912,"date":"2024-09-11T13:51:24","date_gmt":"2024-09-11T13:51:24","guid":{"rendered":"https:\/\/cultivers.es\/abonos\/bio-weisses-kuhschellenkraut-samen\/"},"modified":"2025-09-22T04:51:22","modified_gmt":"2025-09-22T04:51:22","slug":"bio-weisses-kuhschellenkraut-samen","status":"publish","type":"product","link":"https:\/\/cultivers.es\/de\/d\u00fcngemittel\/bio-weisses-kuhschellenkraut-samen\/","title":{"rendered":"Bio Wei\u00dfes Kuhschellenkraut Samen"},"content":{"rendered":"","protected":false},"excerpt":{"rendered":"<p>Verwandeln Sie Ihren Garten oder Gem\u00fcsegarten mit unseren Bio-Samen Wei\u00dfes Labkraut. Diese mehrj\u00e4hrige Pflanze ist bekannt f\u00fcr ihre zarten wei\u00dfen Bl\u00fcten und ihre F\u00e4higkeit, Best\u00e4uber wie Bienen und Schmetterlinge anzulocken und so die Artenvielfalt Ihrer Gr\u00fcnfl\u00e4che zu erh\u00f6hen. Das Wei\u00dfe Kuhgras ist ideal f\u00fcr nat\u00fcrliche G\u00e4rten und bl\u00fchende Wiesen und wird sowohl f\u00fcr seinen Zierwert als auch f\u00fcr seinen \u00f6kologischen Beitrag gesch\u00e4tzt.  <\/p>\n<ul>\n<li><strong>Zarte wei\u00dfe Bl\u00fcten:<\/strong> Das Wei\u00dfe Labkraut bildet kleine wei\u00dfe Bl\u00fcten, die jedem Garten einen sanften, nat\u00fcrlichen Touch verleihen und eine ruhige und einladende Atmosph\u00e4re schaffen.<\/li>\n<li><strong>Attraktiv f\u00fcr Best\u00e4uber:<\/strong> Diese Pflanze eignet sich hervorragend zum Anlocken von Bienen, Schmetterlingen und anderen Best\u00e4ubern, was zur Erhaltung der Artenvielfalt und der \u00f6kologischen Gesundheit Ihres Gartens oder Obstgartens beitr\u00e4gt.<\/li>\n<li><strong>Einfacher Anbau:<\/strong> Das Wei\u00dfe Kuhkraut ist eine winterharte Staude, die sich gut an verschiedene Bodenarten und klimatische Bedingungen anpasst. Es ist ideal f\u00fcr pflegeleichte G\u00e4rten, nat\u00fcrliche Wiesen oder Blumenrabatten. <\/li>\n<li><strong>Ideal f\u00fcr wilde G\u00e4rten:<\/strong> Ihr nat\u00fcrlicher und anspruchsloser Wuchs macht sie zu einer ausgezeichneten Wahl f\u00fcr wilde G\u00e4rten oder Bereiche mit Vegetationsdecke, wo ihre Anwesenheit das \u00d6kosystem verbessert.<\/li>\n<li><strong>Biologischer Anbau:<\/strong> Unser Saatgut ist zu 100% biologisch und garantiert, dass Ihr Garten frei von Pestiziden und Chemikalien ist, was den umweltfreundlichen Anbau f\u00f6rdert.<\/li>\n<\/ul>\n<p>Bringen Sie Leben und Artenvielfalt in Ihren Garten oder Gem\u00fcsegarten mit Organic White Cow Grass Seeds. Diese attraktive, leicht zu z\u00fcchtende und umweltfreundliche Pflanze ist eine gro\u00dfartige Erg\u00e4nzung f\u00fcr Ihren nat\u00fcrlichen Lebensraum - bestellen Sie noch heute und genie\u00dfen Sie einen umweltfreundlichen Garten voller Leben!  <\/p>\n","protected":false},"featured_media":34005,"comment_status":"open","ping_status":"closed","template":"","meta":{"_acf_changed":false},"product_brand":[],"product_cat":[475,419],"product_tag":[1580],"class_list":{"0":"post-38912","1":"product","2":"type-product","3":"status-publish","4":"has-post-thumbnail","6":"product_cat-bio-blumensaatgut","7":"product_cat-bio-saatgut","8":"product_tag-oko","10":"first","11":"instock","12":"taxable","13":"shipping-taxable","14":"purchasable","15":"product-type-simple"},"acf":[],"_links":{"self":[{"href":"https:\/\/cultivers.es\/de\/wp-json\/wp\/v2\/product\/38912","targetHints":{"allow":["GET"]}}],"collection":[{"href":"https:\/\/cultivers.es\/de\/wp-json\/wp\/v2\/product"}],"about":[{"href":"https:\/\/cultivers.es\/de\/wp-json\/wp\/v2\/types\/product"}],"replies":[{"embeddable":true,"href":"https:\/\/cultivers.es\/de\/wp-json\/wp\/v2\/comments?post=38912"}],"wp:featuredmedia":[{"embeddable":true,"href":"https:\/\/cultivers.es\/de\/wp-json\/wp\/v2\/media\/34005"}],"wp:attachment":[{"href":"https:\/\/cultivers.es\/de\/wp-json\/wp\/v2\/media?parent=38912"}],"wp:term":[{"taxonomy":"product_brand","embeddable":true,"href":"https:\/\/cultivers.es\/de\/wp-json\/wp\/v2\/product_brand?post=38912"},{"taxonomy":"product_cat","embeddable":true,"href":"https:\/\/cultivers.es\/de\/wp-json\/wp\/v2\/product_cat?post=38912"},{"taxonomy":"product_tag","embeddable":true,"href":"https:\/\/cultivers.es\/de\/wp-json\/wp\/v2\/product_tag?post=38912"}],"curies":[{"name":"wp","href":"https:\/\/api.w.org\/{rel}","templated":true}]}}