{"id":38913,"date":"2024-09-11T13:46:21","date_gmt":"2024-09-11T13:46:21","guid":{"rendered":"https:\/\/cultivers.es\/abonos\/sucette-de-provence-bio-pfeffer-samen\/"},"modified":"2025-09-22T04:51:56","modified_gmt":"2025-09-22T04:51:56","slug":"sucette-de-provence-bio-pfeffer-samen","status":"publish","type":"product","link":"https:\/\/cultivers.es\/de\/d\u00fcngemittel\/sucette-de-provence-bio-pfeffer-samen\/","title":{"rendered":"Sucette de Provence Paprika-Samen"},"content":{"rendered":"","protected":false},"excerpt":{"rendered":"<p>Genie\u00dfen Sie den authentischen mediterranen Geschmack mit unseren Bio Sucette de Provence Pfeffersamen. Diese traditionelle provenzalische Sorte zeichnet sich durch ihre l\u00e4ngliche Form und ihre leuchtende Farbe aus, die mit zunehmender Reife von gr\u00fcn bis tiefrot reicht. Mit ihrem s\u00fc\u00dfen und leicht w\u00fcrzigen Geschmack eignet sich die Sucette de Provence Paprika ideal zum Braten, F\u00fcllen oder f\u00fcr den frischen Verzehr in Salaten.  <\/p>\n<ul>\n<li><strong>S\u00fc\u00dfer Geschmack mit einem w\u00fcrzigen Kick:<\/strong> Sucette de Provence Paprika sind f\u00fcr ihren s\u00fc\u00dfen und leicht w\u00fcrzigen Geschmack bekannt, der sie perfekt f\u00fcr eine Vielzahl von kulinarischen Zubereitungen macht, von Braten \u00fcber Eint\u00f6pfe bis hin zu frischen Salaten.<\/li>\n<li><strong>Lebendige und attraktive Farbe:<\/strong> Mit zunehmender Reife verf\u00e4rbt sich diese Paprika von leuchtendem Gr\u00fcn zu tiefem Rot, was sie zu einem Blickfang im Garten und in der K\u00fcche macht.<\/li>\n<li><strong>Vielseitig in der K\u00fcche:<\/strong> Dank ihres Geschmacks und ihrer Textur eignen sich diese Paprikaschoten perfekt zum Braten, zum F\u00fcllen mit herzhaften Zutaten oder zum rohen Hinzuf\u00fcgen zu Salaten und frischen Gerichten. Sie werden wegen ihrer S\u00fc\u00dfe und leichten Sch\u00e4rfe gesch\u00e4tzt. <\/li>\n<li><strong>Einfacher Anbau:<\/strong> Diese Sorte ist widerstandsf\u00e4hig und kann in einer Vielzahl von Klimazonen und B\u00f6den angebaut werden, so dass sie ideal f\u00fcr G\u00e4rtner aller Stufen ist. Sie eignet sich sowohl f\u00fcr den Gem\u00fcsegarten als auch f\u00fcr T\u00f6pfe auf Terrassen oder Balkonen. <\/li>\n<li><strong>Biologischer Anbau:<\/strong> Unser Saatgut ist zu 100% biologisch und garantiert einen nat\u00fcrlichen Anbau ohne Pestizide oder chemische Produkte, was eine gesunde Umwelt f\u00fcr Ihren Garten und Ihre Lebensmittel f\u00f6rdert.<\/li>\n<\/ul>\n<p>Bringen Sie mit den Bio-Paprikasamen Sucette de Provence einen authentischen Hauch von Mittelmeer in Ihren Garten. Genie\u00dfen Sie ihren s\u00fc\u00dfen und leicht scharfen Geschmack in einer Vielzahl von Gerichten, w\u00e4hrend sie gleichzeitig umweltfreundlich wachsen - bestellen Sie noch heute und genie\u00dfen Sie authentischen provenzalischen Geschmack in Ihrer K\u00fcche!  <\/p>\n","protected":false},"featured_media":33998,"comment_status":"open","ping_status":"closed","template":"","meta":{"_acf_changed":false},"product_brand":[],"product_cat":[438,419],"product_tag":[1580],"class_list":{"0":"post-38913","1":"product","2":"type-product","3":"status-publish","4":"has-post-thumbnail","6":"product_cat-bio-obst-und-gemusesaatgut","7":"product_cat-bio-saatgut","8":"product_tag-oko","10":"first","11":"instock","12":"taxable","13":"shipping-taxable","14":"purchasable","15":"product-type-simple"},"acf":[],"_links":{"self":[{"href":"https:\/\/cultivers.es\/de\/wp-json\/wp\/v2\/product\/38913","targetHints":{"allow":["GET"]}}],"collection":[{"href":"https:\/\/cultivers.es\/de\/wp-json\/wp\/v2\/product"}],"about":[{"href":"https:\/\/cultivers.es\/de\/wp-json\/wp\/v2\/types\/product"}],"replies":[{"embeddable":true,"href":"https:\/\/cultivers.es\/de\/wp-json\/wp\/v2\/comments?post=38913"}],"wp:featuredmedia":[{"embeddable":true,"href":"https:\/\/cultivers.es\/de\/wp-json\/wp\/v2\/media\/33998"}],"wp:attachment":[{"href":"https:\/\/cultivers.es\/de\/wp-json\/wp\/v2\/media?parent=38913"}],"wp:term":[{"taxonomy":"product_brand","embeddable":true,"href":"https:\/\/cultivers.es\/de\/wp-json\/wp\/v2\/product_brand?post=38913"},{"taxonomy":"product_cat","embeddable":true,"href":"https:\/\/cultivers.es\/de\/wp-json\/wp\/v2\/product_cat?post=38913"},{"taxonomy":"product_tag","embeddable":true,"href":"https:\/\/cultivers.es\/de\/wp-json\/wp\/v2\/product_tag?post=38913"}],"curies":[{"name":"wp","href":"https:\/\/api.w.org\/{rel}","templated":true}]}}