{"id":38922,"date":"2024-09-12T13:30:06","date_gmt":"2024-09-12T13:30:06","guid":{"rendered":"https:\/\/cultivers.es\/abonos\/fenchelsamen-geant-mammouth-perfection-bio-fenchelsamen\/"},"modified":"2025-09-22T04:52:59","modified_gmt":"2025-09-22T04:52:59","slug":"fenchelsamen-geant-mammouth-perfection-bio-fenchelsamen","status":"publish","type":"product","link":"https:\/\/cultivers.es\/de\/d\u00fcngemittel\/fenchelsamen-geant-mammouth-perfection-bio-fenchelsamen\/","title":{"rendered":"Fenchelsamen G\u00e9ant Mammouth Perfection"},"content":{"rendered":"","protected":false},"excerpt":{"rendered":"<p>Bringen Sie einen Hauch von Frische und Vornehmheit in Ihren Garten mit unseren Bio Fenchelsamen G\u00e9ant Mammouth Perfection. Diese Fenchelsorte zeichnet sich durch ihre gro\u00dfen Knollen mit einer knackigen Textur und einem Anisgeschmack aus, der sich f\u00fcr eine Vielzahl von kulinarischen Zubereitungen eignet. Z\u00fcchten Sie Fenchel von au\u00dfergew\u00f6hnlicher Gr\u00f6\u00dfe und genie\u00dfen Sie ihn in Salaten, Eint\u00f6pfen oder Braten, um Ihren Gaumen mit seinem delikaten Aroma und exquisiten Geschmack zu erfreuen.  <\/p>\n<ul>\n<li><strong>Au\u00dfergew\u00f6hnliche Gr\u00f6\u00dfe:<\/strong> Der G\u00e9ant Mammouth Perfection Fenchel zeichnet sich durch seine gro\u00dfen Knollen aus. Er ist perfekt f\u00fcr alle, die einen robusten und ertragreichen Fenchel suchen, der sich sowohl im Garten als auch in der K\u00fcche bew\u00e4hrt.<\/li>\n<li><strong>Sanfter Anisgeschmack:<\/strong> Sein delikater Anisgeschmack macht ihn zu einer vielseitigen Zutat f\u00fcr frische Salate, gegrillte Gerichte oder Gratins. Seine knackige Textur und sein frisches Aroma machen ihn in der mediterranen K\u00fcche unverzichtbar. <\/li>\n<li><strong>Einfacher Anbau:<\/strong> Diese Fenchelsorte ist widerstandsf\u00e4hig und kann in einer Vielzahl von Klimazonen und B\u00f6den angebaut werden, was sie ideal f\u00fcr Anf\u00e4nger und fortgeschrittene G\u00e4rtner macht. Er ben\u00f6tigt m\u00e4\u00dfige Bew\u00e4sserung und eine gute Drainage. <\/li>\n<li><strong>Reich an N\u00e4hrstoffen:<\/strong> Fenchel ist eine ausgezeichnete Quelle f\u00fcr Ballaststoffe, Vitamin C, Kalium und Antioxidantien, was ihn zu einem gesunden und nahrhaften Lebensmittel macht, das Sie in Ihre t\u00e4gliche Ern\u00e4hrung aufnehmen sollten.<\/li>\n<li><strong>Biologischer Anbau:<\/strong> Unser Saatgut ist zu 100 % biologisch, was garantiert, dass Ihr Fenchel ohne Pestizide oder chemische D\u00fcngemittel w\u00e4chst und eine gesunde Ern\u00e4hrung und einen nachhaltigen Garten f\u00f6rdert.<\/li>\n<\/ul>\n<p>Z\u00fcchten Sie gro\u00dfen, au\u00dfergew\u00f6hnlich schmackhaften Fenchel mit unseren G\u00e9ant Mammouth Perfection Bio-Fenchel-Samen. Bringen Sie mit diesem vielseitigen Gem\u00fcse Frische und N\u00e4hrstoffe auf Ihren Tisch - bestellen Sie noch heute und genie\u00dfen Sie eine gesunde, reichhaltige Ernte aus Ihrem Bio-Garten!  <\/p>\n","protected":false},"featured_media":34031,"comment_status":"open","ping_status":"closed","template":"","meta":{"_acf_changed":false},"product_brand":[],"product_cat":[419,433],"product_tag":[1580],"class_list":{"0":"post-38922","1":"product","2":"type-product","3":"status-publish","4":"has-post-thumbnail","6":"product_cat-bio-saatgut","7":"product_cat-bio-wurzelsaatgut","8":"product_tag-oko","10":"first","11":"instock","12":"sale","13":"taxable","14":"shipping-taxable","15":"purchasable","16":"product-type-simple"},"acf":[],"_links":{"self":[{"href":"https:\/\/cultivers.es\/de\/wp-json\/wp\/v2\/product\/38922","targetHints":{"allow":["GET"]}}],"collection":[{"href":"https:\/\/cultivers.es\/de\/wp-json\/wp\/v2\/product"}],"about":[{"href":"https:\/\/cultivers.es\/de\/wp-json\/wp\/v2\/types\/product"}],"replies":[{"embeddable":true,"href":"https:\/\/cultivers.es\/de\/wp-json\/wp\/v2\/comments?post=38922"}],"wp:featuredmedia":[{"embeddable":true,"href":"https:\/\/cultivers.es\/de\/wp-json\/wp\/v2\/media\/34031"}],"wp:attachment":[{"href":"https:\/\/cultivers.es\/de\/wp-json\/wp\/v2\/media?parent=38922"}],"wp:term":[{"taxonomy":"product_brand","embeddable":true,"href":"https:\/\/cultivers.es\/de\/wp-json\/wp\/v2\/product_brand?post=38922"},{"taxonomy":"product_cat","embeddable":true,"href":"https:\/\/cultivers.es\/de\/wp-json\/wp\/v2\/product_cat?post=38922"},{"taxonomy":"product_tag","embeddable":true,"href":"https:\/\/cultivers.es\/de\/wp-json\/wp\/v2\/product_tag?post=38922"}],"curies":[{"name":"wp","href":"https:\/\/api.w.org\/{rel}","templated":true}]}}