{"id":38923,"date":"2024-09-12T11:59:05","date_gmt":"2024-09-12T11:59:05","guid":{"rendered":"https:\/\/cultivers.es\/abonos\/corno-di-toro-giallo-pfeffersamen-bio\/"},"modified":"2025-09-22T04:53:06","modified_gmt":"2025-09-22T04:53:06","slug":"corno-di-toro-giallo-pfeffersamen-bio","status":"publish","type":"product","link":"https:\/\/cultivers.es\/de\/d\u00fcngemittel\/corno-di-toro-giallo-pfeffersamen-bio\/","title":{"rendered":"Corno di Toro Giallo Paprika Samen"},"content":{"rendered":"","protected":false},"excerpt":{"rendered":"<p>Z\u00fcchten Sie eine traditionelle italienische Sorte mit unseren Bio Corno di Toro Giallo Pfeffersamen. Bekannt f\u00fcr seine l\u00e4ngliche, gebogene Form, die an ein Stierhorn erinnert, und seine leuchtend gelbe Farbe, ist dieser Pfeffer f\u00fcr seinen s\u00fc\u00dfen, milden Geschmack bekannt. Der Corno di Toro Giallo Pfeffer ist eine k\u00f6stliche und vielseitige Wahl f\u00fcr Ihren Bio-Garten. Er eignet sich perfekt zum Braten, F\u00fcllen oder frisch im Salat.  <\/p>\n<ul>\n<li><strong>S\u00fc\u00dfer und milder Geschmack:<\/strong> Diese Paprika zeichnet sich durch ihren s\u00fc\u00dfen und leicht fruchtigen Geschmack aus. Sie eignet sich ideal zum Backen, Grillen, F\u00fcllen oder zum Rohverzehr in Salaten. Ihre Textur ist zart und ihr Fruchtfleisch saftig. <\/li>\n<li><strong>Attraktive Form und Farbe:<\/strong> Die Corno di Toro Giallo Paprika hat eine l\u00e4ngliche, geschwungene Form und ihre leuchtend gelbe Farbe setzt sowohl im Garten als auch in der K\u00fcche leuchtende Farbakzente.<\/li>\n<li><strong>Hohe Produktivit\u00e4t:<\/strong> Diese Pflanze ist kr\u00e4ftig und produziert w\u00e4hrend der gesamten Saison gro\u00dfe Mengen an Paprika, die eine reichhaltige Ernte f\u00fcr verschiedene kulinarische Verwendungen bieten.<\/li>\n<li><strong>Einfacher Anbau:<\/strong> Es handelt sich um eine robuste und einfach anzubauende Sorte, die sowohl f\u00fcr Anf\u00e4nger als auch f\u00fcr erfahrene G\u00e4rtner geeignet ist. Sie passt sich gut an verschiedene Klimazonen und Bodenarten an und kann im Gem\u00fcsegarten oder in T\u00f6pfen angebaut werden. <\/li>\n<li><strong>Biologischer Anbau:<\/strong> Unser Saatgut ist zu 100% biologisch und garantiert eine pestizid- und chemikalienfreie Ernte, die die Gesundheit Ihres Gartens und Ihrer Familie f\u00f6rdert.<\/li>\n<\/ul>\n<p>F\u00fcllen Sie Ihren Garten mit Farbe und S\u00fc\u00dfe mit den Bio-Paprikasamen Corno di Toro Giallo. Genie\u00dfen Sie eine reiche Ernte k\u00f6stlicher und gesunder, nachhaltig angebauter Paprika - bestellen Sie noch heute und bringen Sie das Beste aus Italien in Ihren Garten und auf Ihren Tisch!  <\/p>\n","protected":false},"featured_media":34023,"comment_status":"open","ping_status":"closed","template":"","meta":{"_acf_changed":false},"product_brand":[],"product_cat":[438,419],"product_tag":[1580],"class_list":{"0":"post-38923","1":"product","2":"type-product","3":"status-publish","4":"has-post-thumbnail","6":"product_cat-bio-obst-und-gemusesaatgut","7":"product_cat-bio-saatgut","8":"product_tag-oko","10":"first","11":"instock","12":"taxable","13":"shipping-taxable","14":"purchasable","15":"product-type-simple"},"acf":[],"_links":{"self":[{"href":"https:\/\/cultivers.es\/de\/wp-json\/wp\/v2\/product\/38923","targetHints":{"allow":["GET"]}}],"collection":[{"href":"https:\/\/cultivers.es\/de\/wp-json\/wp\/v2\/product"}],"about":[{"href":"https:\/\/cultivers.es\/de\/wp-json\/wp\/v2\/types\/product"}],"replies":[{"embeddable":true,"href":"https:\/\/cultivers.es\/de\/wp-json\/wp\/v2\/comments?post=38923"}],"wp:featuredmedia":[{"embeddable":true,"href":"https:\/\/cultivers.es\/de\/wp-json\/wp\/v2\/media\/34023"}],"wp:attachment":[{"href":"https:\/\/cultivers.es\/de\/wp-json\/wp\/v2\/media?parent=38923"}],"wp:term":[{"taxonomy":"product_brand","embeddable":true,"href":"https:\/\/cultivers.es\/de\/wp-json\/wp\/v2\/product_brand?post=38923"},{"taxonomy":"product_cat","embeddable":true,"href":"https:\/\/cultivers.es\/de\/wp-json\/wp\/v2\/product_cat?post=38923"},{"taxonomy":"product_tag","embeddable":true,"href":"https:\/\/cultivers.es\/de\/wp-json\/wp\/v2\/product_tag?post=38923"}],"curies":[{"name":"wp","href":"https:\/\/api.w.org\/{rel}","templated":true}]}}