{"id":38932,"date":"2024-09-26T13:36:23","date_gmt":"2024-09-26T13:36:23","guid":{"rendered":"https:\/\/cultivers.es\/abonos\/bio-neuseelaendischer-spinat-saatgut\/"},"modified":"2025-09-22T05:21:57","modified_gmt":"2025-09-22T05:21:57","slug":"bio-neuseelaendischer-spinat-saatgut","status":"publish","type":"product","link":"https:\/\/cultivers.es\/de\/d\u00fcngemittel\/bio-neuseelaendischer-spinat-saatgut\/","title":{"rendered":"Demeter Biodynamischer Neuseeland Spinat Samen"},"content":{"rendered":"","protected":false},"excerpt":{"rendered":"<p>Z\u00fcchten Sie eine n\u00e4hrstoffreiche und widerstandsf\u00e4hige Sorte mit unseren Bio-Spinat-Samen aus Neuseeland. Diese Pflanze ist perfekt f\u00fcr die w\u00e4rmeren Monate, da sie Hitze gut vertr\u00e4gt und nicht so schnell welkt wie andere Spinatsorten. Mit seinen dicken Bl\u00e4ttern und seinem milden Geschmack ist der neuseel\u00e4ndische Spinat ideal f\u00fcr Salate, Eint\u00f6pfe und Pfannengerichte und verleiht Ihren Gerichten eine frische und gesunde Note.  <\/p>\n<ul>\n<li><strong>Hitzebest\u00e4ndig:<\/strong> Im Gegensatz zu herk\u00f6mmlichem Spinat ist neuseel\u00e4ndischer Spinat ideal f\u00fcr hei\u00dfe Klimazonen, da er h\u00f6here Temperaturen aush\u00e4lt, ohne an Qualit\u00e4t zu verlieren. Er ist perfekt f\u00fcr den Anbau im Sommer. <\/li>\n<li><strong>Dicke und schmackhafte Bl\u00e4tter:<\/strong> Diese Sorte produziert fleischige und knackige Bl\u00e4tter mit einem milden und leicht s\u00fc\u00dfen Geschmack, ideal zum Rohverzehr in Salaten oder gekocht in Eint\u00f6pfen oder Pfannengerichten.<\/li>\n<li><strong>Einfacher Anbau:<\/strong> Neuseel\u00e4ndischer Spinat ist pflegeleicht und l\u00e4sst sich in einer Vielzahl von B\u00f6den und Klimazonen gut anbauen. Er ist eine kriechende Pflanze, die auch gut in T\u00f6pfen wachsen kann, was ihn ideal f\u00fcr st\u00e4dtische G\u00e4rten macht. <\/li>\n<li><strong>Kontinuierliche Produktion:<\/strong> Einmal etabliert, bietet diese Pflanze eine kontinuierliche Blattproduktion, die w\u00e4hrend der gesamten hei\u00dfen Jahreszeit eine reiche Ernte garantiert.<\/li>\n<li><strong>Biologischer Anbau:<\/strong> Unser Saatgut ist 100% biologisch, frei von Pestiziden und Chemikalien, was eine gesunde und umweltfreundliche Ernte garantiert.<\/li>\n<\/ul>\n<p>Genie\u00dfen Sie die Frische und Vielseitigkeit des neuseel\u00e4ndischen Spinats in Ihrem Bio-Garten. Diese Sorte ist robust, leicht anzubauen und perfekt f\u00fcr warme Klimazonen geeignet. Sie liefert Ihnen die ganze Saison \u00fcber frische, gesunde Bl\u00e4tter. <\/p>\n","protected":false},"featured_media":34621,"comment_status":"open","ping_status":"closed","template":"","meta":{"_acf_changed":false},"product_brand":[],"product_cat":[419,476,1304],"product_tag":[1384],"class_list":{"0":"post-38932","1":"product","2":"type-product","3":"status-publish","4":"has-post-thumbnail","6":"product_cat-bio-saatgut","7":"product_cat-bio-saatgut-fur-blattgemuse","8":"product_cat-demeter-samen","9":"product_tag-demeter-de","11":"first","12":"instock","13":"taxable","14":"shipping-taxable","15":"purchasable","16":"product-type-simple"},"acf":[],"_links":{"self":[{"href":"https:\/\/cultivers.es\/de\/wp-json\/wp\/v2\/product\/38932","targetHints":{"allow":["GET"]}}],"collection":[{"href":"https:\/\/cultivers.es\/de\/wp-json\/wp\/v2\/product"}],"about":[{"href":"https:\/\/cultivers.es\/de\/wp-json\/wp\/v2\/types\/product"}],"replies":[{"embeddable":true,"href":"https:\/\/cultivers.es\/de\/wp-json\/wp\/v2\/comments?post=38932"}],"wp:featuredmedia":[{"embeddable":true,"href":"https:\/\/cultivers.es\/de\/wp-json\/wp\/v2\/media\/34621"}],"wp:attachment":[{"href":"https:\/\/cultivers.es\/de\/wp-json\/wp\/v2\/media?parent=38932"}],"wp:term":[{"taxonomy":"product_brand","embeddable":true,"href":"https:\/\/cultivers.es\/de\/wp-json\/wp\/v2\/product_brand?post=38932"},{"taxonomy":"product_cat","embeddable":true,"href":"https:\/\/cultivers.es\/de\/wp-json\/wp\/v2\/product_cat?post=38932"},{"taxonomy":"product_tag","embeddable":true,"href":"https:\/\/cultivers.es\/de\/wp-json\/wp\/v2\/product_tag?post=38932"}],"curies":[{"name":"wp","href":"https:\/\/api.w.org\/{rel}","templated":true}]}}