{"id":38938,"date":"2024-10-10T09:10:21","date_gmt":"2024-10-10T09:10:21","guid":{"rendered":"https:\/\/cultivers.es\/abonos\/katalog-cultivers-2025\/"},"modified":"2025-09-22T04:51:31","modified_gmt":"2025-09-22T04:51:31","slug":"katalog-cultivers-2025","status":"publish","type":"product","link":"https:\/\/cultivers.es\/de\/d\u00fcngemittel\/katalog-cultivers-2025\/","title":{"rendered":"Katalog Cultivers 2025"},"content":{"rendered":"<p>&nbsp;<\/p>\n<div id=\"awebChromeHelper\"><\/div>\n","protected":false},"excerpt":{"rendered":"<h3>Obstgarten und Garten Katalog 2025<\/h3>\n<p>Laden Sie unseren Katalog mit <strong>100% organischen D\u00fcngemitteln und N\u00e4hrstoffen f\u00fcr Garten und Gem\u00fcsegarten<\/strong> herunter <strong>.<\/strong> Finden Sie den besten D\u00fcnger, um ein optimales und gesundes Wachstum Ihrer Pflanzen zu gew\u00e4hrleisten.<\/p>\n","protected":false},"featured_media":35269,"comment_status":"open","ping_status":"closed","template":"","meta":{"_acf_changed":false},"product_brand":[],"product_cat":[1287],"product_tag":[],"woo-feed-brand":[],"class_list":{"0":"post-38938","1":"product","2":"type-product","3":"status-publish","4":"has-post-thumbnail","6":"product_cat-ressourcen","8":"first","9":"instock","10":"downloadable","11":"virtual","12":"taxable","13":"purchasable","14":"product-type-simple"},"acf":[],"_links":{"self":[{"href":"https:\/\/cultivers.es\/de\/wp-json\/wp\/v2\/product\/38938","targetHints":{"allow":["GET"]}}],"collection":[{"href":"https:\/\/cultivers.es\/de\/wp-json\/wp\/v2\/product"}],"about":[{"href":"https:\/\/cultivers.es\/de\/wp-json\/wp\/v2\/types\/product"}],"replies":[{"embeddable":true,"href":"https:\/\/cultivers.es\/de\/wp-json\/wp\/v2\/comments?post=38938"}],"wp:featuredmedia":[{"embeddable":true,"href":"https:\/\/cultivers.es\/de\/wp-json\/wp\/v2\/media\/35269"}],"wp:attachment":[{"href":"https:\/\/cultivers.es\/de\/wp-json\/wp\/v2\/media?parent=38938"}],"wp:term":[{"taxonomy":"product_brand","embeddable":true,"href":"https:\/\/cultivers.es\/de\/wp-json\/wp\/v2\/product_brand?post=38938"},{"taxonomy":"product_cat","embeddable":true,"href":"https:\/\/cultivers.es\/de\/wp-json\/wp\/v2\/product_cat?post=38938"},{"taxonomy":"product_tag","embeddable":true,"href":"https:\/\/cultivers.es\/de\/wp-json\/wp\/v2\/product_tag?post=38938"},{"taxonomy":"woo-feed-brand","embeddable":true,"href":"https:\/\/cultivers.es\/de\/wp-json\/wp\/v2\/woo-feed-brand?post=38938"}],"curies":[{"name":"wp","href":"https:\/\/api.w.org\/{rel}","templated":true}]}}