{"id":38939,"date":"2024-10-11T12:38:11","date_gmt":"2024-10-11T12:38:11","guid":{"rendered":"https:\/\/cultivers.es\/abonos\/gruene-bohnensamen-helda-bio\/"},"modified":"2025-09-22T04:51:41","modified_gmt":"2025-09-22T04:51:41","slug":"gruene-bohnensamen-helda-bio","status":"publish","type":"product","link":"https:\/\/cultivers.es\/de\/d\u00fcngemittel\/gruene-bohnensamen-helda-bio\/","title":{"rendered":"Helda Gr\u00fcne Bohnen-Samen"},"content":{"rendered":"","protected":false},"excerpt":{"rendered":"<p>Entdecken Sie Exzellenz in Ihrem Garten mit unseren Bio-Samen der Gr\u00fcnen Bohne Helda. Diese Sorte, die auch als flache Bohne bekannt ist, wird f\u00fcr ihren milden Geschmack, ihre zarte Textur und ihren hohen Ertrag gesch\u00e4tzt. Die Helda-Bohne eignet sich sowohl f\u00fcr den Frischverzehr als auch f\u00fcr die Konservierung, was sie zu einer vielseitigen Wahl f\u00fcr alle Arten von Rezepten macht.  <\/p>\n<ul>\n<li><strong>Lange, flache H\u00fclsen:<\/strong> Helda-Bohnen zeichnen sich durch ihre langen, flachen, fleischigen H\u00fclsen aus, die bis zu 20 cm lang werden k\u00f6nnen. Ihre zarte Textur macht sie perfekt zum D\u00e4mpfen, Kochen oder Sautieren. <\/li>\n<li><strong>Milder und zarter Geschmack:<\/strong> Diese Sorte hat einen milden und s\u00fc\u00dfen Geschmack, der sie zu einer idealen Beilage zu Salaten, Eint\u00f6pfen oder als Garnitur macht. Sie sind sowohl frisch als auch gekocht k\u00f6stlich. <\/li>\n<li><strong>Hohe Produktivit\u00e4t:<\/strong> Die Helda Gr\u00fcne Bohnenpflanze ist sehr produktiv, was reichliche und kontinuierliche Ernten w\u00e4hrend der gesamten Saison garantiert. Sie ist eine ausgezeichnete Wahl sowohl f\u00fcr gro\u00dfe als auch f\u00fcr kleine G\u00e4rten. <\/li>\n<li><strong>Einfacher Anbau:<\/strong> Diese Sorte ist widerstandsf\u00e4hig und einfach anzubauen und passt sich gut an eine Vielzahl von B\u00f6den und Klimazonen an. Ideal sowohl f\u00fcr Anf\u00e4nger als auch f\u00fcr erfahrene G\u00e4rtner. <\/li>\n<li><strong>Biologischer Anbau:<\/strong> Unser Saatgut ist zu 100% biologisch, was sicherstellt, dass Ihre Bohnen ohne den Einsatz von Pestiziden und Chemikalien wachsen und einen gesunden und nachhaltigen Anbau f\u00f6rdern.<\/li>\n<\/ul>\n<p>Genie\u00dfen Sie den milden Geschmack und die F\u00fclle der gr\u00fcnen Bohnen von Helda in Ihrem Bio-Garten. Diese Bohnen sind leicht anzubauen und eignen sich hervorragend f\u00fcr eine Vielzahl von Gerichten. Bestellen Sie noch heute und genie\u00dfen Sie diese nahrhafte und k\u00f6stliche Option in Ihrem Garten!  <\/p>\n","protected":false},"featured_media":35351,"comment_status":"open","ping_status":"closed","template":"","meta":{"_acf_changed":false},"product_brand":[],"product_cat":[757,419],"product_tag":[1580],"class_list":{"0":"post-38939","1":"product","2":"type-product","3":"status-publish","4":"has-post-thumbnail","6":"product_cat-bio-hulsenfrucht-samen","7":"product_cat-bio-saatgut","8":"product_tag-oko","10":"first","11":"instock","12":"taxable","13":"shipping-taxable","14":"purchasable","15":"product-type-simple"},"acf":[],"_links":{"self":[{"href":"https:\/\/cultivers.es\/de\/wp-json\/wp\/v2\/product\/38939","targetHints":{"allow":["GET"]}}],"collection":[{"href":"https:\/\/cultivers.es\/de\/wp-json\/wp\/v2\/product"}],"about":[{"href":"https:\/\/cultivers.es\/de\/wp-json\/wp\/v2\/types\/product"}],"replies":[{"embeddable":true,"href":"https:\/\/cultivers.es\/de\/wp-json\/wp\/v2\/comments?post=38939"}],"wp:featuredmedia":[{"embeddable":true,"href":"https:\/\/cultivers.es\/de\/wp-json\/wp\/v2\/media\/35351"}],"wp:attachment":[{"href":"https:\/\/cultivers.es\/de\/wp-json\/wp\/v2\/media?parent=38939"}],"wp:term":[{"taxonomy":"product_brand","embeddable":true,"href":"https:\/\/cultivers.es\/de\/wp-json\/wp\/v2\/product_brand?post=38939"},{"taxonomy":"product_cat","embeddable":true,"href":"https:\/\/cultivers.es\/de\/wp-json\/wp\/v2\/product_cat?post=38939"},{"taxonomy":"product_tag","embeddable":true,"href":"https:\/\/cultivers.es\/de\/wp-json\/wp\/v2\/product_tag?post=38939"}],"curies":[{"name":"wp","href":"https:\/\/api.w.org\/{rel}","templated":true}]}}