{"id":38960,"date":"2024-10-14T07:07:10","date_gmt":"2024-10-14T07:07:10","guid":{"rendered":"https:\/\/cultivers.es\/abonos\/demeter-bio-erbsensamen\/"},"modified":"2025-09-22T05:46:45","modified_gmt":"2025-09-22T05:46:45","slug":"demeter-bio-erbsensamen","status":"publish","type":"product","link":"https:\/\/cultivers.es\/de\/d\u00fcngemittel\/demeter-bio-erbsensamen\/","title":{"rendered":"Erbsensamen Biodynamische Erbsensamen Demeter"},"content":{"rendered":"","protected":false},"excerpt":{"rendered":"<p>Bringen Sie Sch\u00f6nheit und Duft in Ihren Garten mit unseren Demeter Samen Bio-Platterbse. Diese Kletterpflanze, die f\u00fcr ihre farbenpr\u00e4chtigen Bl\u00fcten und ihren berauschenden Duft bekannt ist, eignet sich ideal zur Versch\u00f6nerung von Pergolen, Z\u00e4unen oder Mauern. Die Zuckererbse bringt nicht nur Farbe und Leben in Ihren Garten, sondern zieht auch Best\u00e4uber wie Bienen und Schmetterlinge an und tr\u00e4gt so zum Erhalt der Artenvielfalt in Ihrem Garten bei. Mit der Demeter-Zertifizierung k\u00f6nnen Sie sicher sein, dass Sie auf umweltfreundliche und \u00f6kologische Weise anbauen.   <\/p>\n<ul>\n<li><strong>Farbenfrohe und duftende Bl\u00fcten:<\/strong> Die Platterbse produziert eine Explosion von Bl\u00fcten in einer Vielzahl von Farben, von Violett, Rosa und Wei\u00df bis hin zu Blau, alle mit einem s\u00fc\u00dfen, zarten Duft, der Ihren Garten mit Wohlgeruch erf\u00fcllt.<\/li>\n<li><strong>Ornamentale Kletterpflanze:<\/strong> Diese Pflanze eignet sich perfekt zum Abdecken von Pergolen, Spalieren, Z\u00e4unen oder Mauern und bildet einen nat\u00fcrlichen Schirm aus Farbe und Duft. Ihr schnelles Wachstum macht sie zu einer idealen Wahl f\u00fcr die Versch\u00f6nerung jedes Raums. <\/li>\n<li><strong>Anziehungskraft f\u00fcr Best\u00e4uber:<\/strong> Die Platterbse ist eine ausgezeichnete Pflanze, um Best\u00e4uber wie Bienen und Schmetterlinge anzulocken, was die Artenvielfalt f\u00f6rdert und die Best\u00e4ubung anderer Pflanzen in Ihrem Garten verbessert.<\/li>\n<li><strong>Einfacher Anbau:<\/strong> Diese Sorte ist winterhart und passt sich gut an verschiedene Bodenarten und Klimazonen an. Sie ist pflegeleicht, so dass sie sowohl f\u00fcr Anf\u00e4nger als auch f\u00fcr erfahrene G\u00e4rtner geeignet ist. <\/li>\n<li><strong>Demeter-Zertifizierung:<\/strong> Unser Saatgut ist Demeter-zertifiziert, was garantiert, dass es nach den Grunds\u00e4tzen der biologisch-dynamischen Landwirtschaft angebaut wurde und ein nat\u00fcrliches und nachhaltiges Gleichgewicht im \u00d6kosystem f\u00f6rdert.<\/li>\n<li><strong>Biologischer Anbau:<\/strong> Erbsensamen sind 100% biologisch, frei von Pestiziden und Chemikalien, was eine gesunde und umweltfreundliche Ernte gew\u00e4hrleistet.<\/li>\n<\/ul>\n<p>Bringen Sie Farbe, Duft und Leben in Ihren Garten mit Demeter Bio-Samen f\u00fcr Zuckererbsen. Erfreuen Sie sich an ihren leuchtenden Bl\u00fcten und ihrem s\u00fc\u00dfen Duft, w\u00e4hrend Sie gleichzeitig die Artenvielfalt f\u00f6rdern und nachhaltig anbauen. Bestellen Sie noch heute und verwandeln Sie Ihren Garten in ein Paradies aus Farbe und nat\u00fcrlichem Duft!  <\/p>\n","protected":false},"featured_media":35497,"comment_status":"open","ping_status":"closed","template":"","meta":{"_acf_changed":false},"product_brand":[],"product_cat":[419,1304],"product_tag":[1384],"class_list":{"0":"post-38960","1":"product","2":"type-product","3":"status-publish","4":"has-post-thumbnail","6":"product_cat-bio-saatgut","7":"product_cat-demeter-samen","8":"product_tag-demeter-de","10":"first","11":"instock","12":"taxable","13":"shipping-taxable","14":"purchasable","15":"product-type-simple"},"acf":[],"_links":{"self":[{"href":"https:\/\/cultivers.es\/de\/wp-json\/wp\/v2\/product\/38960","targetHints":{"allow":["GET"]}}],"collection":[{"href":"https:\/\/cultivers.es\/de\/wp-json\/wp\/v2\/product"}],"about":[{"href":"https:\/\/cultivers.es\/de\/wp-json\/wp\/v2\/types\/product"}],"replies":[{"embeddable":true,"href":"https:\/\/cultivers.es\/de\/wp-json\/wp\/v2\/comments?post=38960"}],"wp:featuredmedia":[{"embeddable":true,"href":"https:\/\/cultivers.es\/de\/wp-json\/wp\/v2\/media\/35497"}],"wp:attachment":[{"href":"https:\/\/cultivers.es\/de\/wp-json\/wp\/v2\/media?parent=38960"}],"wp:term":[{"taxonomy":"product_brand","embeddable":true,"href":"https:\/\/cultivers.es\/de\/wp-json\/wp\/v2\/product_brand?post=38960"},{"taxonomy":"product_cat","embeddable":true,"href":"https:\/\/cultivers.es\/de\/wp-json\/wp\/v2\/product_cat?post=38960"},{"taxonomy":"product_tag","embeddable":true,"href":"https:\/\/cultivers.es\/de\/wp-json\/wp\/v2\/product_tag?post=38960"}],"curies":[{"name":"wp","href":"https:\/\/api.w.org\/{rel}","templated":true}]}}