{"id":38969,"date":"2024-10-14T07:21:36","date_gmt":"2024-10-14T07:21:36","guid":{"rendered":"https:\/\/cultivers.es\/abonos\/feldsalatsamen-grote-noordhollandse-bio-demeter\/"},"modified":"2025-09-22T04:51:51","modified_gmt":"2025-09-22T04:51:51","slug":"feldsalatsamen-grote-noordhollandse-bio-demeter","status":"publish","type":"product","link":"https:\/\/cultivers.es\/de\/d\u00fcngemittel\/feldsalatsamen-grote-noordhollandse-bio-demeter\/","title":{"rendered":"Feldsalat Samen Grote Noordhollandse Biodynamisch Demeter"},"content":{"rendered":"","protected":false},"excerpt":{"rendered":"<p>Z\u00fcchten Sie eines der nahrhaftesten und pflegeleichtesten Gem\u00fcsesorten mit unseren Demeter Bio-Samen Grote Noordhollandse Feldsalat. Diese Sorte von Feldsalat zeichnet sich durch seine zarten, gr\u00fcnen Bl\u00e4tter und seinen milden Geschmack aus, ideal f\u00fcr frische, leichte Salate. Feldsalat ist reich an Vitaminen und Mineralstoffen und damit eine ausgezeichnete Wahl f\u00fcr eine ausgewogene Ern\u00e4hrung. Mit der Demeter-Zertifizierung wirtschaften Sie nachhaltig und umweltfreundlich nach den Grunds\u00e4tzen der biologisch-dynamischen Landwirtschaft.   <\/p>\n<ul>\n<li><strong>Zarte gr\u00fcne Bl\u00e4tter:<\/strong> Der Grote Noordhollandse Feldsalat produziert kleine, gr\u00fcne, zarte Bl\u00e4tter, die sich perfekt f\u00fcr frische Salate eignen und eine weiche Textur und einen delikaten Geschmack aufweisen.<\/li>\n<li><strong>Milder Geschmack:<\/strong> Diese Sorte ist f\u00fcr ihren leichten und milden Geschmack bekannt, der sie zu einer ausgezeichneten Wahl f\u00fcr Salate oder als Beilage macht, da sie andere Zutaten perfekt erg\u00e4nzt, ohne die Aromen zu \u00fcberlagern.<\/li>\n<li><strong>Einfacher Anbau:<\/strong> Feldsalat ist eine robuste und einfach anzubauende Pflanze, die sich gut an verschiedene Bodenarten und Klimazonen anpasst. Er ist ideal f\u00fcr G\u00e4rten im Freien und f\u00fcr den Anbau in T\u00f6pfen auf Balkonen oder Terrassen. <\/li>\n<li><strong>Reich an N\u00e4hrstoffen:<\/strong> Feldsalat ist eine ausgezeichnete Quelle f\u00fcr die Vitamine A, C und E sowie f\u00fcr Eisen und andere wichtige Mineralien, was ihn zu einem idealen Superfood f\u00fcr Ihre Ern\u00e4hrung macht.<\/li>\n<li><strong>Demeter-Zertifizierung:<\/strong> Die Samen des Grote Noordhollandse Feldsalats sind Demeter-zertifiziert, was garantiert, dass sie nach den Grunds\u00e4tzen der biologisch-dynamischen Landwirtschaft angebaut wurden und die nat\u00fcrlichen Zyklen und das Gleichgewicht des Bodens respektieren.<\/li>\n<li><strong>Biologischer Anbau:<\/strong> Unser Saatgut ist zu 100% biologisch und garantiert eine Ernte ohne Pestizide und chemische D\u00fcngemittel, was eine gesunde und umweltfreundliche Ernte gew\u00e4hrleistet.<\/li>\n<\/ul>\n<p>Bringen Sie Frische und N\u00e4hrstoffe in Ihren Garten mit den Demeter Bio-Samen Grote Noordhollandse Feldsalat. Genie\u00dfen Sie reiche, gesunde und nachhaltig angebaute Ernten - bestellen Sie noch heute und genie\u00dfen Sie dieses k\u00f6stliche Gem\u00fcse in Ihren frischen, gesunden Salaten!  <\/p>\n","protected":false},"featured_media":35512,"comment_status":"open","ping_status":"closed","template":"","meta":{"_acf_changed":false},"product_brand":[],"product_cat":[419,1304],"product_tag":[1384],"class_list":{"0":"post-38969","1":"product","2":"type-product","3":"status-publish","4":"has-post-thumbnail","6":"product_cat-bio-saatgut","7":"product_cat-demeter-samen","8":"product_tag-demeter-de","10":"first","11":"instock","12":"taxable","13":"shipping-taxable","14":"purchasable","15":"product-type-simple"},"acf":[],"_links":{"self":[{"href":"https:\/\/cultivers.es\/de\/wp-json\/wp\/v2\/product\/38969","targetHints":{"allow":["GET"]}}],"collection":[{"href":"https:\/\/cultivers.es\/de\/wp-json\/wp\/v2\/product"}],"about":[{"href":"https:\/\/cultivers.es\/de\/wp-json\/wp\/v2\/types\/product"}],"replies":[{"embeddable":true,"href":"https:\/\/cultivers.es\/de\/wp-json\/wp\/v2\/comments?post=38969"}],"wp:featuredmedia":[{"embeddable":true,"href":"https:\/\/cultivers.es\/de\/wp-json\/wp\/v2\/media\/35512"}],"wp:attachment":[{"href":"https:\/\/cultivers.es\/de\/wp-json\/wp\/v2\/media?parent=38969"}],"wp:term":[{"taxonomy":"product_brand","embeddable":true,"href":"https:\/\/cultivers.es\/de\/wp-json\/wp\/v2\/product_brand?post=38969"},{"taxonomy":"product_cat","embeddable":true,"href":"https:\/\/cultivers.es\/de\/wp-json\/wp\/v2\/product_cat?post=38969"},{"taxonomy":"product_tag","embeddable":true,"href":"https:\/\/cultivers.es\/de\/wp-json\/wp\/v2\/product_tag?post=38969"}],"curies":[{"name":"wp","href":"https:\/\/api.w.org\/{rel}","templated":true}]}}