{"id":38970,"date":"2024-10-14T07:16:09","date_gmt":"2024-10-14T07:16:09","guid":{"rendered":"https:\/\/cultivers.es\/abonos\/la-brillante-bio-salat-samen-demeter\/"},"modified":"2025-09-22T04:51:43","modified_gmt":"2025-09-22T04:51:43","slug":"la-brillante-bio-salat-samen-demeter","status":"publish","type":"product","link":"https:\/\/cultivers.es\/de\/d\u00fcngemittel\/la-brillante-bio-salat-samen-demeter\/","title":{"rendered":"La Brillante Biodynamischer Demeter-Salat Samen"},"content":{"rendered":"","protected":false},"excerpt":{"rendered":"<p>Bringen Sie Frische und Knackigkeit in Ihre Gerichte mit unseren Demeter Bio-Salatsamen La Brillante. Diese Sorte zeichnet sich durch ihre leuchtend gr\u00fcnen Bl\u00e4tter und ihre kompakte Struktur aus, was sie zu einer perfekten Wahl f\u00fcr frische und gesunde Salate macht. Sein milder, leicht s\u00fc\u00dflicher Geschmack ist ideal, um jedes Gericht zu erg\u00e4nzen. Mit der Demeter-Zertifizierung k\u00f6nnen Sie sicher sein, dass Sie einen biologischen und umweltfreundlichen Salat anbauen, der den Prinzipien der biodynamischen Landwirtschaft folgt.   <\/p>\n<ul>\n<li><strong>Gl\u00e4nzende und knackige Bl\u00e4tter:<\/strong> Der La Brillante Salat hat tiefgr\u00fcne Bl\u00e4tter mit einer knackigen Textur und einem milden Geschmack, was ihn zu einem perfekten Salat f\u00fcr frische Salate, Wraps oder als Beilage macht.<\/li>\n<li><strong>Einfacher Anbau:<\/strong> Diese Sorte ist winterhart und passt sich gut an unterschiedliche Klima- und Bodenbedingungen an. Sie ist sowohl f\u00fcr Anf\u00e4nger als auch f\u00fcr erfahrene G\u00e4rtner geeignet und bietet kontinuierliche und reiche Ernten. <\/li>\n<li><strong>Verl\u00e4ngerte Erntezeit:<\/strong> Der La Brillante Salat erm\u00f6glicht eine verl\u00e4ngerte Erntezeit w\u00e4hrend der gesamten Vegetationsperiode und kann Blatt f\u00fcr Blatt geerntet werden, damit Sie immer frische Bl\u00e4tter zur Hand haben.<\/li>\n<li><strong>Demeter-Zertifizierung:<\/strong> Dieses Saatgut ist Demeter-zertifiziert, was gew\u00e4hrleistet, dass es nach den Prinzipien der biologisch-dynamischen Landwirtschaft angebaut wurde, die das nat\u00fcrliche Gleichgewicht des \u00d6kosystems respektiert und die Gesundheit des Bodens f\u00f6rdert.<\/li>\n<li><strong>Biologischer Anbau:<\/strong> Unser Saatgut ist zu 100% biologisch und frei von Pestiziden und Chemikalien, was eine gesunde und nachhaltige Ernte f\u00fcr Sie und die Umwelt garantiert.<\/li>\n<\/ul>\n<p>F\u00fcllen Sie Ihren Garten mit Frische und Knackigkeit mit unseren Demeter Bio-Salatsamen La Brillante. Genie\u00dfen Sie eine kontinuierliche Ernte von frischem, gesundem Salat, der umweltfreundlich und umweltschonend angebaut wird - bestellen Sie noch heute und genie\u00dfen Sie die Frische und den Geschmack dieses k\u00f6stlichen Salats in Ihrem Garten!  <\/p>\n","protected":false},"featured_media":50069,"comment_status":"open","ping_status":"closed","template":"","meta":{"_acf_changed":false},"product_brand":[],"product_cat":[419,1304],"product_tag":[1384],"class_list":{"0":"post-38970","1":"product","2":"type-product","3":"status-publish","4":"has-post-thumbnail","6":"product_cat-bio-saatgut","7":"product_cat-demeter-samen","8":"product_tag-demeter-de","10":"first","11":"instock","12":"taxable","13":"shipping-taxable","14":"purchasable","15":"product-type-simple"},"acf":[],"_links":{"self":[{"href":"https:\/\/cultivers.es\/de\/wp-json\/wp\/v2\/product\/38970","targetHints":{"allow":["GET"]}}],"collection":[{"href":"https:\/\/cultivers.es\/de\/wp-json\/wp\/v2\/product"}],"about":[{"href":"https:\/\/cultivers.es\/de\/wp-json\/wp\/v2\/types\/product"}],"replies":[{"embeddable":true,"href":"https:\/\/cultivers.es\/de\/wp-json\/wp\/v2\/comments?post=38970"}],"wp:featuredmedia":[{"embeddable":true,"href":"https:\/\/cultivers.es\/de\/wp-json\/wp\/v2\/media\/50069"}],"wp:attachment":[{"href":"https:\/\/cultivers.es\/de\/wp-json\/wp\/v2\/media?parent=38970"}],"wp:term":[{"taxonomy":"product_brand","embeddable":true,"href":"https:\/\/cultivers.es\/de\/wp-json\/wp\/v2\/product_brand?post=38970"},{"taxonomy":"product_cat","embeddable":true,"href":"https:\/\/cultivers.es\/de\/wp-json\/wp\/v2\/product_cat?post=38970"},{"taxonomy":"product_tag","embeddable":true,"href":"https:\/\/cultivers.es\/de\/wp-json\/wp\/v2\/product_tag?post=38970"}],"curies":[{"name":"wp","href":"https:\/\/api.w.org\/{rel}","templated":true}]}}