{"id":38977,"date":"2024-10-14T07:27:07","date_gmt":"2024-10-14T07:27:07","guid":{"rendered":"https:\/\/cultivers.es\/abonos\/kornblumensamen-demeter-oekologisch-gemischte-farben\/"},"modified":"2026-03-14T10:05:58","modified_gmt":"2026-03-14T10:05:58","slug":"kornblumensamen-demeter-oekologisch-gemischte-farben","status":"publish","type":"product","link":"https:\/\/cultivers.es\/de\/d\u00fcngemittel\/kornblumensamen-demeter-oekologisch-gemischte-farben\/","title":{"rendered":"Kornblumensamen Farbmix Eco Demeter"},"content":{"rendered":"","protected":false},"excerpt":{"rendered":"<p>Versch\u00f6nern Sie Ihren Garten mit unseren Demeter Bio-Kornblumen Samen in verschiedenen Farben. Diese einj\u00e4hrige Pflanze ist bekannt f\u00fcr ihre wundersch\u00f6nen Bl\u00fcten in Blau-, Rosa-, Wei\u00df- und Violettt\u00f6nen, die nicht nur Leben und Farbe in Ihren Garten bringen, sondern auch Best\u00e4uber wie Bienen und Schmetterlinge anziehen und so die Artenvielfalt in Ihrem Garten erh\u00f6hen. Mit der Demeter-Zertifizierung k\u00f6nnen Sie sicher sein, dass Sie nachhaltig und im Einklang mit der Natur anbauen.  <\/p>\n<ul>\n<li><strong>Farbenfrohe Bl\u00fcten:<\/strong> Diese Kornblume bl\u00fcht in einer breiten Palette von Farben, von klassischem Blau bis hin zu Rosa-, Wei\u00df- und Violett-T\u00f6nen. Diese farbenfrohen Blumen sind perfekt, um jede Ecke Ihres Gartens zu versch\u00f6nern. <\/li>\n<li><strong>Anziehungskraft auf Best\u00e4uber:<\/strong> Kornblumen sind daf\u00fcr bekannt, dass sie Bienen, Schmetterlinge und andere n\u00fctzliche Insekten anlocken, was die Best\u00e4ubung und die allgemeine Gesundheit Ihres Gartens f\u00f6rdert und auch die Leistung anderer Pflanzen verbessert.<\/li>\n<li><strong>Einfacher Anbau:<\/strong> Die Kornblume ist eine robuste Pflanze, die sich gut an verschiedene Bodenarten und klimatische Bedingungen anpasst. Sie eignet sich sowohl f\u00fcr Anf\u00e4nger als auch f\u00fcr erfahrene G\u00e4rtner und w\u00e4chst problemlos in Rabatten oder Beeten. <\/li>\n<li><strong>Verwendung als Zierpflanze und in der Medizin:<\/strong> Neben ihrer Verwendung als Zierpflanze wird die Kornblume traditionell in der Kr\u00e4utermedizin wegen ihrer entz\u00fcndungshemmenden und beruhigenden Eigenschaften verwendet, was ihren Anbau noch wertvoller macht.<\/li>\n<li><strong>Demeter-Zertifizierung:<\/strong> Dieses Saatgut ist von Demeter zertifiziert, was garantiert, dass es nach den Grunds\u00e4tzen der biologisch-dynamischen Landwirtschaft angebaut wurde und das nat\u00fcrliche Gleichgewicht des \u00d6kosystems und des Bodens respektiert.<\/li>\n<li><strong>Biologischer Anbau:<\/strong> Unsere Kornblumensamen sind zu 100% biologisch, frei von Pestiziden und Chemikalien und sorgen f\u00fcr einen gesunden und umweltfreundlichen Garten.<\/li>\n<\/ul>\n<p>F\u00fcllen Sie Ihren Garten mit Farbe, Leben und Artenvielfalt mit den Demeter Bio-Kornblumen Mixed Colours. Ziehen Sie Best\u00e4uber an und erfreuen Sie sich an der Sch\u00f6nheit dieser Blumen, w\u00e4hrend Sie gleichzeitig nachhaltig wachsen - bestellen Sie noch heute und verwandeln Sie Ihren Garten in ein Paradies voller leuchtender Farben!  <\/p>\n","protected":false},"featured_media":35520,"comment_status":"open","ping_status":"closed","template":"","meta":{"_acf_changed":false},"product_brand":[],"product_cat":[419,1304],"product_tag":[1384],"class_list":{"0":"post-38977","1":"product","2":"type-product","3":"status-publish","4":"has-post-thumbnail","6":"product_cat-bio-saatgut","7":"product_cat-demeter-samen","8":"product_tag-demeter-de","10":"first","11":"outofstock","12":"taxable","13":"shipping-taxable","14":"purchasable","15":"product-type-simple"},"acf":[],"_links":{"self":[{"href":"https:\/\/cultivers.es\/de\/wp-json\/wp\/v2\/product\/38977","targetHints":{"allow":["GET"]}}],"collection":[{"href":"https:\/\/cultivers.es\/de\/wp-json\/wp\/v2\/product"}],"about":[{"href":"https:\/\/cultivers.es\/de\/wp-json\/wp\/v2\/types\/product"}],"replies":[{"embeddable":true,"href":"https:\/\/cultivers.es\/de\/wp-json\/wp\/v2\/comments?post=38977"}],"wp:featuredmedia":[{"embeddable":true,"href":"https:\/\/cultivers.es\/de\/wp-json\/wp\/v2\/media\/35520"}],"wp:attachment":[{"href":"https:\/\/cultivers.es\/de\/wp-json\/wp\/v2\/media?parent=38977"}],"wp:term":[{"taxonomy":"product_brand","embeddable":true,"href":"https:\/\/cultivers.es\/de\/wp-json\/wp\/v2\/product_brand?post=38977"},{"taxonomy":"product_cat","embeddable":true,"href":"https:\/\/cultivers.es\/de\/wp-json\/wp\/v2\/product_cat?post=38977"},{"taxonomy":"product_tag","embeddable":true,"href":"https:\/\/cultivers.es\/de\/wp-json\/wp\/v2\/product_tag?post=38977"}],"curies":[{"name":"wp","href":"https:\/\/api.w.org\/{rel}","templated":true}]}}