{"id":38983,"date":"2024-10-14T08:28:54","date_gmt":"2024-10-14T08:28:54","guid":{"rendered":"https:\/\/cultivers.es\/abonos\/demeter-schwarze-sesamkoerner\/"},"modified":"2026-03-14T10:04:58","modified_gmt":"2026-03-14T10:04:58","slug":"demeter-schwarze-sesamkoerner","status":"publish","type":"product","link":"https:\/\/cultivers.es\/de\/d\u00fcngemittel\/demeter-schwarze-sesamkoerner\/","title":{"rendered":"Biodynamischer Schwarzer Sesam Eco Demeter"},"content":{"rendered":"","protected":false},"excerpt":{"rendered":"<p>Entdecken Sie die ern\u00e4hrungsphysiologische Kraft des Schwarzen Sesams mit unseren Demeter Bio-Sesamk\u00f6rnern. Dieses kleine, aber m\u00e4chtige Superfood wird f\u00fcr seinen unverwechselbaren Geschmack sowie seinen hohen Gehalt an Mineralstoffen und Antioxidantien gesch\u00e4tzt. Perfekt, um Salaten, Broten, asiatischen Gerichten oder Desserts eine exotische Note zu verleihen. Mit der Demeter-Zertifizierung garantieren unsere Samen einen biologischen und nachhaltigen Anbau, der die Gesundheit des Bodens und das nat\u00fcrliche Gleichgewicht des \u00d6kosystems respektiert.   <\/p>\n<ul>\n<li><strong>Intensiver und nahrhafter Geschmack:<\/strong> Schwarze Sesamsamen haben im Vergleich zu wei\u00dfem Sesam einen intensiveren und leicht nussigen Geschmack. Sie sind ideal zum Verfeinern einer Vielzahl von Gerichten, sowohl s\u00fc\u00df als auch herzhaft. <\/li>\n<li><strong>Hoher N\u00e4hrwert:<\/strong> Schwarzer Sesam ist reich an Kalzium, Magnesium, Zink und Eisen und ist au\u00dferdem eine ausgezeichnete Quelle f\u00fcr Antioxidantien und gesunde Fetts\u00e4uren. Der Verzehr dieser Samen bietet wichtige Vorteile f\u00fcr die Gesundheit der Knochen, des Herz-Kreislauf-Systems und der Verdauung. <\/li>\n<li><strong>Vielseitig in der K\u00fcche:<\/strong> Sie k\u00f6nnen diese Samen \u00fcber Salate, Reisgerichte, Brote, Sushi streuen oder sie sogar bei der Zubereitung von Desserts verwenden. Ihre dunkle Farbe und ihr ausgepr\u00e4gtes Aroma verleihen jedem Gericht eine einzigartige \u00c4sthetik und einen einzigartigen Geschmack. <\/li>\n<li><strong>Einfacher Anbau:<\/strong> Obwohl weniger verbreitet, ist Sesam eine widerstandsf\u00e4hige und einfach anzubauende Pflanze, ideal f\u00fcr warme Klimazonen. Er ist perfekt f\u00fcr alle, die mit unkonventionellen Kulturen experimentieren und eine n\u00e4hrstoffreiche Ernte genie\u00dfen m\u00f6chten. <\/li>\n<li><strong>Demeter-Zertifizierung:<\/strong> Dieses Saatgut ist von Demeter zertifiziert, was garantiert, dass es nach den Grunds\u00e4tzen der biologisch-dynamischen Landwirtschaft angebaut wurde, die die nat\u00fcrlichen Kreisl\u00e4ufe des Bodens respektiert und ein ausgeglichenes \u00d6kosystem f\u00f6rdert.<\/li>\n<li><strong>Biologischer Anbau:<\/strong> Unser schwarzer Sesam wird zu 100% biologisch angebaut, frei von Pestiziden und chemischen D\u00fcngemitteln, um eine gesunde und umweltfreundliche Ernte zu gew\u00e4hrleisten.<\/li>\n<\/ul>\n<p>Verleihen Sie Ihrem Gem\u00fcsegarten eine exotische und nahrhafte Note mit unseren schwarzen Demeter Bio-Sesamk\u00f6rnern. Bauen Sie nachhaltig an und genie\u00dfen Sie alle Vorteile, die dieses Superfood in der K\u00fcche zu bieten hat - bestellen Sie noch heute und ernten Sie Gesundheit und Geschmack aus Ihrem eigenen Garten!  <\/p>\n","protected":false},"featured_media":35543,"comment_status":"open","ping_status":"closed","template":"","meta":{"_acf_changed":false},"product_brand":[],"product_cat":[419,1304],"product_tag":[1384],"class_list":{"0":"post-38983","1":"product","2":"type-product","3":"status-publish","4":"has-post-thumbnail","6":"product_cat-bio-saatgut","7":"product_cat-demeter-samen","8":"product_tag-demeter-de","10":"first","11":"instock","12":"taxable","13":"shipping-taxable","14":"purchasable","15":"product-type-simple"},"acf":[],"_links":{"self":[{"href":"https:\/\/cultivers.es\/de\/wp-json\/wp\/v2\/product\/38983","targetHints":{"allow":["GET"]}}],"collection":[{"href":"https:\/\/cultivers.es\/de\/wp-json\/wp\/v2\/product"}],"about":[{"href":"https:\/\/cultivers.es\/de\/wp-json\/wp\/v2\/types\/product"}],"replies":[{"embeddable":true,"href":"https:\/\/cultivers.es\/de\/wp-json\/wp\/v2\/comments?post=38983"}],"wp:featuredmedia":[{"embeddable":true,"href":"https:\/\/cultivers.es\/de\/wp-json\/wp\/v2\/media\/35543"}],"wp:attachment":[{"href":"https:\/\/cultivers.es\/de\/wp-json\/wp\/v2\/media?parent=38983"}],"wp:term":[{"taxonomy":"product_brand","embeddable":true,"href":"https:\/\/cultivers.es\/de\/wp-json\/wp\/v2\/product_brand?post=38983"},{"taxonomy":"product_cat","embeddable":true,"href":"https:\/\/cultivers.es\/de\/wp-json\/wp\/v2\/product_cat?post=38983"},{"taxonomy":"product_tag","embeddable":true,"href":"https:\/\/cultivers.es\/de\/wp-json\/wp\/v2\/product_tag?post=38983"}],"curies":[{"name":"wp","href":"https:\/\/api.w.org\/{rel}","templated":true}]}}