{"id":38984,"date":"2024-10-14T08:21:30","date_gmt":"2024-10-14T08:21:30","guid":{"rendered":"https:\/\/cultivers.es\/abonos\/demeter-blume-tomatensamen\/"},"modified":"2026-03-14T10:06:22","modified_gmt":"2026-03-14T10:06:22","slug":"demeter-blume-tomatensamen","status":"publish","type":"product","link":"https:\/\/cultivers.es\/de\/d\u00fcngemittel\/demeter-blume-tomatensamen\/","title":{"rendered":"Biodynamische Blumentomatensamen Eco Demeter"},"content":{"rendered":"","protected":false},"excerpt":{"rendered":"<ul>\n<li><strong>Ausgewogener Geschmack:<\/strong> Die Floradade Tomate bietet einen k\u00f6stlichen Geschmack mit einem perfekten Gleichgewicht zwischen S\u00fc\u00dfe und S\u00e4ure, was sie zu einer ausgezeichneten Wahl f\u00fcr alle Arten von Gerichten macht, von frischen Salaten bis hin zu Pastasaucen.<\/li>\n<li><strong>Hitze- und trockenheitsresistent:<\/strong> Diese Sorte ist besonders f\u00fcr hei\u00dfe Klimazonen geeignet und widersteht gut der Trockenheit, so dass auch unter schwierigen Bedingungen eine erfolgreiche Ernte gew\u00e4hrleistet ist.<\/li>\n<li><strong>Mittelgro\u00dfe Fr\u00fcchte:<\/strong> Floradade-Tomaten sind mittelgro\u00df, leuchtend rot und haben ein fleischiges Fruchtfleisch, das sich ideal zum Schneiden, Kochen oder Frischverzehr eignet.<\/li>\n<li><strong>Einfacher Anbau:<\/strong> Diese Sorte ist winterhart und passt sich gut an eine Vielzahl von Boden- und Klimabedingungen an. Sie ist sowohl f\u00fcr Anf\u00e4nger als auch f\u00fcr erfahrene G\u00e4rtner ideal. <\/li>\n<li><strong>Demeter-Zertifizierung:<\/strong> Unser Saatgut ist Demeter-zertifiziert, was garantiert, dass es nach den Grunds\u00e4tzen der biologisch-dynamischen Landwirtschaft angebaut wurde, die die nat\u00fcrlichen Kreisl\u00e4ufe des Bodens respektiert und ein ausgeglichenes \u00d6kosystem f\u00f6rdert.<\/li>\n<li><strong>Biologischer Anbau:<\/strong> Floradade Tomatensamen sind zu 100% biologisch, frei von Pestiziden und chemischen D\u00fcngemitteln und garantieren eine gesunde und nachhaltige Ernte.<\/li>\n<\/ul>\n<p>Bringen Sie Geschmack, Frische und Widerstandsf\u00e4higkeit in Ihren Garten mit Demeter Bio Floradade Tomatensamen. Genie\u00dfen Sie saftige, schmackhafte Tomaten und bauen Sie sie umweltfreundlich an - bestellen Sie noch heute und genie\u00dfen Sie eine gesunde und k\u00f6stliche Ernte in Ihrem eigenen Garten!  <\/p>\n","protected":false},"featured_media":39167,"comment_status":"open","ping_status":"closed","template":"","meta":{"_acf_changed":false},"product_brand":[],"product_cat":[419,1304],"product_tag":[1384],"class_list":{"0":"post-38984","1":"product","2":"type-product","3":"status-publish","4":"has-post-thumbnail","6":"product_cat-bio-saatgut","7":"product_cat-demeter-samen","8":"product_tag-demeter-de","10":"first","11":"instock","12":"taxable","13":"shipping-taxable","14":"purchasable","15":"product-type-simple"},"acf":[],"_links":{"self":[{"href":"https:\/\/cultivers.es\/de\/wp-json\/wp\/v2\/product\/38984","targetHints":{"allow":["GET"]}}],"collection":[{"href":"https:\/\/cultivers.es\/de\/wp-json\/wp\/v2\/product"}],"about":[{"href":"https:\/\/cultivers.es\/de\/wp-json\/wp\/v2\/types\/product"}],"replies":[{"embeddable":true,"href":"https:\/\/cultivers.es\/de\/wp-json\/wp\/v2\/comments?post=38984"}],"wp:featuredmedia":[{"embeddable":true,"href":"https:\/\/cultivers.es\/de\/wp-json\/wp\/v2\/media\/39167"}],"wp:attachment":[{"href":"https:\/\/cultivers.es\/de\/wp-json\/wp\/v2\/media?parent=38984"}],"wp:term":[{"taxonomy":"product_brand","embeddable":true,"href":"https:\/\/cultivers.es\/de\/wp-json\/wp\/v2\/product_brand?post=38984"},{"taxonomy":"product_cat","embeddable":true,"href":"https:\/\/cultivers.es\/de\/wp-json\/wp\/v2\/product_cat?post=38984"},{"taxonomy":"product_tag","embeddable":true,"href":"https:\/\/cultivers.es\/de\/wp-json\/wp\/v2\/product_tag?post=38984"}],"curies":[{"name":"wp","href":"https:\/\/api.w.org\/{rel}","templated":true}]}}