{"id":38994,"date":"2024-10-14T08:58:15","date_gmt":"2024-10-14T08:58:15","guid":{"rendered":"https:\/\/cultivers.es\/abonos\/bio-piraten-salat-samen-demeter\/"},"modified":"2026-03-14T10:06:38","modified_gmt":"2026-03-14T10:06:38","slug":"bio-piraten-salat-samen-demeter","status":"publish","type":"product","link":"https:\/\/cultivers.es\/de\/d\u00fcngemittel\/bio-piraten-salat-samen-demeter\/","title":{"rendered":"Biodynamischer Piratensalat Samen Eco Demeter"},"content":{"rendered":"","protected":false},"excerpt":{"rendered":"<p>Genie\u00dfen Sie die Frische und den Geschmack des Piraten-Salats mit unseren Demeter Bio-Samen. Diese Sorte wird f\u00fcr ihre knackigen Bl\u00e4tter und ihre unverwechselbare gr\u00fcne Farbe mit r\u00f6tlichen R\u00e4ndern gesch\u00e4tzt, was sie zu einer idealen Wahl f\u00fcr frische, gesunde Salate macht. Mit seinem milden, leicht s\u00fc\u00dfen Geschmack ist Piraten-Salat perfekt geeignet, um Ihren Gerichten einen Hauch von Farbe und Textur zu verleihen. Das von Demeter zertifizierte Saatgut garantiert einen Anbau im Einklang mit der Natur nach den Grunds\u00e4tzen der biodynamischen Landwirtschaft.   <\/p>\n<ul>\n<li><strong>Bunte und knackige Bl\u00e4tter:<\/strong> Piratensalat zeichnet sich durch seine leuchtend gr\u00fcnen Bl\u00e4tter mit roten R\u00e4ndern aus, die Ihren Salaten nicht nur einen optischen Reiz verleihen, sondern auch eine knackige Textur und einen milden Geschmack.<\/li>\n<li><strong>Milder und vielseitiger Geschmack:<\/strong> Diese Sorte bietet einen frischen und leicht s\u00fc\u00dfen Geschmack, der sich perfekt f\u00fcr die Kombination mit einer Vielzahl von Zutaten in Salaten oder als Grundlage f\u00fcr frische Gerichte eignet.<\/li>\n<li><strong>Widerstandsf\u00e4hig und einfach anzubauen:<\/strong> Piratensalat ist resistent gegen verschiedene klimatische Bedingungen und passt sich gut an eine Vielzahl von B\u00f6den an. Sein einfacher Anbau macht ihn zu einer ausgezeichneten Wahl sowohl f\u00fcr Anf\u00e4nger als auch f\u00fcr erfahrene G\u00e4rtner. <\/li>\n<li><strong>Verl\u00e4ngerte Ernte:<\/strong> Dieser Salat erm\u00f6glicht eine kontinuierliche Ernte w\u00e4hrend der gesamten Saison, da Sie die Bl\u00e4tter ernten k\u00f6nnen, w\u00e4hrend sie wachsen, und somit eine l\u00e4ngere Frische auf Ihrem Tisch garantieren.<\/li>\n<li><strong>Demeter-Zertifizierung:<\/strong> Das Saatgut von Pirat Salat ist Demeter-zertifiziert. Das bedeutet, dass es nach den Grunds\u00e4tzen der biologisch-dynamischen Landwirtschaft angebaut wurde und die Gesundheit des Bodens und des \u00d6kosystems f\u00f6rdert.<\/li>\n<li><strong>Biologischer Anbau:<\/strong> Unser Saatgut ist zu 100% biologisch, d.h. es ist frei von Pestiziden und Chemikalien, was eine gesunde und nachhaltige Ernte f\u00fcr Sie und die Umwelt garantiert.<\/li>\n<\/ul>\n<p>Bringen Sie Farbe, Frische und N\u00e4hrstoffe in Ihren Garten mit unseren Demeter Bio-Piratensalatsamen. Genie\u00dfen Sie eine reiche Ernte an knackigen und schmackhaften Bl\u00e4ttern, die auf umweltfreundliche Weise angebaut werden - bestellen Sie noch heute und genie\u00dfen Sie Piratensalat in Ihren frischen und gesunden Salaten!  <\/p>\n","protected":false},"featured_media":35551,"comment_status":"open","ping_status":"closed","template":"","meta":{"_acf_changed":false},"product_brand":[],"product_cat":[419,1304],"product_tag":[1384],"class_list":{"0":"post-38994","1":"product","2":"type-product","3":"status-publish","4":"has-post-thumbnail","6":"product_cat-bio-saatgut","7":"product_cat-demeter-samen","8":"product_tag-demeter-de","10":"first","11":"instock","12":"taxable","13":"shipping-taxable","14":"purchasable","15":"product-type-simple"},"acf":[],"_links":{"self":[{"href":"https:\/\/cultivers.es\/de\/wp-json\/wp\/v2\/product\/38994","targetHints":{"allow":["GET"]}}],"collection":[{"href":"https:\/\/cultivers.es\/de\/wp-json\/wp\/v2\/product"}],"about":[{"href":"https:\/\/cultivers.es\/de\/wp-json\/wp\/v2\/types\/product"}],"replies":[{"embeddable":true,"href":"https:\/\/cultivers.es\/de\/wp-json\/wp\/v2\/comments?post=38994"}],"wp:featuredmedia":[{"embeddable":true,"href":"https:\/\/cultivers.es\/de\/wp-json\/wp\/v2\/media\/35551"}],"wp:attachment":[{"href":"https:\/\/cultivers.es\/de\/wp-json\/wp\/v2\/media?parent=38994"}],"wp:term":[{"taxonomy":"product_brand","embeddable":true,"href":"https:\/\/cultivers.es\/de\/wp-json\/wp\/v2\/product_brand?post=38994"},{"taxonomy":"product_cat","embeddable":true,"href":"https:\/\/cultivers.es\/de\/wp-json\/wp\/v2\/product_cat?post=38994"},{"taxonomy":"product_tag","embeddable":true,"href":"https:\/\/cultivers.es\/de\/wp-json\/wp\/v2\/product_tag?post=38994"}],"curies":[{"name":"wp","href":"https:\/\/api.w.org\/{rel}","templated":true}]}}