{"id":39413,"date":"2023-11-24T14:23:48","date_gmt":"2023-11-24T14:23:48","guid":{"rendered":"https:\/\/cultivers.es\/abonos\/tablett-traeger\/"},"modified":"2025-09-22T04:46:39","modified_gmt":"2025-09-22T04:46:39","slug":"tablett-traeger","status":"publish","type":"product","link":"https:\/\/cultivers.es\/de\/d\u00fcngemittel\/tablett-traeger\/","title":{"rendered":"Tablett-Tr\u00e4ger"},"content":{"rendered":"","protected":false},"excerpt":{"rendered":"<p>Strapazierf\u00e4hige Setzlingstabletts werden zum Aufstellen von Setzlingstabletts, zum Auffangen von \u00fcbersch\u00fcssigem Wasser aus der Bew\u00e4sserung und zum Bew\u00e4ssern Ihrer Zimmerpflanzen verwendet:<\/p>\n<p>Sie dienen als St\u00fctze f\u00fcr die Schalen w\u00e4hrend des gesamten Keimungsprozesses oder f\u00fcr den sicheren Transport der Setzlingsschalen von einem Ort zum anderen.<\/p>\n<ul>\n<li>Robuste Tabletts<\/li>\n<li>Abmessungen f\u00fcr Saatbeete geeignet<\/li>\n<li>Hohe Haltbarkeit.<\/li>\n<\/ul>\n","protected":false},"featured_media":22441,"comment_status":"open","ping_status":"closed","template":"","meta":{"_acf_changed":false},"product_brand":[],"product_cat":[419,1295],"product_tag":[1580],"class_list":{"0":"post-39413","1":"product","2":"type-product","3":"status-publish","4":"has-post-thumbnail","6":"product_cat-bio-saatgut","7":"product_cat-schalen-und-saatbeete","8":"product_tag-oko","10":"first","11":"instock","12":"taxable","13":"shipping-taxable","14":"purchasable","15":"product-type-simple"},"acf":[],"_links":{"self":[{"href":"https:\/\/cultivers.es\/de\/wp-json\/wp\/v2\/product\/39413","targetHints":{"allow":["GET"]}}],"collection":[{"href":"https:\/\/cultivers.es\/de\/wp-json\/wp\/v2\/product"}],"about":[{"href":"https:\/\/cultivers.es\/de\/wp-json\/wp\/v2\/types\/product"}],"replies":[{"embeddable":true,"href":"https:\/\/cultivers.es\/de\/wp-json\/wp\/v2\/comments?post=39413"}],"wp:featuredmedia":[{"embeddable":true,"href":"https:\/\/cultivers.es\/de\/wp-json\/wp\/v2\/media\/22441"}],"wp:attachment":[{"href":"https:\/\/cultivers.es\/de\/wp-json\/wp\/v2\/media?parent=39413"}],"wp:term":[{"taxonomy":"product_brand","embeddable":true,"href":"https:\/\/cultivers.es\/de\/wp-json\/wp\/v2\/product_brand?post=39413"},{"taxonomy":"product_cat","embeddable":true,"href":"https:\/\/cultivers.es\/de\/wp-json\/wp\/v2\/product_cat?post=39413"},{"taxonomy":"product_tag","embeddable":true,"href":"https:\/\/cultivers.es\/de\/wp-json\/wp\/v2\/product_tag?post=39413"}],"curies":[{"name":"wp","href":"https:\/\/api.w.org\/{rel}","templated":true}]}}