{"id":39422,"date":"2023-10-27T11:29:09","date_gmt":"2023-10-27T11:29:09","guid":{"rendered":"https:\/\/cultivers.es\/abonos\/saatbeet-schale-fuer-die-keimung\/"},"modified":"2026-03-16T11:13:32","modified_gmt":"2026-03-16T11:13:32","slug":"saatbeet-schale-fuer-die-keimung","status":"publish","type":"product","link":"https:\/\/cultivers.es\/de\/d\u00fcngemittel\/saatbeet-schale-fuer-die-keimung\/","title":{"rendered":"Saatbeetschale f\u00fcr \u00d6ko-Keimung"},"content":{"rendered":"","protected":false},"excerpt":{"rendered":"<p>Starten Sie Samen f\u00fcr Ihren Garten oder Gem\u00fcsegarten mit unseren Keimschalen.<\/p>\n<ul>\n<li><strong>Einzelne F\u00e4cher.<\/strong><\/li>\n<li><strong>Optimiert f\u00fcr die Keimung.<\/strong><\/li>\n<li><strong>Langlebig und wiederverwendbar.<\/strong><\/li>\n<li><strong>Einfach zu benutzen.<\/strong><\/li>\n<li><strong>Perfekt f\u00fcr Variety Seeds.<\/strong><\/li>\n<\/ul>\n<p>&nbsp;<\/p>\n<p>&nbsp;<\/p>\n","protected":false},"featured_media":22447,"comment_status":"open","ping_status":"closed","template":"","meta":{"_acf_changed":false},"product_brand":[],"product_cat":[419,1295],"product_tag":[1580],"class_list":{"0":"post-39422","1":"product","2":"type-product","3":"status-publish","4":"has-post-thumbnail","6":"product_cat-bio-saatgut","7":"product_cat-schalen-und-saatbeete","8":"product_tag-oko","10":"first","11":"instock","12":"taxable","13":"shipping-taxable","14":"purchasable","15":"product-type-variable"},"acf":[],"_links":{"self":[{"href":"https:\/\/cultivers.es\/de\/wp-json\/wp\/v2\/product\/39422","targetHints":{"allow":["GET"]}}],"collection":[{"href":"https:\/\/cultivers.es\/de\/wp-json\/wp\/v2\/product"}],"about":[{"href":"https:\/\/cultivers.es\/de\/wp-json\/wp\/v2\/types\/product"}],"replies":[{"embeddable":true,"href":"https:\/\/cultivers.es\/de\/wp-json\/wp\/v2\/comments?post=39422"}],"wp:featuredmedia":[{"embeddable":true,"href":"https:\/\/cultivers.es\/de\/wp-json\/wp\/v2\/media\/22447"}],"wp:attachment":[{"href":"https:\/\/cultivers.es\/de\/wp-json\/wp\/v2\/media?parent=39422"}],"wp:term":[{"taxonomy":"product_brand","embeddable":true,"href":"https:\/\/cultivers.es\/de\/wp-json\/wp\/v2\/product_brand?post=39422"},{"taxonomy":"product_cat","embeddable":true,"href":"https:\/\/cultivers.es\/de\/wp-json\/wp\/v2\/product_cat?post=39422"},{"taxonomy":"product_tag","embeddable":true,"href":"https:\/\/cultivers.es\/de\/wp-json\/wp\/v2\/product_tag?post=39422"}],"curies":[{"name":"wp","href":"https:\/\/api.w.org\/{rel}","templated":true}]}}