{"id":39442,"date":"2023-12-05T09:22:20","date_gmt":"2023-12-05T09:22:20","guid":{"rendered":"https:\/\/cultivers.es\/abonos\/algensubstrat-universal-ecological\/"},"modified":"2023-12-05T09:22:20","modified_gmt":"2023-12-05T09:22:20","slug":"algensubstrat-universal-ecological","status":"publish","type":"product","link":"https:\/\/cultivers.es\/de\/d\u00fcngemittel\/algensubstrat-universal-ecological\/","title":{"rendered":"Algensubstrat Universal Ecological"},"content":{"rendered":"","protected":false},"excerpt":{"rendered":"<p>Unser mit Humus angereichertes, torffreies Universal-Seegras-Substrat wurde entwickelt, um eine n\u00e4hrstoffreiche und ausgewogene Umgebung f\u00fcr alle Arten von Pflanzen zu schaffen. Diese spezielle Formel bietet eine n\u00e4hrstoffreiche Basis, ideal f\u00fcr das gesunde und kr\u00e4ftige Wachstum Ihrer Pflanzen in T\u00f6pfen oder im Garten. <\/p>\n<ul>\n<li>N\u00e4hrendes Seegras.<\/li>\n<li>Humus zur Bodenverbesserung.<\/li>\n<li>Mobfrei.<\/li>\n<li>Feuchtigkeitsbindung Balance.<\/li>\n<li>Vielseitig einsetzbar.<\/li>\n<\/ul>\n<p>Kaufen Sie unser Universal-Substrat mit Algen und angereichert mit Humus und bieten Sie Ihren Pflanzen eine nat\u00fcrliche und vollst\u00e4ndige Basis f\u00fcr ihr Wachstum. Pflegen Sie Ihre Pflanzen mit einer umweltfreundlichen Wahl! <\/p>\n","protected":false},"featured_media":22856,"comment_status":"open","ping_status":"closed","template":"","meta":{"_acf_changed":false},"product_brand":[],"product_cat":[717],"product_tag":[],"woo-feed-brand":[],"class_list":{"0":"post-39442","1":"product","2":"type-product","3":"status-publish","4":"has-post-thumbnail","6":"product_cat-substrate-und-dekorative","8":"first","9":"outofstock","10":"taxable","11":"shipping-taxable","12":"purchasable","13":"product-type-variable"},"acf":[],"_links":{"self":[{"href":"https:\/\/cultivers.es\/de\/wp-json\/wp\/v2\/product\/39442","targetHints":{"allow":["GET"]}}],"collection":[{"href":"https:\/\/cultivers.es\/de\/wp-json\/wp\/v2\/product"}],"about":[{"href":"https:\/\/cultivers.es\/de\/wp-json\/wp\/v2\/types\/product"}],"replies":[{"embeddable":true,"href":"https:\/\/cultivers.es\/de\/wp-json\/wp\/v2\/comments?post=39442"}],"wp:featuredmedia":[{"embeddable":true,"href":"https:\/\/cultivers.es\/de\/wp-json\/wp\/v2\/media\/22856"}],"wp:attachment":[{"href":"https:\/\/cultivers.es\/de\/wp-json\/wp\/v2\/media?parent=39442"}],"wp:term":[{"taxonomy":"product_brand","embeddable":true,"href":"https:\/\/cultivers.es\/de\/wp-json\/wp\/v2\/product_brand?post=39442"},{"taxonomy":"product_cat","embeddable":true,"href":"https:\/\/cultivers.es\/de\/wp-json\/wp\/v2\/product_cat?post=39442"},{"taxonomy":"product_tag","embeddable":true,"href":"https:\/\/cultivers.es\/de\/wp-json\/wp\/v2\/product_tag?post=39442"},{"taxonomy":"woo-feed-brand","embeddable":true,"href":"https:\/\/cultivers.es\/de\/wp-json\/wp\/v2\/woo-feed-brand?post=39442"}],"curies":[{"name":"wp","href":"https:\/\/api.w.org\/{rel}","templated":true}]}}