{"id":39443,"date":"2023-12-05T09:53:48","date_gmt":"2023-12-05T09:53:48","guid":{"rendered":"https:\/\/cultivers.es\/abonos\/organisches-saatbeet-algensubstrat\/"},"modified":"2023-12-05T09:53:48","modified_gmt":"2023-12-05T09:53:48","slug":"organisches-saatbeet-algensubstrat","status":"publish","type":"product","link":"https:\/\/cultivers.es\/de\/d\u00fcngemittel\/organisches-saatbeet-algensubstrat\/","title":{"rendered":"Organisches Saatbeet Algensubstrat"},"content":{"rendered":"","protected":false},"excerpt":{"rendered":"<p>Unser Seegras-Saatbeet-Substrat ist eine torffreie Alternative zu Torf, um Ihren S\u00e4mlingen in der Anfangsphase eine optimale Umgebung zu bieten. Diese innovative Mischung besteht nicht aus Torf, sondern aus Meeresalgen, die mit Wurmkot angereichert sind und so eine nahrhafte Grundlage f\u00fcr ein gesundes Wachstum der Setzlinge bilden. <\/p>\n<ul>\n<li>Mobfrei.<\/li>\n<li>Kreislaufwirtschaft.<\/li>\n<li>Ausgewogene Feuchtigkeitsspeicherung.<\/li>\n<li>Por\u00f6se und bel\u00fcftete Struktur.<\/li>\n<li>Vielseitig einsetzbar.<\/li>\n<\/ul>\n<p>K\u00fcmmern Sie sich um Ihre Samen und den Planeten! Kaufen Sie unser Seegras-Saatbeet-Substrat und n\u00e4hren Sie Ihre Setzlinge auf nat\u00fcrlicher und nachhaltiger Basis. <\/p>\n","protected":false},"featured_media":22856,"comment_status":"open","ping_status":"closed","template":"","meta":{"_acf_changed":false},"product_brand":[],"product_cat":[717],"product_tag":[],"woo-feed-brand":[],"class_list":{"0":"post-39443","1":"product","2":"type-product","3":"status-publish","4":"has-post-thumbnail","6":"product_cat-substrate-und-dekorative","8":"first","9":"outofstock","10":"taxable","11":"shipping-taxable","12":"purchasable","13":"product-type-variable"},"acf":[],"_links":{"self":[{"href":"https:\/\/cultivers.es\/de\/wp-json\/wp\/v2\/product\/39443","targetHints":{"allow":["GET"]}}],"collection":[{"href":"https:\/\/cultivers.es\/de\/wp-json\/wp\/v2\/product"}],"about":[{"href":"https:\/\/cultivers.es\/de\/wp-json\/wp\/v2\/types\/product"}],"replies":[{"embeddable":true,"href":"https:\/\/cultivers.es\/de\/wp-json\/wp\/v2\/comments?post=39443"}],"wp:featuredmedia":[{"embeddable":true,"href":"https:\/\/cultivers.es\/de\/wp-json\/wp\/v2\/media\/22856"}],"wp:attachment":[{"href":"https:\/\/cultivers.es\/de\/wp-json\/wp\/v2\/media?parent=39443"}],"wp:term":[{"taxonomy":"product_brand","embeddable":true,"href":"https:\/\/cultivers.es\/de\/wp-json\/wp\/v2\/product_brand?post=39443"},{"taxonomy":"product_cat","embeddable":true,"href":"https:\/\/cultivers.es\/de\/wp-json\/wp\/v2\/product_cat?post=39443"},{"taxonomy":"product_tag","embeddable":true,"href":"https:\/\/cultivers.es\/de\/wp-json\/wp\/v2\/product_tag?post=39443"},{"taxonomy":"woo-feed-brand","embeddable":true,"href":"https:\/\/cultivers.es\/de\/wp-json\/wp\/v2\/woo-feed-brand?post=39443"}],"curies":[{"name":"wp","href":"https:\/\/api.w.org\/{rel}","templated":true}]}}