{"id":39478,"date":"2023-12-05T12:59:58","date_gmt":"2023-12-05T12:59:58","guid":{"rendered":"https:\/\/cultivers.es\/abonos\/kokosfasersubstrat\/"},"modified":"2025-09-22T04:46:25","modified_gmt":"2025-09-22T04:46:25","slug":"kokosfasersubstrat","status":"publish","type":"product","link":"https:\/\/cultivers.es\/de\/d\u00fcngemittel\/kokosfasersubstrat\/","title":{"rendered":"Kokosfasersubstrat"},"content":{"rendered":"","protected":false},"excerpt":{"rendered":"<p>Unser Kokosfasersubstrat ist eine innovative und nat\u00fcrliche Option f\u00fcr den Anbau Ihrer Pflanzen. Dieses aus Kokosnussschalen hergestellte Substrat bietet eine nahrhafte und por\u00f6se Basis, die eine gesunde Wurzelentwicklung f\u00f6rdert und sowohl das Wachstum als auch die Vitalit\u00e4t Ihrer Pflanzen verbessert. <\/p>\n<ul>\n<li>Nat\u00fcrlicher Ursprung.<\/li>\n<li>Por\u00f6se Struktur.<\/li>\n<li>Ausgewogene Feuchtigkeitsspeicherung.<\/li>\n<li>Reich an N\u00e4hrstoffen.<\/li>\n<li>Vielseitiger Einsatz.<\/li>\n<\/ul>\n<p>Kaufen Sie unser Kokosfasersubstrat, um Ihren Pflanzen ein nat\u00fcrliches Substrat zu geben, das der Erde hilft, mehr Feuchtigkeit zu speichern und flauschiger zu werden.<\/p>\n","protected":false},"featured_media":22902,"comment_status":"open","ping_status":"closed","template":"","meta":{"_acf_changed":false},"product_brand":[],"product_cat":[717,600],"product_tag":[],"class_list":{"0":"post-39478","1":"product","2":"type-product","3":"status-publish","4":"has-post-thumbnail","6":"product_cat-substrate-und-dekorative","7":"product_cat-zimmerpflanzen","9":"first","10":"instock","11":"taxable","12":"shipping-taxable","13":"purchasable","14":"product-type-variable"},"acf":[],"_links":{"self":[{"href":"https:\/\/cultivers.es\/de\/wp-json\/wp\/v2\/product\/39478","targetHints":{"allow":["GET"]}}],"collection":[{"href":"https:\/\/cultivers.es\/de\/wp-json\/wp\/v2\/product"}],"about":[{"href":"https:\/\/cultivers.es\/de\/wp-json\/wp\/v2\/types\/product"}],"replies":[{"embeddable":true,"href":"https:\/\/cultivers.es\/de\/wp-json\/wp\/v2\/comments?post=39478"}],"wp:featuredmedia":[{"embeddable":true,"href":"https:\/\/cultivers.es\/de\/wp-json\/wp\/v2\/media\/22902"}],"wp:attachment":[{"href":"https:\/\/cultivers.es\/de\/wp-json\/wp\/v2\/media?parent=39478"}],"wp:term":[{"taxonomy":"product_brand","embeddable":true,"href":"https:\/\/cultivers.es\/de\/wp-json\/wp\/v2\/product_brand?post=39478"},{"taxonomy":"product_cat","embeddable":true,"href":"https:\/\/cultivers.es\/de\/wp-json\/wp\/v2\/product_cat?post=39478"},{"taxonomy":"product_tag","embeddable":true,"href":"https:\/\/cultivers.es\/de\/wp-json\/wp\/v2\/product_tag?post=39478"}],"curies":[{"name":"wp","href":"https:\/\/api.w.org\/{rel}","templated":true}]}}