{"id":39479,"date":"2023-12-05T10:59:39","date_gmt":"2023-12-05T10:59:39","guid":{"rendered":"https:\/\/cultivers.es\/abonos\/bio-substrat\/"},"modified":"2026-02-15T11:08:28","modified_gmt":"2026-02-15T11:08:28","slug":"bio-substrat","status":"publish","type":"product","link":"https:\/\/cultivers.es\/de\/d\u00fcngemittel\/bio-substrat\/","title":{"rendered":"Bio-Substrat"},"content":{"rendered":"","protected":false},"excerpt":{"rendered":"<p>Unser Bio-Substrat ist eine nat\u00fcrliche und organische Mischung, die speziell entwickelt wurde, um eine optimale Umgebung f\u00fcr das Wachstum gesunder und kr\u00e4ftiger Pflanzen zu schaffen. Dieses aus nat\u00fcrlichen und chemiefreien Zutaten hergestellte Substrat bietet eine n\u00e4hrstoffreiche Grundlage, die das Wachstum unserer Pflanzen f\u00f6rdert. <\/p>\n<ul>\n<li>Organische Komposition<\/li>\n<li>Reich an N\u00e4hrstoffen<\/li>\n<li>Gute Feuchtigkeitsspeicherung<\/li>\n<li>Luftige Struktur<\/li>\n<li>Vielseitig einsetzbar<\/li>\n<\/ul>\n<p>Kaufen Sie unser Biosubstrat und versorgen Sie Ihre Pflanzen mit nat\u00fcrlichen N\u00e4hrstoffen f\u00fcr gesundes Wachstum.<\/p>\n","protected":false},"featured_media":22850,"comment_status":"open","ping_status":"closed","template":"","meta":{"_acf_changed":false},"product_brand":[],"product_cat":[717,600],"product_tag":[],"class_list":{"0":"post-39479","1":"product","2":"type-product","3":"status-publish","4":"has-post-thumbnail","6":"product_cat-substrate-und-dekorative","7":"product_cat-zimmerpflanzen","9":"first","10":"instock","11":"featured","12":"taxable","13":"shipping-taxable","14":"purchasable","15":"product-type-variable"},"acf":[],"_links":{"self":[{"href":"https:\/\/cultivers.es\/de\/wp-json\/wp\/v2\/product\/39479","targetHints":{"allow":["GET"]}}],"collection":[{"href":"https:\/\/cultivers.es\/de\/wp-json\/wp\/v2\/product"}],"about":[{"href":"https:\/\/cultivers.es\/de\/wp-json\/wp\/v2\/types\/product"}],"replies":[{"embeddable":true,"href":"https:\/\/cultivers.es\/de\/wp-json\/wp\/v2\/comments?post=39479"}],"wp:featuredmedia":[{"embeddable":true,"href":"https:\/\/cultivers.es\/de\/wp-json\/wp\/v2\/media\/22850"}],"wp:attachment":[{"href":"https:\/\/cultivers.es\/de\/wp-json\/wp\/v2\/media?parent=39479"}],"wp:term":[{"taxonomy":"product_brand","embeddable":true,"href":"https:\/\/cultivers.es\/de\/wp-json\/wp\/v2\/product_brand?post=39479"},{"taxonomy":"product_cat","embeddable":true,"href":"https:\/\/cultivers.es\/de\/wp-json\/wp\/v2\/product_cat?post=39479"},{"taxonomy":"product_tag","embeddable":true,"href":"https:\/\/cultivers.es\/de\/wp-json\/wp\/v2\/product_tag?post=39479"}],"curies":[{"name":"wp","href":"https:\/\/api.w.org\/{rel}","templated":true}]}}