{"id":39510,"date":"2023-12-07T07:45:35","date_gmt":"2023-12-07T07:45:35","guid":{"rendered":"https:\/\/cultivers.es\/abonos\/perlit\/"},"modified":"2025-09-22T04:46:22","modified_gmt":"2025-09-22T04:46:22","slug":"perlit","status":"publish","type":"product","link":"https:\/\/cultivers.es\/de\/d\u00fcngemittel\/perlit\/","title":{"rendered":"Perlit"},"content":{"rendered":"","protected":false},"excerpt":{"rendered":"<p>Perlite ist ein expandiertes vulkanisches Mineral, das zur Verbesserung der Bodenstruktur und zur Schaffung einer optimalen Umgebung f\u00fcr das Pflanzenwachstum verwendet wird. Seine leichte, por\u00f6se Textur hilft, den Boden zu bel\u00fcften, verbessert die Drainage und h\u00e4lt die Feuchtigkeit aufrecht, was f\u00fcr die Wurzelentwicklung und die Pflanzengesundheit von Vorteil ist. <\/p>\n<ul>\n<li>Bel\u00fcftung des Bodens.<\/li>\n<li>Feuchthalteverm\u00f6gen.<\/li>\n<li>Keimhilfe.<\/li>\n<li>Vielseitig einsetzbar.<\/li>\n<li>Sicher und ungiftig<\/li>\n<\/ul>\n<p>Bringen Sie Vitalit\u00e4t in Ihren Boden! Kaufen Sie jetzt unser Perlite und geben Sie Ihren Pflanzen die beste Grundlage f\u00fcr ihr Wachstum. <\/p>\n","protected":false},"featured_media":22838,"comment_status":"open","ping_status":"closed","template":"","meta":{"_acf_changed":false},"product_brand":[],"product_cat":[717,600],"product_tag":[],"class_list":{"0":"post-39510","1":"product","2":"type-product","3":"status-publish","4":"has-post-thumbnail","6":"product_cat-substrate-und-dekorative","7":"product_cat-zimmerpflanzen","9":"first","10":"instock","11":"taxable","12":"shipping-taxable","13":"purchasable","14":"product-type-variable","15":"has-default-attributes"},"acf":[],"_links":{"self":[{"href":"https:\/\/cultivers.es\/de\/wp-json\/wp\/v2\/product\/39510","targetHints":{"allow":["GET"]}}],"collection":[{"href":"https:\/\/cultivers.es\/de\/wp-json\/wp\/v2\/product"}],"about":[{"href":"https:\/\/cultivers.es\/de\/wp-json\/wp\/v2\/types\/product"}],"replies":[{"embeddable":true,"href":"https:\/\/cultivers.es\/de\/wp-json\/wp\/v2\/comments?post=39510"}],"wp:featuredmedia":[{"embeddable":true,"href":"https:\/\/cultivers.es\/de\/wp-json\/wp\/v2\/media\/22838"}],"wp:attachment":[{"href":"https:\/\/cultivers.es\/de\/wp-json\/wp\/v2\/media?parent=39510"}],"wp:term":[{"taxonomy":"product_brand","embeddable":true,"href":"https:\/\/cultivers.es\/de\/wp-json\/wp\/v2\/product_brand?post=39510"},{"taxonomy":"product_cat","embeddable":true,"href":"https:\/\/cultivers.es\/de\/wp-json\/wp\/v2\/product_cat?post=39510"},{"taxonomy":"product_tag","embeddable":true,"href":"https:\/\/cultivers.es\/de\/wp-json\/wp\/v2\/product_tag?post=39510"}],"curies":[{"name":"wp","href":"https:\/\/api.w.org\/{rel}","templated":true}]}}