{"id":39515,"date":"2023-12-07T07:59:25","date_gmt":"2023-12-07T07:59:25","guid":{"rendered":"https:\/\/cultivers.es\/abonos\/vermiculit\/"},"modified":"2025-09-22T04:46:03","modified_gmt":"2025-09-22T04:46:03","slug":"vermiculit","status":"publish","type":"product","link":"https:\/\/cultivers.es\/de\/d\u00fcngemittel\/vermiculit\/","title":{"rendered":"Vermiculit"},"content":{"rendered":"","protected":false},"excerpt":{"rendered":"<p>Vermiculit ist ein nat\u00fcrliches Mineral, das im Gartenbau weit verbreitet ist, da es die Bodenstruktur und die Wasser- und N\u00e4hrstoffspeicherung verbessert. Seine F\u00e4higkeit, Feuchtigkeit und N\u00e4hrstoffe zu speichern, kommt der Entwicklung der Pflanzen zugute, da es ein optimales Wachstumsumfeld bietet. Mit seiner leichten und por\u00f6sen Textur ist Vermiculit ein gro\u00dfartiger Verb\u00fcndeter bei der Suche nach einem ges\u00fcnderen Boden.  <\/p>\n<ul>\n<li>Wassereinlagerungen.<\/li>\n<li>Verbesserte Bel\u00fcftung.<\/li>\n<li>Erh\u00f6ht die Bodenfruchtbarkeit.<\/li>\n<li>Leicht und einfach zu benutzen.<\/li>\n<li>Geeignet f\u00fcr verschiedene Anwendungen.<\/li>\n<\/ul>\n<p>F\u00f6rdern Sie die Gesundheit Ihres Bodens und Ihrer Pflanzen! Kaufen Sie jetzt Vermiculite, um die Ern\u00e4hrung Ihrer Pflanzen zu verbessern und zu optimieren und ein gesundes Wachstum zu gew\u00e4hrleisten. <\/p>\n","protected":false},"featured_media":22844,"comment_status":"open","ping_status":"closed","template":"","meta":{"_acf_changed":false},"product_brand":[],"product_cat":[717,600],"product_tag":[],"class_list":{"0":"post-39515","1":"product","2":"type-product","3":"status-publish","4":"has-post-thumbnail","6":"product_cat-substrate-und-dekorative","7":"product_cat-zimmerpflanzen","9":"first","10":"instock","11":"taxable","12":"shipping-taxable","13":"purchasable","14":"product-type-variable"},"acf":[],"_links":{"self":[{"href":"https:\/\/cultivers.es\/de\/wp-json\/wp\/v2\/product\/39515","targetHints":{"allow":["GET"]}}],"collection":[{"href":"https:\/\/cultivers.es\/de\/wp-json\/wp\/v2\/product"}],"about":[{"href":"https:\/\/cultivers.es\/de\/wp-json\/wp\/v2\/types\/product"}],"replies":[{"embeddable":true,"href":"https:\/\/cultivers.es\/de\/wp-json\/wp\/v2\/comments?post=39515"}],"wp:featuredmedia":[{"embeddable":true,"href":"https:\/\/cultivers.es\/de\/wp-json\/wp\/v2\/media\/22844"}],"wp:attachment":[{"href":"https:\/\/cultivers.es\/de\/wp-json\/wp\/v2\/media?parent=39515"}],"wp:term":[{"taxonomy":"product_brand","embeddable":true,"href":"https:\/\/cultivers.es\/de\/wp-json\/wp\/v2\/product_brand?post=39515"},{"taxonomy":"product_cat","embeddable":true,"href":"https:\/\/cultivers.es\/de\/wp-json\/wp\/v2\/product_cat?post=39515"},{"taxonomy":"product_tag","embeddable":true,"href":"https:\/\/cultivers.es\/de\/wp-json\/wp\/v2\/product_tag?post=39515"}],"curies":[{"name":"wp","href":"https:\/\/api.w.org\/{rel}","templated":true}]}}