{"id":39538,"date":"2024-07-16T14:20:36","date_gmt":"2024-07-16T14:20:36","guid":{"rendered":"https:\/\/cultivers.es\/abonos\/schachtelhalm-gebrauchsfertig\/"},"modified":"2025-09-22T05:12:19","modified_gmt":"2025-09-22T05:12:19","slug":"schachtelhalm-gebrauchsfertig","status":"publish","type":"product","link":"https:\/\/cultivers.es\/de\/d\u00fcngemittel\/schachtelhalm-gebrauchsfertig\/","title":{"rendered":"Schachtelhalm Gebrauchsfertig"},"content":{"rendered":"","protected":false},"excerpt":{"rendered":"<ul class=\"a-unordered-list a-vertical a-spacing-mini\">\n<li class=\"a-spacing-mini\"><span class=\"a-list-item\">\u00d6kologisches nat\u00fcrliches Fungizid aus Schachtelhalmextrakt von Equisentum Arvense. Wirksames Anti-Pilz-Mittel und einfach in der Anwendung. <\/span><\/li>\n<li class=\"a-spacing-mini\"><span class=\"a-list-item\">Vorbeugend und heilend gegen Krankheiten, die durch pathogene Pilze verursacht werden, wie z.B.: Mehltau, Echter Mehltau, Rost, etc. St\u00e4rkt die nat\u00fcrlichen Abwehrkr\u00e4fte der Pflanzen. <\/span><\/li>\n<li class=\"a-spacing-mini\"><span class=\"a-list-item\">St\u00e4rkt die nat\u00fcrlichen Abwehrkr\u00e4fte der Pflanzen. St\u00e4rkt das Pflanzengewebe. F\u00f6rdert das Wachstum und die Entwicklung der Pflanzen. Wirksam f\u00fcr Pflanzen in Innenr\u00e4umen, im Freien, im Garten und im Gem\u00fcsegarten.   <\/span><\/li>\n<li class=\"a-spacing-mini\"><span class=\"a-list-item\">Gebrauchsanweisung: Direkt auf die Pflanze spr\u00fchen, in einem Abstand von etwa 30 cm. Es wird immer empfohlen, das Produkt in der Abendd\u00e4mmerung aufzutragen und dabei die Stunden mit der h\u00f6chsten Sonneneinstrahlung zu vermeiden.<\/span><\/li>\n<li class=\"a-spacing-mini\"><span class=\"a-list-item\">Nat\u00fcrlicher Grundstoff. Zugelassen im \u00f6kologischen Landbau. <\/span><\/li>\n<\/ul>\n","protected":false},"featured_media":27763,"comment_status":"open","ping_status":"closed","template":"","meta":{"_acf_changed":false},"product_brand":[],"product_cat":[1282],"product_tag":[],"class_list":{"0":"post-39538","1":"product","2":"type-product","3":"status-publish","4":"has-post-thumbnail","6":"product_cat-zimmerpflanzen-und-balkon","8":"first","9":"instock","10":"taxable","11":"shipping-taxable","12":"purchasable","13":"product-type-variable"},"acf":[],"_links":{"self":[{"href":"https:\/\/cultivers.es\/de\/wp-json\/wp\/v2\/product\/39538","targetHints":{"allow":["GET"]}}],"collection":[{"href":"https:\/\/cultivers.es\/de\/wp-json\/wp\/v2\/product"}],"about":[{"href":"https:\/\/cultivers.es\/de\/wp-json\/wp\/v2\/types\/product"}],"replies":[{"embeddable":true,"href":"https:\/\/cultivers.es\/de\/wp-json\/wp\/v2\/comments?post=39538"}],"wp:featuredmedia":[{"embeddable":true,"href":"https:\/\/cultivers.es\/de\/wp-json\/wp\/v2\/media\/27763"}],"wp:attachment":[{"href":"https:\/\/cultivers.es\/de\/wp-json\/wp\/v2\/media?parent=39538"}],"wp:term":[{"taxonomy":"product_brand","embeddable":true,"href":"https:\/\/cultivers.es\/de\/wp-json\/wp\/v2\/product_brand?post=39538"},{"taxonomy":"product_cat","embeddable":true,"href":"https:\/\/cultivers.es\/de\/wp-json\/wp\/v2\/product_cat?post=39538"},{"taxonomy":"product_tag","embeddable":true,"href":"https:\/\/cultivers.es\/de\/wp-json\/wp\/v2\/product_tag?post=39538"}],"curies":[{"name":"wp","href":"https:\/\/api.w.org\/{rel}","templated":true}]}}