{"id":39542,"date":"2024-07-16T14:20:32","date_gmt":"2024-07-16T14:20:32","guid":{"rendered":"https:\/\/cultivers.es\/abonos\/gebrauchsfertige-brennnessel-purin\/"},"modified":"2025-09-22T05:44:42","modified_gmt":"2025-09-22T05:44:42","slug":"gebrauchsfertige-brennnessel-purin","status":"publish","type":"product","link":"https:\/\/cultivers.es\/de\/d\u00fcngemittel\/gebrauchsfertige-brennnessel-purin\/","title":{"rendered":"Gebrauchsfertige Brennnessel Purin"},"content":{"rendered":"","protected":false},"excerpt":{"rendered":"<ul class=\"a-unordered-list a-vertical a-spacing-mini\">\n<li class=\"a-spacing-mini\"><span class=\"a-list-item\">Naturprodukt auf der Basis von Brennesselextrakt mit insektizider, akarizider und fungizider Wirkung. Fl\u00fcssigextrakt aus Urtica spp. <\/span><\/li>\n<li class=\"a-spacing-mini\"><span class=\"a-list-item\">Schutz f\u00fcr Gartenbaupflanzen, Obstb\u00e4ume, Zierpflanzen usw. &#8230; F\u00fcr alle Arten von Innen- und Au\u00dfenpflanzen. Vorbeugend und heilend.<\/span><\/li>\n<li class=\"a-spacing-mini\"><span class=\"a-list-item\">\u00d6kologisches Produkt gegen Insekten, Pilze und Milben. 100% nat\u00fcrliches Produkt. <\/span><\/li>\n<li class=\"a-spacing-mini\"><span class=\"a-list-item\">Anwendung: Gebrauchsfertiges Produkt, vor Gebrauch sch\u00fctteln und in 30 cm Entfernung von der Pflanze spr\u00fchen. Auf Pflanzen mit Insekten-, Milben- und Pilzproblemen anwenden. Sicherheitsfrist: 7 Tage.  <\/span><\/li>\n<li class=\"a-spacing-mini\"><span class=\"a-list-item\">St\u00e4rkt den nat\u00fcrlichen Abwehrmechanismus der Pflanzen. Gr\u00fcnere Pflanzen. <\/span><\/li>\n<\/ul>\n","protected":false},"featured_media":27745,"comment_status":"open","ping_status":"closed","template":"","meta":{"_acf_changed":false},"product_brand":[],"product_cat":[1282],"product_tag":[],"class_list":{"0":"post-39542","1":"product","2":"type-product","3":"status-publish","4":"has-post-thumbnail","6":"product_cat-zimmerpflanzen-und-balkon","8":"first","9":"instock","10":"taxable","11":"shipping-taxable","12":"purchasable","13":"product-type-variable"},"acf":[],"_links":{"self":[{"href":"https:\/\/cultivers.es\/de\/wp-json\/wp\/v2\/product\/39542","targetHints":{"allow":["GET"]}}],"collection":[{"href":"https:\/\/cultivers.es\/de\/wp-json\/wp\/v2\/product"}],"about":[{"href":"https:\/\/cultivers.es\/de\/wp-json\/wp\/v2\/types\/product"}],"replies":[{"embeddable":true,"href":"https:\/\/cultivers.es\/de\/wp-json\/wp\/v2\/comments?post=39542"}],"wp:featuredmedia":[{"embeddable":true,"href":"https:\/\/cultivers.es\/de\/wp-json\/wp\/v2\/media\/27745"}],"wp:attachment":[{"href":"https:\/\/cultivers.es\/de\/wp-json\/wp\/v2\/media?parent=39542"}],"wp:term":[{"taxonomy":"product_brand","embeddable":true,"href":"https:\/\/cultivers.es\/de\/wp-json\/wp\/v2\/product_brand?post=39542"},{"taxonomy":"product_cat","embeddable":true,"href":"https:\/\/cultivers.es\/de\/wp-json\/wp\/v2\/product_cat?post=39542"},{"taxonomy":"product_tag","embeddable":true,"href":"https:\/\/cultivers.es\/de\/wp-json\/wp\/v2\/product_tag?post=39542"}],"curies":[{"name":"wp","href":"https:\/\/api.w.org\/{rel}","templated":true}]}}