{"id":39557,"date":"2024-07-16T14:20:40","date_gmt":"2024-07-16T14:20:40","guid":{"rendered":"https:\/\/cultivers.es\/abonos\/gebrauchsfertiges-fungizid\/"},"modified":"2025-09-22T05:44:56","modified_gmt":"2025-09-22T05:44:56","slug":"gebrauchsfertiges-fungizid","status":"publish","type":"product","link":"https:\/\/cultivers.es\/de\/d\u00fcngemittel\/gebrauchsfertiges-fungizid\/","title":{"rendered":"Gebrauchsfertiges Fungizid"},"content":{"rendered":"","protected":false},"excerpt":{"rendered":"<div id=\"featurebullets_feature_div\" class=\"celwidget\" data-feature-name=\"featurebullets\" data-csa-c-type=\"widget\" data-csa-c-content-id=\"featurebullets\" data-csa-c-slot-id=\"featurebullets_feature_div\" data-csa-c-asin=\"B09WMTY62V\" data-csa-c-is-in-initial-active-row=\"false\" data-csa-c-id=\"96ku8o-rdhnap-fcczkl-3tzvin\" data-cel-widget=\"featurebullets_feature_div\">\n<div id=\"feature-bullets\" class=\"a-section a-spacing-medium a-spacing-top-small\">\n<ul class=\"a-unordered-list a-vertical a-spacing-mini\">\n<li class=\"a-spacing-mini\"><span class=\"a-list-item\">\u00d6kologisches Fungizid, das f\u00fcr die pr\u00e4ventive und kurative Bek\u00e4mpfung verschiedener Pilzkrankheiten entwickelt wurde.<\/span><\/li>\n<li class=\"a-spacing-mini\"><span class=\"a-list-item\">Gebrauchsanweisung: Gebrauchsfertiges Produkt, vor Gebrauch sch\u00fctteln und 30 cm von der Pflanze entfernt spr\u00fchen.<\/span><\/li>\n<li class=\"a-spacing-mini\"><span class=\"a-list-item\">Pilze: Weinrebe: Falscher Mehltau; Obstb\u00e4ume: Alternaria, Monilia, Botrytis; Gurke: Falscher Mehltau, Echter Mehltau, Alternaria, Pythium, Wurzelpilz; Brassicas (Senf- und Rettichgew\u00e4chse): Alternaria; Zierpflanzen und Rosen: Echter Mehltau, Falscher Mehltau, Alternaria, Blattroll, Monilia; Tomate: Alternaria.<\/span><\/li>\n<li class=\"a-spacing-mini\"><span class=\"a-list-item\">Sie verst\u00e4rken den nat\u00fcrlichen Abwehrmechanismus der Pflanze.<\/span><\/li>\n<li class=\"a-spacing-mini\"><span class=\"a-list-item\">Sch\u00fctzt und beugt Pilzkrankheiten bei Gartenbaupflanzen, Obstb\u00e4umen, Zierpflanzen, Str\u00e4uchern und B\u00e4umen vor.<\/span><\/li>\n<\/ul>\n<\/div>\n<\/div>\n","protected":false},"featured_media":27781,"comment_status":"open","ping_status":"closed","template":"","meta":{"_acf_changed":false},"product_brand":[],"product_cat":[1282],"product_tag":[],"class_list":{"0":"post-39557","1":"product","2":"type-product","3":"status-publish","4":"has-post-thumbnail","6":"product_cat-zimmerpflanzen-und-balkon","8":"first","9":"instock","10":"taxable","11":"shipping-taxable","12":"purchasable","13":"product-type-variable"},"acf":[],"_links":{"self":[{"href":"https:\/\/cultivers.es\/de\/wp-json\/wp\/v2\/product\/39557","targetHints":{"allow":["GET"]}}],"collection":[{"href":"https:\/\/cultivers.es\/de\/wp-json\/wp\/v2\/product"}],"about":[{"href":"https:\/\/cultivers.es\/de\/wp-json\/wp\/v2\/types\/product"}],"replies":[{"embeddable":true,"href":"https:\/\/cultivers.es\/de\/wp-json\/wp\/v2\/comments?post=39557"}],"wp:featuredmedia":[{"embeddable":true,"href":"https:\/\/cultivers.es\/de\/wp-json\/wp\/v2\/media\/27781"}],"wp:attachment":[{"href":"https:\/\/cultivers.es\/de\/wp-json\/wp\/v2\/media?parent=39557"}],"wp:term":[{"taxonomy":"product_brand","embeddable":true,"href":"https:\/\/cultivers.es\/de\/wp-json\/wp\/v2\/product_brand?post=39557"},{"taxonomy":"product_cat","embeddable":true,"href":"https:\/\/cultivers.es\/de\/wp-json\/wp\/v2\/product_cat?post=39557"},{"taxonomy":"product_tag","embeddable":true,"href":"https:\/\/cultivers.es\/de\/wp-json\/wp\/v2\/product_tag?post=39557"}],"curies":[{"name":"wp","href":"https:\/\/api.w.org\/{rel}","templated":true}]}}