{"id":43239,"date":"2024-12-20T10:36:13","date_gmt":"2024-12-20T10:36:13","guid":{"rendered":"https:\/\/cultivers.es\/abonos\/bio-lavendel-samen\/"},"modified":"2026-03-14T10:06:52","modified_gmt":"2026-03-14T10:06:52","slug":"bio-lavendel-samen","status":"publish","type":"product","link":"https:\/\/cultivers.es\/de\/d\u00fcngemittel\/bio-lavendel-samen\/","title":{"rendered":"Lavendel-Samen Eco"},"content":{"rendered":"","protected":false},"excerpt":{"rendered":"<p><strong>Lavendel<\/strong><em>(Lavandula angustifolia<\/em>) ist eine aromatische, mehrj\u00e4hrige Pflanze, die f\u00fcr ihre <strong>violetten Bl\u00fcten<\/strong> und ihren unverwechselbaren, beruhigenden Duft bekannt ist. Lavendel eignet sich perfekt zur Versch\u00f6nerung des <strong>Gartens und des Gem\u00fcsegartens<\/strong> sowie zur Verwendung in der Aromatherapie, f\u00fcr Aufg\u00fcsse und zur Dekoration. Er ist eine robuste Pflanze, die leicht anzubauen ist. Au\u00dferdem sind seine Bl\u00fcten ein Magnet f\u00fcr Best\u00e4uber wie Bienen und Schmetterlinge, was die Artenvielfalt in Ihrem Gr\u00fcnraum f\u00f6rdert.  <\/p>\n<p><strong>Auff\u00e4llige und aromatische Bl\u00fcten:<\/strong> Die violetten Bl\u00fcten sind ideal, um dem Gem\u00fcse- und Obstgarten eine elegante und duftende Note zu verleihen.<\/p>\n<p><strong>Vielseitige Verwendung:<\/strong> Perfekt zum Trocknen und zur Verwendung in aromatischen S\u00e4ckchen, entspannenden Aufg\u00fcssen, \u00e4therischen \u00d6len und als nat\u00fcrliche Dekoration.<\/p>\n<p><strong>Attraktiv f\u00fcr Best\u00e4uber:<\/strong> Lavendelbl\u00fcten sind reich an Nektar und locken Bienen, Schmetterlinge und andere n\u00fctzliche Insekten an.<\/p>\n<p><strong>Winterhart und pflegeleicht:<\/strong> Sie ist an verschiedene Klimazonen angepasst, w\u00e4chst gut in trockenen, sonnigen B\u00f6den und ist sowohl f\u00fcr Anf\u00e4nger als auch f\u00fcr erfahrene G\u00e4rtner geeignet.<\/p>\n<p><strong>Lange Bl\u00fctezeit:<\/strong> Die lange Bl\u00fctezeit vom sp\u00e4ten Fr\u00fchjahr bis zum Sommer garantiert ein monatelanges Spektakel an Farben und D\u00fcften.<\/p>\n<p><strong>Biologischer Anbau:<\/strong> Unser Saatgut ist <strong>zu 100% biologisch<\/strong>, frei von Pestiziden und chemischen D\u00fcngemitteln und f\u00f6rdert einen nachhaltigen und umweltfreundlichen Anbau.<\/p>\n<p>F\u00fcllen Sie Ihren Garten und Obstgarten mit Farbe, Duft und Leben mit <strong>Bio-Lavendel<\/strong>, einer Pflanze, die Sch\u00f6nheit, Funktionalit\u00e4t und Biodiversit\u00e4t vereint. Bestellen Sie noch heute und genie\u00dfen Sie dieses aromatische Must-Have! <\/p>\n","protected":false},"featured_media":41351,"comment_status":"open","ping_status":"closed","template":"","meta":{"_acf_changed":false},"product_brand":[],"product_cat":[727,419],"product_tag":[1580],"class_list":{"0":"post-43239","1":"product","2":"type-product","3":"status-publish","4":"has-post-thumbnail","6":"product_cat-bio-aroma-saatgut","7":"product_cat-bio-saatgut","8":"product_tag-oko","10":"first","11":"outofstock","12":"taxable","13":"shipping-taxable","14":"purchasable","15":"product-type-simple"},"acf":[],"_links":{"self":[{"href":"https:\/\/cultivers.es\/de\/wp-json\/wp\/v2\/product\/43239","targetHints":{"allow":["GET"]}}],"collection":[{"href":"https:\/\/cultivers.es\/de\/wp-json\/wp\/v2\/product"}],"about":[{"href":"https:\/\/cultivers.es\/de\/wp-json\/wp\/v2\/types\/product"}],"replies":[{"embeddable":true,"href":"https:\/\/cultivers.es\/de\/wp-json\/wp\/v2\/comments?post=43239"}],"wp:featuredmedia":[{"embeddable":true,"href":"https:\/\/cultivers.es\/de\/wp-json\/wp\/v2\/media\/41351"}],"wp:attachment":[{"href":"https:\/\/cultivers.es\/de\/wp-json\/wp\/v2\/media?parent=43239"}],"wp:term":[{"taxonomy":"product_brand","embeddable":true,"href":"https:\/\/cultivers.es\/de\/wp-json\/wp\/v2\/product_brand?post=43239"},{"taxonomy":"product_cat","embeddable":true,"href":"https:\/\/cultivers.es\/de\/wp-json\/wp\/v2\/product_cat?post=43239"},{"taxonomy":"product_tag","embeddable":true,"href":"https:\/\/cultivers.es\/de\/wp-json\/wp\/v2\/product_tag?post=43239"}],"curies":[{"name":"wp","href":"https:\/\/api.w.org\/{rel}","templated":true}]}}