{"id":43253,"date":"2024-12-20T11:22:36","date_gmt":"2024-12-20T11:22:36","guid":{"rendered":"https:\/\/cultivers.es\/abonos\/zucchini-samen-black-beauty\/"},"modified":"2026-03-14T10:04:28","modified_gmt":"2026-03-14T10:04:28","slug":"zucchini-samen-black-beauty","status":"publish","type":"product","link":"https:\/\/cultivers.es\/de\/d\u00fcngemittel\/zucchini-samen-black-beauty\/","title":{"rendered":"Zucchini-Samen Black Beauty Eco"},"content":{"rendered":"","protected":false},"excerpt":{"rendered":"<p><strong>Black Beauty Zucchini<\/strong><em>(Cucurbita pepo<\/em>) ist eine klassische und sehr beliebte Sorte, die f\u00fcr ihre <strong>l\u00e4nglichen, dunkelgr\u00fcnen Fr\u00fcchte<\/strong> und ihren milden, vielseitigen Geschmack bekannt ist. Diese Pflanze ist sehr ertragreich und produziert die ganze Saison \u00fcber zarte, gleichm\u00e4\u00dfige Fr\u00fcchte. Die <strong>Black Beauty Zucchini<\/strong> ist ideal f\u00fcr eine Vielzahl kulinarischer Zubereitungen, von Pfannengerichten und Eint\u00f6pfen bis hin zu F\u00fcllungen oder zum Grillen, und darf in keinem Gem\u00fcsegarten fehlen.  <\/p>\n<p><strong>Attraktive l\u00e4ngliche Fr\u00fcchte:<\/strong> Die dunkelgr\u00fcne Farbe und die gl\u00e4nzende Schale machen diese Zucchini sowohl optisch als auch kulinarisch zu einer perfekten Wahl.<\/p>\n<p><strong>Milder und vielseitiger Geschmack:<\/strong> Ihr zartes und saftiges Fruchtfleisch passt zu zahlreichen Rezepten und ist ideal f\u00fcr Pfannengerichte, Eint\u00f6pfe, Cremes oder als Basis f\u00fcr gef\u00fcllte Zucchini.<\/p>\n<p><strong>Hohe Produktivit\u00e4t:<\/strong> Diese Sorte ist sehr produktiv und liefert w\u00e4hrend der gesamten Saison konstante und reiche Ernten.<\/p>\n<p><strong>Reich an N\u00e4hrstoffen:<\/strong> Als Quelle der Vitamine A und C sowie von Ballaststoffen und Antioxidantien ist die Zucchini ein gesundes und nahrhaftes Lebensmittel.<\/p>\n<p><strong>Einfacher Anbau:<\/strong> Die robuste und schnell wachsende Pflanze ist ideal f\u00fcr Anf\u00e4nger und erfahrene G\u00e4rtner und passt sich gut an verschiedene Klimazonen und Bodenarten an.<\/p>\n<p><strong>Biologischer Anbau:<\/strong> Unser Saatgut ist <strong>100% biologisch<\/strong>, frei von Pestiziden und chemischen D\u00fcngemitteln und garantiert einen nachhaltigen und umweltfreundlichen Anbau.<\/p>\n<p>Legen Sie <strong>Black Beauty Zucchini<\/strong> in Ihren Garten und genie\u00dfen Sie eine produktive, vielseitige und k\u00f6stliche Pflanze, die Ihre Gerichte mit Frische und Geschmack bereichert. Bestellen Sie noch heute und beginnen Sie mit der Ernte dieser unverzichtbaren Sorte! <\/p>\n","protected":false},"featured_media":41357,"comment_status":"open","ping_status":"closed","template":"","meta":{"_acf_changed":false},"product_brand":[],"product_cat":[438,419],"product_tag":[1580],"class_list":{"0":"post-43253","1":"product","2":"type-product","3":"status-publish","4":"has-post-thumbnail","6":"product_cat-bio-obst-und-gemusesaatgut","7":"product_cat-bio-saatgut","8":"product_tag-oko","10":"first","11":"outofstock","12":"taxable","13":"shipping-taxable","14":"purchasable","15":"product-type-simple"},"acf":[],"_links":{"self":[{"href":"https:\/\/cultivers.es\/de\/wp-json\/wp\/v2\/product\/43253","targetHints":{"allow":["GET"]}}],"collection":[{"href":"https:\/\/cultivers.es\/de\/wp-json\/wp\/v2\/product"}],"about":[{"href":"https:\/\/cultivers.es\/de\/wp-json\/wp\/v2\/types\/product"}],"replies":[{"embeddable":true,"href":"https:\/\/cultivers.es\/de\/wp-json\/wp\/v2\/comments?post=43253"}],"wp:featuredmedia":[{"embeddable":true,"href":"https:\/\/cultivers.es\/de\/wp-json\/wp\/v2\/media\/41357"}],"wp:attachment":[{"href":"https:\/\/cultivers.es\/de\/wp-json\/wp\/v2\/media?parent=43253"}],"wp:term":[{"taxonomy":"product_brand","embeddable":true,"href":"https:\/\/cultivers.es\/de\/wp-json\/wp\/v2\/product_brand?post=43253"},{"taxonomy":"product_cat","embeddable":true,"href":"https:\/\/cultivers.es\/de\/wp-json\/wp\/v2\/product_cat?post=43253"},{"taxonomy":"product_tag","embeddable":true,"href":"https:\/\/cultivers.es\/de\/wp-json\/wp\/v2\/product_tag?post=43253"}],"curies":[{"name":"wp","href":"https:\/\/api.w.org\/{rel}","templated":true}]}}