{"id":48903,"date":"2023-10-25T09:47:36","date_gmt":"2023-10-25T09:47:36","guid":{"rendered":"https:\/\/cultivers.es\/abonos\/sunspot-zwerg-sonnenblumen-samen\/"},"modified":"2023-10-25T09:47:36","modified_gmt":"2023-10-25T09:47:36","slug":"sunspot-zwerg-sonnenblumen-samen","status":"publish","type":"product","link":"https:\/\/cultivers.es\/de\/d\u00fcngemittel\/sunspot-zwerg-sonnenblumen-samen\/","title":{"rendered":"Sunspot Zwerg-Sonnenblumen Samen"},"content":{"rendered":"","protected":false},"excerpt":{"rendered":"<p>Die <strong>Zwergsonnenblume Sunspot<\/strong><em>(Helianthus annuus<\/em>) ist eine kompakte, dekorative Sorte, ideal f\u00fcr kleine <strong>G\u00e4rten,<\/strong> Balkone oder K\u00fcbel. Mit ihren <strong>gro\u00dfen, leuchtenden<\/strong>, <strong>tiefgelben<\/strong> <strong>Bl\u00fcten<\/strong> und der dunklen Mitte setzt diese Pflanze einen lebendigen, dekorativen Akzent. Dank ihrer geringen Gr\u00f6\u00dfe von ca. <strong>50 cm<\/strong> eignet sie sich perfekt f\u00fcr begrenzte Fl\u00e4chen, ohne dabei die optische Wirkung traditioneller Sonnenblumen zu verlieren. Au\u00dferdem ist sie einfach zu kultivieren und sehr attraktiv f\u00fcr Best\u00e4uber.   <\/p>\n<p><strong>Gro\u00dfe Bl\u00fcten auf kompakten Pflanzen:<\/strong> Trotz ihrer geringen Gr\u00f6\u00dfe produziert sie gro\u00dfe, auff\u00e4llige Bl\u00fcten, die sich ideal zum Schm\u00fccken kleiner R\u00e4ume eignen.<\/p>\n<p><strong>Attraktiv f\u00fcr Best\u00e4uber:<\/strong> Der hohe Nektargehalt lockt Bienen, Schmetterlinge und andere n\u00fctzliche Insekten an und f\u00f6rdert die Artenvielfalt in <strong>Obstgarten und Garten<\/strong>.<\/p>\n<p><strong>Widerstandsf\u00e4hig und einfach anzubauen:<\/strong> Sie ist an verschiedene Bodentypen und klimatische Bedingungen anpassungsf\u00e4hig, erfordert wenig Pflege und ist ideal f\u00fcr Gartenanf\u00e4nger.<\/p>\n<p><strong>Dekorativ und vielseitig:<\/strong> Perfekt f\u00fcr Rabatten, Blumenbeete, T\u00f6pfe oder sogar als Schnittblume f\u00fcr frische Str\u00e4u\u00dfe.<\/p>\n<p><strong>Schnelles Wachstum:<\/strong> Ihr kurzer Zyklus erm\u00f6glicht es, sich in wenigen Wochen an den Bl\u00fcten zu erfreuen, und bietet eine verl\u00e4ngerte Bl\u00fctezeit vom Sommer bis zum Herbst.<\/p>\n<p><strong>Biologischer Anbau:<\/strong> Unser Saatgut ist <strong>100% biologisch<\/strong>, frei von Pestiziden und chemischen D\u00fcngemitteln und f\u00f6rdert einen nachhaltigen und umweltfreundlichen <strong>Garten.<\/strong> <\/p>\n<p>Bringen Sie Farbe, Leben und Freude in Ihren <strong>Garten und Gem\u00fcsegarten<\/strong> mit der <strong>Sunspot Bio-Zwergsonnenblume<\/strong>, einer schillernden, kompakten Pflanze, die jeden Platz in eine besondere Ecke verwandelt. Bestellen Sie noch heute und fangen Sie ganz einfach an, sie anzubauen! <\/p>\n","protected":false},"featured_media":42609,"comment_status":"open","ping_status":"closed","template":"","meta":{"_acf_changed":false},"product_brand":[],"product_cat":[419,467],"product_tag":[1580],"class_list":{"0":"post-48903","1":"product","2":"type-product","3":"status-publish","4":"has-post-thumbnail","6":"product_cat-bio-saatgut","7":"product_cat-biologische-essbare-blumensamen","8":"product_tag-oko","10":"first","11":"instock","12":"sale","13":"taxable","14":"shipping-taxable","15":"purchasable","16":"product-type-simple"},"acf":[],"_links":{"self":[{"href":"https:\/\/cultivers.es\/de\/wp-json\/wp\/v2\/product\/48903","targetHints":{"allow":["GET"]}}],"collection":[{"href":"https:\/\/cultivers.es\/de\/wp-json\/wp\/v2\/product"}],"about":[{"href":"https:\/\/cultivers.es\/de\/wp-json\/wp\/v2\/types\/product"}],"replies":[{"embeddable":true,"href":"https:\/\/cultivers.es\/de\/wp-json\/wp\/v2\/comments?post=48903"}],"wp:featuredmedia":[{"embeddable":true,"href":"https:\/\/cultivers.es\/de\/wp-json\/wp\/v2\/media\/42609"}],"wp:attachment":[{"href":"https:\/\/cultivers.es\/de\/wp-json\/wp\/v2\/media?parent=48903"}],"wp:term":[{"taxonomy":"product_brand","embeddable":true,"href":"https:\/\/cultivers.es\/de\/wp-json\/wp\/v2\/product_brand?post=48903"},{"taxonomy":"product_cat","embeddable":true,"href":"https:\/\/cultivers.es\/de\/wp-json\/wp\/v2\/product_cat?post=48903"},{"taxonomy":"product_tag","embeddable":true,"href":"https:\/\/cultivers.es\/de\/wp-json\/wp\/v2\/product_tag?post=48903"}],"curies":[{"name":"wp","href":"https:\/\/api.w.org\/{rel}","templated":true}]}}