{"id":48918,"date":"2025-02-18T12:54:13","date_gmt":"2025-02-18T12:54:13","guid":{"rendered":"https:\/\/cultivers.es\/abonos\/marmande-tomatensamen\/"},"modified":"2026-03-14T10:04:28","modified_gmt":"2026-03-14T10:04:28","slug":"marmande-tomatensamen","status":"publish","type":"product","link":"https:\/\/cultivers.es\/de\/d\u00fcngemittel\/marmande-tomatensamen\/","title":{"rendered":"Marmande Eco Tomatensamen"},"content":{"rendered":"","protected":false},"excerpt":{"rendered":"<p><strong>Gro\u00dfe und fleischige Fr\u00fcchte<\/strong>: Mittelgro\u00dfe bis gro\u00dfe Tomaten, leicht abgeflachte Form und glatte, tiefrote Haut.<\/p>\n<p><strong>S\u00fc\u00dfer und aromatischer Geschmack<\/strong>: Seine Ausgewogenheit zwischen S\u00fc\u00dfe und S\u00e4ure macht ihn zu einer idealen Wahl f\u00fcr den Frischverzehr oder in gekochten Rezepten.<\/p>\n<p><strong>Hohe Produktivit\u00e4t<\/strong>: Erzeugt w\u00e4hrend der gesamten Saison konstant Fr\u00fcchte und sorgt f\u00fcr reiche Ernten.<\/p>\n<p><strong>Widerstandsf\u00e4hig und schnell wachsend<\/strong>: Sie passt sich an verschiedene Klimazonen und B\u00f6den an und ist eine kr\u00e4ftige und krankheitsresistente Sorte.<\/p>\n<p><strong>Reich an N\u00e4hrstoffen<\/strong>: Quelle von Antioxidantien, Vitaminen A und C und Lycopin, die f\u00fcr eine ausgewogene Ern\u00e4hrung unerl\u00e4sslich sind.<\/p>\n<p><strong>Einfacher Anbau<\/strong>: Sie eignet sich gut f\u00fcr G\u00e4rten im Freien und Gew\u00e4chsh\u00e4user und ist f\u00fcr Anf\u00e4nger und erfahrene G\u00e4rtner geeignet.<\/p>\n<p><strong>Biologischer Anbau<\/strong>: Unser Saatgut ist 100% biologisch, frei von Pestiziden und chemischen D\u00fcngemitteln und garantiert einen nachhaltigen und umweltfreundlichen Anbau.<\/p>\n<p>Genie\u00dfen Sie den authentischen Geschmack der <strong>Bio-Marmande-Tomate<\/strong>, einer traditionellen Sorte, die sich perfekt f\u00fcr Ihren Garten eignet. Bestellen Sie noch heute und ernten Sie hochwertige Tomaten zu Hause! <\/p>\n","protected":false},"featured_media":43522,"comment_status":"open","ping_status":"closed","template":"","meta":{"_acf_changed":false},"product_brand":[],"product_cat":[438],"product_tag":[1580],"woo-feed-brand":[],"class_list":{"0":"post-48918","1":"product","2":"type-product","3":"status-publish","4":"has-post-thumbnail","6":"product_cat-bio-obst-und-gemusesaatgut","7":"product_tag-oko","9":"first","10":"instock","11":"taxable","12":"shipping-taxable","13":"purchasable","14":"product-type-simple"},"acf":[],"_links":{"self":[{"href":"https:\/\/cultivers.es\/de\/wp-json\/wp\/v2\/product\/48918","targetHints":{"allow":["GET"]}}],"collection":[{"href":"https:\/\/cultivers.es\/de\/wp-json\/wp\/v2\/product"}],"about":[{"href":"https:\/\/cultivers.es\/de\/wp-json\/wp\/v2\/types\/product"}],"replies":[{"embeddable":true,"href":"https:\/\/cultivers.es\/de\/wp-json\/wp\/v2\/comments?post=48918"}],"wp:featuredmedia":[{"embeddable":true,"href":"https:\/\/cultivers.es\/de\/wp-json\/wp\/v2\/media\/43522"}],"wp:attachment":[{"href":"https:\/\/cultivers.es\/de\/wp-json\/wp\/v2\/media?parent=48918"}],"wp:term":[{"taxonomy":"product_brand","embeddable":true,"href":"https:\/\/cultivers.es\/de\/wp-json\/wp\/v2\/product_brand?post=48918"},{"taxonomy":"product_cat","embeddable":true,"href":"https:\/\/cultivers.es\/de\/wp-json\/wp\/v2\/product_cat?post=48918"},{"taxonomy":"product_tag","embeddable":true,"href":"https:\/\/cultivers.es\/de\/wp-json\/wp\/v2\/product_tag?post=48918"},{"taxonomy":"woo-feed-brand","embeddable":true,"href":"https:\/\/cultivers.es\/de\/wp-json\/wp\/v2\/woo-feed-brand?post=48918"}],"curies":[{"name":"wp","href":"https:\/\/api.w.org\/{rel}","templated":true}]}}