{"id":48921,"date":"2025-06-04T04:25:26","date_gmt":"2025-06-04T04:25:26","guid":{"rendered":"https:\/\/cultivers.es\/abonos\/aminosaeuren-mit-pflanzenduenger\/"},"modified":"2026-03-14T10:04:09","modified_gmt":"2026-03-14T10:04:09","slug":"aminosaeuren-mit-pflanzenduenger","status":"publish","type":"product","link":"https:\/\/cultivers.es\/de\/d\u00fcngemittel\/aminosaeuren-mit-pflanzenduenger\/","title":{"rendered":"Aminos\u00e4uren mit Pflanzend\u00fcnger"},"content":{"rendered":"<p data-start=\"1773\" data-end=\"2175\">CULTIVERS bietet einen <strong data-start=\"1832\" data-end=\"1840\">CAAE-zertifizierten<\/strong> organischen D\u00fcnger an, ideal f\u00fcr alle, die eine nat\u00fcrliche L\u00f6sung aus <strong data-start=\"1901\" data-end=\"1949\">Aminos\u00e4uren und D\u00fcnger f\u00fcr Zimmerpflanzen<\/strong> suchen. Dank seines einzigartigen bakteriellen Fermentationsprozesses enth\u00e4lt das Produkt Aminos\u00e4uren, Betaine, Auxine, Vitamine, Enzyme, Proteine und Kohlenhydrate, die eine ausgewogene und gesunde Entwicklung der Pflanzen f\u00f6rdern. <\/p>\n<p data-start=\"2177\" data-end=\"2442\">Es ist extrem einfach in der Anwendung: Mischen Sie einfach 10 ml pro Liter Wasser oder verwenden Sie den Spender mit 4 Druckstufen, um die genaue Menge zu erhalten. Diese einfache Anwendung macht es zu einer ausgezeichneten Wahl f\u00fcr Amateure und Profis gleicherma\u00dfen. <\/p>\n<p data-start=\"2444\" data-end=\"2692\">Der D\u00fcnger hat eine bemerkenswerte Regenerationsf\u00e4higkeit des Bodens und verbessert dessen physikalische, chemische und mikrobiologische Eigenschaften. Er hat auch eine effektive komplexbildende Wirkung, die blockierte N\u00e4hrstoffe in kalten oder extremen pH-B\u00f6den freisetzt. <\/p>\n<p data-start=\"2694\" data-end=\"2987\">Seine hohe Konzentration an <strong data-start=\"2722\" data-end=\"2741\">Fulvos\u00e4uren<\/strong> und seine zertifizierte Pflanzenzusammensetzung garantieren nicht nur sichtbare Ergebnisse, sondern sorgen auch f\u00fcr einen umweltfreundlichen Anbau. Es ist die ideale Wahl f\u00fcr alle, die auf der Suche nach Leistung und Nachhaltigkeit f\u00fcr ihre Zimmerpflanzen sind. <\/p>\n","protected":false},"excerpt":{"rendered":"<p data-start=\"377\" data-end=\"560\"><strong data-start=\"380\" data-end=\"415\">Stimuliert das nat\u00fcrliche Wachstum<\/strong>: Schnelle Reaktion in Stresssituationen, ideal zur Revitalisierung von Zimmerpflanzen mit einer ausgewogenen vegetativen und produktiven Entwicklung \ud83c\udf31.<\/p>\n<p data-start=\"562\" data-end=\"772\"><strong data-start=\"565\" data-end=\"599\">\ud83d\udca7 Einfache intelligente Dosierung<\/strong>: Einfache Anwendung dank des Spenders: 10 ml pro Liter Wasser oder durch 4-maliges Dr\u00fccken auf den Spender. Perfekt f\u00fcr Anwender, die einen einfach zu dosierenden D\u00fcnger suchen. <\/p>\n<p data-start=\"774\" data-end=\"972\"><strong data-start=\"777\" data-end=\"819\">CAAE Certified Soil Health<\/strong>: \u00d6kologischer D\u00fcnger mit CAAE-Siegel. Er regeneriert den Boden, erschlie\u00dft die gespeicherten N\u00e4hrstoffe und verbessert seine physikalischen, chemischen und mikrobiologischen Eigenschaften. <\/p>\n<p data-start=\"974\" data-end=\"1170\"><strong data-start=\"976\" data-end=\"1017\">Sehr vollst\u00e4ndige und sichere Pflanzenformel<\/strong>: Aminos\u00e4uren, Peptide, Vitamine und nat\u00fcrliche Phytohormone, die durch bakterielle Fermentation gewonnen werden. 100% kompatibel mit dem zertifizierten \u00f6kologischen Landbau. <\/p>\n<p data-start=\"1172\" data-end=\"1349\"><strong data-start=\"1175\" data-end=\"1216\">Hohe Konzentration an Fulvos\u00e4uren<\/strong>: Spezifische Aminos\u00e4uren, essentielle Kohlenhydrate und Mikron\u00e4hrstoffe, die die Vitalit\u00e4t und Aufnahmef\u00e4higkeit von Zimmerpflanzen verbessern.<\/p>\n","protected":false},"featured_media":45975,"comment_status":"open","ping_status":"closed","template":"","meta":{"_acf_changed":false},"product_brand":[],"product_cat":[600],"product_tag":[],"class_list":{"0":"post-48921","1":"product","2":"type-product","3":"status-publish","4":"has-post-thumbnail","6":"product_cat-zimmerpflanzen","8":"first","9":"instock","10":"taxable","11":"shipping-taxable","12":"purchasable","13":"product-type-variable"},"acf":[],"_links":{"self":[{"href":"https:\/\/cultivers.es\/de\/wp-json\/wp\/v2\/product\/48921","targetHints":{"allow":["GET"]}}],"collection":[{"href":"https:\/\/cultivers.es\/de\/wp-json\/wp\/v2\/product"}],"about":[{"href":"https:\/\/cultivers.es\/de\/wp-json\/wp\/v2\/types\/product"}],"replies":[{"embeddable":true,"href":"https:\/\/cultivers.es\/de\/wp-json\/wp\/v2\/comments?post=48921"}],"wp:featuredmedia":[{"embeddable":true,"href":"https:\/\/cultivers.es\/de\/wp-json\/wp\/v2\/media\/45975"}],"wp:attachment":[{"href":"https:\/\/cultivers.es\/de\/wp-json\/wp\/v2\/media?parent=48921"}],"wp:term":[{"taxonomy":"product_brand","embeddable":true,"href":"https:\/\/cultivers.es\/de\/wp-json\/wp\/v2\/product_brand?post=48921"},{"taxonomy":"product_cat","embeddable":true,"href":"https:\/\/cultivers.es\/de\/wp-json\/wp\/v2\/product_cat?post=48921"},{"taxonomy":"product_tag","embeddable":true,"href":"https:\/\/cultivers.es\/de\/wp-json\/wp\/v2\/product_tag?post=48921"}],"curies":[{"name":"wp","href":"https:\/\/api.w.org\/{rel}","templated":true}]}}