{"id":48945,"date":"2021-10-22T12:12:47","date_gmt":"2021-10-22T12:12:47","guid":{"rendered":"https:\/\/cultivers.es\/abonos\/organischer-fluessigduenger-fuer-zierpflanzen\/"},"modified":"2021-10-22T12:12:47","modified_gmt":"2021-10-22T12:12:47","slug":"organischer-fluessigduenger-fuer-zierpflanzen","status":"publish","type":"product","link":"https:\/\/cultivers.es\/de\/d\u00fcngemittel\/organischer-fluessigduenger-fuer-zierpflanzen\/","title":{"rendered":"Organischer Fl\u00fcssigd\u00fcnger f\u00fcr Zierpflanzen"},"content":{"rendered":"<p>Organischer Fl\u00fcssigd\u00fcnger f\u00fcr Zierpflanzen. Der <a href=\"https:\/\/cultivers.es\/de\/abonos-ecologicos\/dungemittel\/feste-dungemittel\/\">organische D\u00fcnger<\/a> f\u00fcr Zierpflanzen ist eine fl\u00fcssige organische Formulierung, die entwickelt wurde, um das ausgewogene Wachstum von Pflanzen im Innen- und Au\u00dfenbereich zu f\u00f6rdern. Enth\u00e4lt Aminos\u00e4uren, die das Wachstum unter ung\u00fcnstigen klimatischen Bedingungen wie K\u00e4lte, Hitze usw. f\u00f6rdern. Eisenchelat zur F\u00f6rderung der Photosynthese sorgt f\u00fcr eine intensive gr\u00fcne Farbe.<\/p>\n","protected":false},"excerpt":{"rendered":"<ul class=\"a-unordered-list a-vertical a-spacing-mini\">\n<li><span class=\"a-list-item\">Organischer D\u00fcnger f\u00fcr Zierpflanzen, der entwickelt wurde, um das ausgewogene Wachstum von Pflanzen im Innen- und Au\u00dfenbereich zu f\u00f6rdern.<\/span><\/li>\n<li><span class=\"a-list-item\">St\u00e4rkere und widerstandsf\u00e4higere Pflanzen. Verhindert Krankheiten<\/span><\/li>\n<li><span class=\"a-list-item\">F\u00f6rdert das Bl\u00fctenwachstum, intensiviert die Farbe.<\/span><\/li>\n<li><span class=\"a-list-item\">Liefert Eisenchelat zur F\u00f6rderung der Photosynthese und verleiht eine tiefgr\u00fcne Farbe.<\/span><\/li>\n<li><span class=\"a-list-item\">Enth\u00e4lt Aminos\u00e4uren, die das Wachstum unter ung\u00fcnstigen klimatischen Bedingungen wie K\u00e4lte, Hitze usw. f\u00f6rdern.<\/span><\/li>\n<li><span class=\"a-list-item\">Aminos\u00e4uren werden durch die saure Hydrolyse von Eiwei\u00dfprodukten pflanzlichen Ursprungs gewonnen.<\/span><\/li>\n<\/ul>\n","protected":false},"featured_media":26663,"comment_status":"open","ping_status":"closed","template":"","meta":{"_acf_changed":false},"product_brand":[],"product_cat":[333,384],"product_tag":[1414],"class_list":{"0":"post-48945","1":"product","2":"type-product","3":"status-publish","4":"has-post-thumbnail","6":"product_cat-dungemittel","7":"product_cat-flussigdunger","8":"product_tag-caae-de","10":"first","11":"instock","12":"taxable","13":"shipping-taxable","14":"purchasable","15":"product-type-variable"},"acf":[],"_links":{"self":[{"href":"https:\/\/cultivers.es\/de\/wp-json\/wp\/v2\/product\/48945","targetHints":{"allow":["GET"]}}],"collection":[{"href":"https:\/\/cultivers.es\/de\/wp-json\/wp\/v2\/product"}],"about":[{"href":"https:\/\/cultivers.es\/de\/wp-json\/wp\/v2\/types\/product"}],"replies":[{"embeddable":true,"href":"https:\/\/cultivers.es\/de\/wp-json\/wp\/v2\/comments?post=48945"}],"wp:featuredmedia":[{"embeddable":true,"href":"https:\/\/cultivers.es\/de\/wp-json\/wp\/v2\/media\/26663"}],"wp:attachment":[{"href":"https:\/\/cultivers.es\/de\/wp-json\/wp\/v2\/media?parent=48945"}],"wp:term":[{"taxonomy":"product_brand","embeddable":true,"href":"https:\/\/cultivers.es\/de\/wp-json\/wp\/v2\/product_brand?post=48945"},{"taxonomy":"product_cat","embeddable":true,"href":"https:\/\/cultivers.es\/de\/wp-json\/wp\/v2\/product_cat?post=48945"},{"taxonomy":"product_tag","embeddable":true,"href":"https:\/\/cultivers.es\/de\/wp-json\/wp\/v2\/product_tag?post=48945"}],"curies":[{"name":"wp","href":"https:\/\/api.w.org\/{rel}","templated":true}]}}