{"id":49027,"date":"2025-06-17T04:38:54","date_gmt":"2025-06-17T04:38:54","guid":{"rendered":"https:\/\/cultivers.es\/abonos\/landwirtschaftlicher-gips\/"},"modified":"2026-03-14T10:03:56","modified_gmt":"2026-03-14T10:03:56","slug":"landwirtschaftlicher-gips","status":"publish","type":"product","link":"https:\/\/cultivers.es\/de\/d\u00fcngemittel\/landwirtschaftlicher-gips\/","title":{"rendered":"Landwirtschaftlicher Gips"},"content":{"rendered":"<p data-start=\"1797\" data-end=\"2281\">Landwirtschaftlicher Gips ist eine uralte L\u00f6sung, die von modernen Erzeugern wiederentdeckt wurde, die ihre B\u00f6den regenerieren und die Produktivit\u00e4t ohne Chemikalien steigern wollen. Dieses Mineral besteht aus <strong data-start=\"1971\" data-end=\"2018\">Calciumsulfat-Dihydrat (CaSO\u2084-2H\u2082O)<\/strong> und liefert <strong data-start=\"2040\" data-end=\"2059\">Calcium und Schwefel<\/strong> in einem f\u00fcr die Landwirtschaft optimalen Verh\u00e4ltnis: 23,3 % Calcium und 18,6 % Schwefel. Dank seiner <strong data-start=\"2145\" data-end=\"2165\">hohen L\u00f6slichkeit<\/strong> (2,5 g\/L) ist es 200-mal effektiver als Agrarkalk, wenn es darum geht, tiefe Bodenschichten zu durchdringen und zu verbessern.  <\/p>\n<p data-start=\"2283\" data-end=\"2701\">Dank seiner Wirkung korrigiert es <strong data-start=\"2312\" data-end=\"2340\">sodische und salzhaltige B\u00f6den<\/strong>, indem es den PSI (Prozentsatz des austauschbaren Natriums) auf unter 5 % senkt, was die Ausflockung von Tonpartikeln beg\u00fcnstigt und eine bessere Wasserinfiltration erm\u00f6glicht. Studien in Brasilien haben gezeigt, dass sein Einsatz das Wurzelsystem von Nutzpflanzen wie Mais, Sojabohnen oder Weizen um mehr als 600 % vergr\u00f6\u00dfert, was zu Ertragssteigerungen von bis zu 50 % f\u00fchrt. <\/p>\n<p data-start=\"2703\" data-end=\"3056\">Neben der <strong data-start=\"2713\" data-end=\"2755\">Verbesserung der physikalischen Struktur des Bodens<\/strong> bek\u00e4mpft Agrargips die Bildung von Oberfl\u00e4chenkrusten, erh\u00f6ht die Sauerstoffversorgung der Wurzeln und verbessert das Auflaufen der S\u00e4mlinge. Seine Anwendung wird im Herbst oder in L\u00f6sung durch D\u00fcngung empfohlen. Dank seiner neutralen Beschaffenheit ist er auch in B\u00f6den mit hohem pH-Wert wirksam, ohne diesen zu ver\u00e4ndern. <\/p>\n<p data-start=\"3058\" data-end=\"3479\">Dieses Produkt eignet sich perfekt f\u00fcr verdichtete, trockene oder wenig fruchtbare B\u00f6den und ist ein unverzichtbares Hilfsmittel f\u00fcr eine effiziente <strong data-start=\"3172\" data-end=\"3197\">\u00f6kologische Landwirtschaft<\/strong>. Dank der <strong data-start=\"3228\" data-end=\"3262\">25-kg-Verpackung l\u00e4sst es sich leicht<\/strong> entsprechend der Bodenanalyse <strong data-start=\"3228\" data-end=\"3262\">dosieren<\/strong>. Ob als <strong data-start=\"3309\" data-end=\"3347\">Korrekturmittel oder als D\u00fcnger<\/strong> f\u00fcr anspruchsvolle Kulturen wie Erdn\u00fcsse, Wassermelonen oder Tomaten, landwirtschaftlicher Gips macht einen Unterschied f\u00fcr die Qualit\u00e4t des Bodens und der Ernte.  <\/p>\n","protected":false},"excerpt":{"rendered":"<p data-start=\"336\" data-end=\"519\">\ud83c\udf3e <strong data-start=\"339\" data-end=\"367\">Verbessert gesch\u00e4digte B\u00f6den<\/strong> - Korrigiert den Salzgehalt und die Sodalit\u00e4t des Bodens und verbessert die Wasserinfiltration und Bel\u00fcftung. Ideal f\u00fcr verdichtete und schwer zu bearbeitende B\u00f6den. <\/p>\n<p data-start=\"521\" data-end=\"705\"><strong data-start=\"524\" data-end=\"561\">Liefert lebenswichtiges Kalzium und Schwefel<\/strong> - Enth\u00e4lt 23,3% Kalzium und 18,6% Schwefel in l\u00f6slicher Form, was eine effiziente und kontinuierliche Aufnahme f\u00fcr anspruchsvolle Pflanzen gew\u00e4hrleistet.<\/p>\n<p data-start=\"707\" data-end=\"879\"><strong data-start=\"710\" data-end=\"745\">Geeignet f\u00fcr den \u00f6kologischen Landbau<\/strong> - 100% nat\u00fcrliches Produkt, ohne Chemikalien oder R\u00fcckst\u00e4nde. Respektiert die Prinzipien der nachhaltigen Produktion und sch\u00fctzt die Umwelt. <\/p>\n<p data-start=\"881\" data-end=\"1073\">\ud83d\udcc8 S <strong data-start=\"884\" data-end=\"922\">teigert Ertrag und Qualit\u00e4t<\/strong> - Unverzichtbar f\u00fcr die Verbesserung von Mais, Sojabohnen, Luzerne, Tomaten, Wassermelonen, Erdn\u00fcssen und mehr. F\u00f6rdert das Wachstum eines tiefen Wurzelsystems. <\/p>\n","protected":false},"featured_media":46381,"comment_status":"open","ping_status":"closed","template":"","meta":{"_acf_changed":false},"product_brand":[],"product_cat":[396],"product_tag":[],"woo-feed-brand":[],"class_list":{"0":"post-49027","1":"product","2":"type-product","3":"status-publish","4":"has-post-thumbnail","6":"product_cat-bodenregeneratoren","8":"first","9":"instock","10":"taxable","11":"shipping-taxable","12":"purchasable","13":"product-type-variable"},"acf":[],"_links":{"self":[{"href":"https:\/\/cultivers.es\/de\/wp-json\/wp\/v2\/product\/49027","targetHints":{"allow":["GET"]}}],"collection":[{"href":"https:\/\/cultivers.es\/de\/wp-json\/wp\/v2\/product"}],"about":[{"href":"https:\/\/cultivers.es\/de\/wp-json\/wp\/v2\/types\/product"}],"replies":[{"embeddable":true,"href":"https:\/\/cultivers.es\/de\/wp-json\/wp\/v2\/comments?post=49027"}],"wp:featuredmedia":[{"embeddable":true,"href":"https:\/\/cultivers.es\/de\/wp-json\/wp\/v2\/media\/46381"}],"wp:attachment":[{"href":"https:\/\/cultivers.es\/de\/wp-json\/wp\/v2\/media?parent=49027"}],"wp:term":[{"taxonomy":"product_brand","embeddable":true,"href":"https:\/\/cultivers.es\/de\/wp-json\/wp\/v2\/product_brand?post=49027"},{"taxonomy":"product_cat","embeddable":true,"href":"https:\/\/cultivers.es\/de\/wp-json\/wp\/v2\/product_cat?post=49027"},{"taxonomy":"product_tag","embeddable":true,"href":"https:\/\/cultivers.es\/de\/wp-json\/wp\/v2\/product_tag?post=49027"},{"taxonomy":"woo-feed-brand","embeddable":true,"href":"https:\/\/cultivers.es\/de\/wp-json\/wp\/v2\/woo-feed-brand?post=49027"}],"curies":[{"name":"wp","href":"https:\/\/api.w.org\/{rel}","templated":true}]}}