{"id":49030,"date":"2021-10-22T12:12:51","date_gmt":"2021-10-22T12:12:51","guid":{"rendered":"https:\/\/cultivers.es\/abonos\/schachtelhalm\/"},"modified":"2021-10-22T12:12:51","modified_gmt":"2021-10-22T12:12:51","slug":"schachtelhalm","status":"publish","type":"product","link":"https:\/\/cultivers.es\/de\/d\u00fcngemittel\/schachtelhalm\/","title":{"rendered":"Schachtelhalm"},"content":{"rendered":"<p>Formuliert auf der Basis von Schachtelhalm, reich an biofungiziden Verbindungen (u. a. Equisetonine, Kiesels\u00e4ure, Gerbs\u00e4ure und Galluss\u00e4ure), die den nat\u00fcrlichen Abwehrmechanismus der Pflanze verst\u00e4rken. Verhindert Krankheiten, die durch pathogene Pilze wie Falscher Mehltau, Mehltau, Rost usw. verursacht werden.<\/p>\n","protected":false},"excerpt":{"rendered":"<ul class=\"a-unordered-list a-vertical a-spacing-mini\">\n<li><span class=\"a-list-item\">Mit Schachtelhalm, der reich an biofungiziden Verbindungen (u.a. Equisetonine, Kiesels\u00e4ure, Gerbs\u00e4ure und Galluss\u00e4ure) ist, die den nat\u00fcrlichen Abwehrmechanismus der Pflanzen verst\u00e4rken.<\/span><\/li>\n<li><span class=\"a-list-item\">Verhindert Krankheiten, die durch pathogene Pilze wie Falscher Mehltau, Mehltau, Rost usw. verursacht werden.<\/span><\/li>\n<li><span class=\"a-list-item\">Equisentum Arvense-Extrakt<\/span><\/li>\n<li><span class=\"a-list-item\">Grundstoff nach R (EC) 1.107\/2.009. Insektizide, fungizide und akarizide Wirkung.<\/span><\/li>\n<li><span class=\"a-list-item\">Hoher Mineralstoffgehalt (Kiesels\u00e4ure, Kaliumsulfat, Kalzium, Zink, Kaliumchlorid, Magnesium, Eisen, \u00d6ls\u00e4ure), Vitamin C, Aminos\u00e4uren,&#8230;<\/span><\/li>\n<li><span class=\"a-list-item\">Zugelassen im \u00f6kologischen Landbau<\/span><\/li>\n<\/ul>\n","protected":false},"featured_media":28593,"comment_status":"open","ping_status":"closed","template":"","meta":{"_acf_changed":false},"product_brand":[],"product_cat":[480],"product_tag":[1561],"woo-feed-brand":[],"class_list":{"0":"post-49030","1":"product","2":"type-product","3":"status-publish","4":"has-post-thumbnail","6":"product_cat-grundlegende-stoffe","7":"product_tag-ecocert-de","9":"first","10":"instock","11":"taxable","12":"shipping-taxable","13":"purchasable","14":"product-type-variable"},"acf":[],"_links":{"self":[{"href":"https:\/\/cultivers.es\/de\/wp-json\/wp\/v2\/product\/49030","targetHints":{"allow":["GET"]}}],"collection":[{"href":"https:\/\/cultivers.es\/de\/wp-json\/wp\/v2\/product"}],"about":[{"href":"https:\/\/cultivers.es\/de\/wp-json\/wp\/v2\/types\/product"}],"replies":[{"embeddable":true,"href":"https:\/\/cultivers.es\/de\/wp-json\/wp\/v2\/comments?post=49030"}],"wp:featuredmedia":[{"embeddable":true,"href":"https:\/\/cultivers.es\/de\/wp-json\/wp\/v2\/media\/28593"}],"wp:attachment":[{"href":"https:\/\/cultivers.es\/de\/wp-json\/wp\/v2\/media?parent=49030"}],"wp:term":[{"taxonomy":"product_brand","embeddable":true,"href":"https:\/\/cultivers.es\/de\/wp-json\/wp\/v2\/product_brand?post=49030"},{"taxonomy":"product_cat","embeddable":true,"href":"https:\/\/cultivers.es\/de\/wp-json\/wp\/v2\/product_cat?post=49030"},{"taxonomy":"product_tag","embeddable":true,"href":"https:\/\/cultivers.es\/de\/wp-json\/wp\/v2\/product_tag?post=49030"},{"taxonomy":"woo-feed-brand","embeddable":true,"href":"https:\/\/cultivers.es\/de\/wp-json\/wp\/v2\/woo-feed-brand?post=49030"}],"curies":[{"name":"wp","href":"https:\/\/api.w.org\/{rel}","templated":true}]}}