{"id":49033,"date":"2023-10-25T09:33:09","date_gmt":"2023-10-25T09:33:09","guid":{"rendered":"https:\/\/cultivers.es\/abonos\/demeter-biodynamische-san-michele-kohlsamen\/"},"modified":"2025-09-22T05:25:30","modified_gmt":"2025-09-22T05:25:30","slug":"demeter-biodynamische-san-michele-kohlsamen","status":"publish","type":"product","link":"https:\/\/cultivers.es\/de\/d\u00fcngemittel\/demeter-biodynamische-san-michele-kohlsamen\/","title":{"rendered":"Demeter Biodynamische San Michele Kohlsamen"},"content":{"rendered":"","protected":false},"excerpt":{"rendered":"<p>Der <strong>San Michele-Kohl<\/strong><em>(Brassica oleracea<\/em>) ist eine traditionelle Sorte, die f\u00fcr ihre <strong>gro\u00dfen, gr\u00fcnen, gewellten Bl\u00e4tter<\/strong> mit einer zarten Textur und einem milden Geschmack bekannt ist. Dieser Kohl ist ideal f\u00fcr Eint\u00f6pfe, Pfannengerichte, Suppen und sogar f\u00fcr die Zubereitung von gef\u00fcllten Bl\u00e4ttern und zeichnet sich durch seine kulinarische Vielseitigkeit und seinen hohen N\u00e4hrwert aus. Er ist widerstandsf\u00e4hig und leicht anzubauen, was ihn zu einer perfekten Wahl f\u00fcr jeden <strong>Gem\u00fcsegarten<\/strong> macht.  <\/p>\n<p><strong>Gro\u00dfe, zarte Bl\u00e4tter:<\/strong> Die breiten, biegsamen Bl\u00e4tter sind perfekt f\u00fcr eine Vielzahl von Rezepten, von Salaten bis hin zu gekochten Gerichten.<\/p>\n<p><strong>Milder und delikater Geschmack:<\/strong> Seine zarte Textur und sein ausgewogener Geschmack machen ihn ideal f\u00fcr Beilagen, Eint\u00f6pfe und traditionelle Rezepte.<\/p>\n<p><strong>Hohe Produktivit\u00e4t:<\/strong> Produziert ununterbrochen Bl\u00e4tter und garantiert so eine reiche und anhaltende Ernte w\u00e4hrend der gesamten Saison.<\/p>\n<p><strong>Reich an N\u00e4hrstoffen:<\/strong> Nat\u00fcrliche Quelle der Vitamine A, C und K sowie Mineralien wie Kalzium und Eisen, die eine gesunde Ern\u00e4hrung unterst\u00fctzen.<\/p>\n<p><strong>Einfacher Anbau:<\/strong> Sie ist k\u00e4lteresistent und an verschiedene Bodentypen angepasst. Sie eignet sich sowohl f\u00fcr Anf\u00e4nger als auch f\u00fcr erfahrene G\u00e4rtner.<\/p>\n<p><strong>Biologischer Anbau:<\/strong> Unser Saatgut ist <strong>zu 100% biologisch<\/strong>, frei von Pestiziden und chemischen D\u00fcngemitteln und f\u00f6rdert einen nachhaltigen und umweltfreundlichen Anbau.<\/p>\n<p>Erg\u00e4nzen Sie Ihren <strong>Garten<\/strong> mit <strong>Bio-San Michele-Kohl<\/strong> und genie\u00dfen Sie eine vielseitige, nahrhafte und k\u00f6stliche Vielfalt in Ihren Gerichten - bestellen Sie noch heute und beginnen Sie mit dem Anbau! <\/p>\n","protected":false},"featured_media":50122,"comment_status":"open","ping_status":"closed","template":"","meta":{"_acf_changed":false},"product_brand":[],"product_cat":[423,419,1304],"product_tag":[1384],"class_list":{"0":"post-49033","1":"product","2":"type-product","3":"status-publish","4":"has-post-thumbnail","6":"product_cat-bio-brassica-saatgut","7":"product_cat-bio-saatgut","8":"product_cat-demeter-samen","9":"product_tag-demeter-de","11":"first","12":"instock","13":"sale","14":"taxable","15":"shipping-taxable","16":"purchasable","17":"product-type-variable"},"acf":[],"_links":{"self":[{"href":"https:\/\/cultivers.es\/de\/wp-json\/wp\/v2\/product\/49033","targetHints":{"allow":["GET"]}}],"collection":[{"href":"https:\/\/cultivers.es\/de\/wp-json\/wp\/v2\/product"}],"about":[{"href":"https:\/\/cultivers.es\/de\/wp-json\/wp\/v2\/types\/product"}],"replies":[{"embeddable":true,"href":"https:\/\/cultivers.es\/de\/wp-json\/wp\/v2\/comments?post=49033"}],"wp:featuredmedia":[{"embeddable":true,"href":"https:\/\/cultivers.es\/de\/wp-json\/wp\/v2\/media\/50122"}],"wp:attachment":[{"href":"https:\/\/cultivers.es\/de\/wp-json\/wp\/v2\/media?parent=49033"}],"wp:term":[{"taxonomy":"product_brand","embeddable":true,"href":"https:\/\/cultivers.es\/de\/wp-json\/wp\/v2\/product_brand?post=49033"},{"taxonomy":"product_cat","embeddable":true,"href":"https:\/\/cultivers.es\/de\/wp-json\/wp\/v2\/product_cat?post=49033"},{"taxonomy":"product_tag","embeddable":true,"href":"https:\/\/cultivers.es\/de\/wp-json\/wp\/v2\/product_tag?post=49033"}],"curies":[{"name":"wp","href":"https:\/\/api.w.org\/{rel}","templated":true}]}}