{"id":49039,"date":"2024-09-11T12:08:45","date_gmt":"2024-09-11T12:08:45","guid":{"rendered":"https:\/\/cultivers.es\/abonos\/karat-kuerbiskerne\/"},"modified":"2025-09-22T05:26:50","modified_gmt":"2025-09-22T05:26:50","slug":"karat-kuerbiskerne","status":"publish","type":"product","link":"https:\/\/cultivers.es\/de\/d\u00fcngemittel\/karat-kuerbiskerne\/","title":{"rendered":"Karat K\u00fcrbiskerne"},"content":{"rendered":"","protected":false},"excerpt":{"rendered":"<p>Mit unseren Bio-K\u00fcrbiskernen der Sorte Carat k\u00f6nnen Sie Geschmack und Gesundheit in Ihrem Garten kultivieren. Diese Sorte ist bekannt f\u00fcr ihren s\u00fc\u00dfen Geschmack und ihr festes Fruchtfleisch, das sich f\u00fcr alles eignet, von cremigen Suppen bis hin zu k\u00f6stlichen Desserts. Carat K\u00fcrbis wird f\u00fcr seinen Ertrag gesch\u00e4tzt und ist die perfekte Wahl f\u00fcr Liebhaber von hochwertigen, essbaren K\u00fcrbissen.  <\/p>\n<ul>\n<li><strong>S\u00fc\u00dfer und vielseitiger Geschmack:<\/strong> Karat K\u00fcrbis bietet ein s\u00fc\u00dfes und weiches Fruchtfleisch, das sich perfekt f\u00fcr eine Vielzahl von Rezepten eignet, von Cremes und P\u00fcrees bis hin zu Torten und gebackenen Desserts.<\/li>\n<li><strong>Hohe Produktivit\u00e4t:<\/strong> Diese Sorte ist f\u00fcr ihre F\u00e4higkeit bekannt, gro\u00dfe und reichhaltige Fr\u00fcchte zu produzieren, die eine gro\u00dfz\u00fcgige Ernte w\u00e4hrend der Vegetationsperiode garantieren.<\/li>\n<li><strong>Einfacher Anbau:<\/strong> Die Carat Squash-Pflanze ist robust und widerstandsf\u00e4hig und passt sich gut an verschiedene Bodenarten und Klimazonen an. Sie ist sowohl f\u00fcr Anf\u00e4nger als auch f\u00fcr erfahrene G\u00e4rtner ideal. <\/li>\n<li><strong>Ern\u00e4hrungsphysiologische Vorteile:<\/strong> Neben seinem k\u00f6stlichen Geschmack ist dieser K\u00fcrbis reich an Vitamin A und C, Antioxidantien und Ballaststoffen, was ihn zu einem gesunden und nahrhaften Lebensmittel macht, das Sie in Ihre Ern\u00e4hrung aufnehmen sollten.<\/li>\n<li><strong>Biologischer Anbau:<\/strong> Unser Saatgut wird zu 100% biologisch angebaut, ohne Pestizide oder chemische D\u00fcngemittel, was ein nat\u00fcrliches, gesundes und umweltfreundliches Produkt gew\u00e4hrleistet.<\/li>\n<\/ul>\n<p>Bringen Sie mit den Bio-K\u00fcrbiskernen von Carat Geschmack und N\u00e4hrstoffe in Ihren Garten. Genie\u00dfen Sie eine reiche und k\u00f6stliche Ernte mit allen Vorteilen des biologischen Anbaus - bestellen Sie noch heute und beginnen Sie mit dem Anbau von K\u00fcrbissen voller Geschmack und Gesundheit in Ihrem eigenen Garten!  <\/p>\n","protected":false},"featured_media":33919,"comment_status":"open","ping_status":"closed","template":"","meta":{"_acf_changed":false},"product_brand":[],"product_cat":[438,419],"product_tag":[1580],"class_list":{"0":"post-49039","1":"product","2":"type-product","3":"status-publish","4":"has-post-thumbnail","6":"product_cat-bio-obst-und-gemusesaatgut","7":"product_cat-bio-saatgut","8":"product_tag-oko","10":"first","11":"instock","12":"taxable","13":"shipping-taxable","14":"purchasable","15":"product-type-simple"},"acf":[],"_links":{"self":[{"href":"https:\/\/cultivers.es\/de\/wp-json\/wp\/v2\/product\/49039","targetHints":{"allow":["GET"]}}],"collection":[{"href":"https:\/\/cultivers.es\/de\/wp-json\/wp\/v2\/product"}],"about":[{"href":"https:\/\/cultivers.es\/de\/wp-json\/wp\/v2\/types\/product"}],"replies":[{"embeddable":true,"href":"https:\/\/cultivers.es\/de\/wp-json\/wp\/v2\/comments?post=49039"}],"wp:featuredmedia":[{"embeddable":true,"href":"https:\/\/cultivers.es\/de\/wp-json\/wp\/v2\/media\/33919"}],"wp:attachment":[{"href":"https:\/\/cultivers.es\/de\/wp-json\/wp\/v2\/media?parent=49039"}],"wp:term":[{"taxonomy":"product_brand","embeddable":true,"href":"https:\/\/cultivers.es\/de\/wp-json\/wp\/v2\/product_brand?post=49039"},{"taxonomy":"product_cat","embeddable":true,"href":"https:\/\/cultivers.es\/de\/wp-json\/wp\/v2\/product_cat?post=49039"},{"taxonomy":"product_tag","embeddable":true,"href":"https:\/\/cultivers.es\/de\/wp-json\/wp\/v2\/product_tag?post=49039"}],"curies":[{"name":"wp","href":"https:\/\/api.w.org\/{rel}","templated":true}]}}