{"id":49179,"date":"2023-10-25T09:18:16","date_gmt":"2023-10-25T09:18:16","guid":{"rendered":"https:\/\/cultivers.es\/abonos\/luffa-samen\/"},"modified":"2025-10-31T10:00:30","modified_gmt":"2025-10-31T10:00:30","slug":"luffa-samen","status":"publish","type":"product","link":"https:\/\/cultivers.es\/de\/d\u00fcngemittel\/luffa-samen\/","title":{"rendered":"Luffa-Samen"},"content":{"rendered":"","protected":false},"excerpt":{"rendered":"<p><strong>Luffa<\/strong><em>(Luffa cylindrica<\/em>), auch <strong>Gem\u00fcseschwamm<\/strong> genannt, ist eine sehr vielseitige Kletterpflanze, die sowohl f\u00fcr ihre <strong>kulinarische<\/strong> Verwendung <strong>im jungen Zustand<\/strong> als auch f\u00fcr ihre Verwendung als <strong>nat\u00fcrlicher Schwamm<\/strong> im reifen Zustand gesch\u00e4tzt wird. Die zylindrischen, l\u00e4nglichen Fr\u00fcchte k\u00f6nnen im zarten Zustand \u00e4hnlich wie Zucchini gegessen werden, w\u00e4hrend sie im getrockneten Zustand als nat\u00fcrliche und \u00f6kologische Peelings verwendet werden. Sie ist eine ideale Option f\u00fcr den <strong>Gartenanbau<\/strong> und verbindet Funktionalit\u00e4t und Nachhaltigkeit.  <\/p>\n<p><strong>Vielseitige Fr\u00fcchte:<\/strong> Wenn sie jung sind, sind sie essbar und perfekt f\u00fcr Pfannengerichte und Eint\u00f6pfe. Wenn sie reif und getrocknet sind, werden sie zu biologisch abbaubaren Gem\u00fcseschw\u00e4mmen, ideal f\u00fcr die K\u00f6rperpflege und die Reinigung im Haushalt. <\/p>\n<p><strong>Kletter- und Nutzpflanze:<\/strong> Ihr kr\u00e4ftiges und schnelles Wachstum erm\u00f6glicht es ihr, Pergolen, Z\u00e4une oder vertikale Strukturen zu bedecken und so den Platz im Obstgarten optimal zu nutzen.<\/p>\n<p><strong>Nachhaltig und \u00f6kologisch:<\/strong> Die aus der Luffa gewonnenen Naturschw\u00e4mme sind biologisch abbaubar, wiederverwendbar und plastikfrei, was sie zu einer \u00f6kologischen Alternative zu synthetischen Schw\u00e4mmen macht.<\/p>\n<p><strong>Reich an N\u00e4hrstoffen (wenn sie jung sind):<\/strong> Als Gem\u00fcse ist Luffa kalorienarm und reich an Ballaststoffen, Vitaminen und Antioxidantien und tr\u00e4gt so zu einer ausgewogenen Ern\u00e4hrung bei.<\/p>\n<p><strong>Einfach zu z\u00fcchten:<\/strong> Sie passt sich an warme Klimazonen und gut durchl\u00e4ssige B\u00f6den an und ist eine robuste und pflegeleichte Pflanze, ideal f\u00fcr Anf\u00e4nger und fortgeschrittene G\u00e4rtner.<\/p>\n<p><strong>Biologischer Anbau:<\/strong> Unser Saatgut ist <strong>100% biologisch<\/strong>, frei von Pestiziden und chemischen D\u00fcngemitteln und garantiert einen nachhaltigen und umweltfreundlichen Anbau.<\/p>\n<p>Erg\u00e4nzen Sie Ihren <strong>Garten<\/strong> mit <strong>Bio-Luffa<\/strong> und freuen Sie sich \u00fcber eine multifunktionale Pflanze, die Nahrung und Nachhaltigkeit in einer Pflanze vereint. Bestellen Sie noch heute und bauen Sie eine nat\u00fcrliche und \u00f6kologische Option f\u00fcr Ihr Zuhause an! <\/p>\n","protected":false},"featured_media":50235,"comment_status":"open","ping_status":"closed","template":"","meta":{"_acf_changed":false},"product_brand":[],"product_cat":[438,419],"product_tag":[1580],"class_list":{"0":"post-49179","1":"product","2":"type-product","3":"status-publish","4":"has-post-thumbnail","6":"product_cat-bio-obst-und-gemusesaatgut","7":"product_cat-bio-saatgut","8":"product_tag-oko","10":"first","11":"instock","12":"taxable","13":"shipping-taxable","14":"purchasable","15":"product-type-simple"},"acf":[],"_links":{"self":[{"href":"https:\/\/cultivers.es\/de\/wp-json\/wp\/v2\/product\/49179","targetHints":{"allow":["GET"]}}],"collection":[{"href":"https:\/\/cultivers.es\/de\/wp-json\/wp\/v2\/product"}],"about":[{"href":"https:\/\/cultivers.es\/de\/wp-json\/wp\/v2\/types\/product"}],"replies":[{"embeddable":true,"href":"https:\/\/cultivers.es\/de\/wp-json\/wp\/v2\/comments?post=49179"}],"wp:featuredmedia":[{"embeddable":true,"href":"https:\/\/cultivers.es\/de\/wp-json\/wp\/v2\/media\/50235"}],"wp:attachment":[{"href":"https:\/\/cultivers.es\/de\/wp-json\/wp\/v2\/media?parent=49179"}],"wp:term":[{"taxonomy":"product_brand","embeddable":true,"href":"https:\/\/cultivers.es\/de\/wp-json\/wp\/v2\/product_brand?post=49179"},{"taxonomy":"product_cat","embeddable":true,"href":"https:\/\/cultivers.es\/de\/wp-json\/wp\/v2\/product_cat?post=49179"},{"taxonomy":"product_tag","embeddable":true,"href":"https:\/\/cultivers.es\/de\/wp-json\/wp\/v2\/product_tag?post=49179"}],"curies":[{"name":"wp","href":"https:\/\/api.w.org\/{rel}","templated":true}]}}