{"id":49183,"date":"2024-09-11T12:42:07","date_gmt":"2024-09-11T12:42:07","guid":{"rendered":"https:\/\/cultivers.es\/abonos\/radieschen-samen-18-jours\/"},"modified":"2026-02-17T18:40:17","modified_gmt":"2026-02-17T18:40:17","slug":"radieschen-samen-18-jours","status":"publish","type":"product","link":"https:\/\/cultivers.es\/de\/d\u00fcngemittel\/radieschen-samen-18-jours\/","title":{"rendered":"Radieschen Samen 18 Jours"},"content":{"rendered":"","protected":false},"excerpt":{"rendered":"<p>Z\u00fcchten Sie eine der schnellsten und k\u00f6stlichsten Rettichsorten mit unseren 18 Jours Organic Radish Seeds. Dieser f\u00fcr sein schnelles Wachstum bekannte Rettich ist in nur 18 Tagen erntereif und bietet knackige, saftige und w\u00fcrzige Wurzeln, die perfekt f\u00fcr frische Salate, gesunde Snacks oder Beilagen sind. <\/p>\n<ul>\n<li><strong>Ernte in nur 18 Tagen:<\/strong> Diese Sorte zeichnet sich durch ihren schnellen Wachstumszyklus aus, so dass Sie bereits nach 18 Tagen frische, knackige Radieschen genie\u00dfen k\u00f6nnen. Ideal f\u00fcr ungeduldige G\u00e4rtner oder diejenigen, die eine schnelle Ernte w\u00fcnschen. <\/li>\n<li><strong>Frischer und leicht w\u00fcrziger Geschmack:<\/strong> 18 Jours Radieschen bieten einen erfrischenden und leicht w\u00fcrzigen Geschmack, der sie perfekt f\u00fcr Salate, Snacks oder Beilagen macht. Sie sind eine hervorragende Erg\u00e4nzung zu jeder Mahlzeit und verleihen ihr einen Hauch von Frische. <\/li>\n<li><strong>Kompakte Gr\u00f6\u00dfe:<\/strong> Mit ihrer kleinen Gr\u00f6\u00dfe, der leuchtend roten Schale und dem wei\u00dfen Fruchtfleisch sind diese Radieschen nicht nur schmackhaft, sondern auch optisch ansprechend auf dem Teller.<\/li>\n<li><strong>Einfacher Anbau:<\/strong> Diese Sorte ist ideal f\u00fcr den Garten und f\u00fcr den K\u00fcbelgarten. Sie ist winterhart und passt sich gut an verschiedene Bodentypen und Klimazonen an, so dass sie sowohl f\u00fcr Anf\u00e4nger als auch f\u00fcr erfahrene G\u00e4rtner eine ausgezeichnete Wahl ist. <\/li>\n<li><strong>Biologischer Anbau:<\/strong> Unser Saatgut ist zu 100% biologisch, was eine Ernte ohne Pestizide und chemische D\u00fcngemittel garantiert und Ihnen und Ihrer Familie eine gesunde und nachhaltige Ernte beschert.<\/li>\n<\/ul>\n<p>Genie\u00dfen Sie die Frische und Schnelligkeit unserer 18 Jours Radieschen mit unserem Bio-Saatgut. Diese Radieschen sind perfekt f\u00fcr alle, die eine schnelle und schmackhafte Ernte suchen. Sie werden Ihren Garten mit Farbe und Ihren Tisch mit Geschmack f\u00fcllen. Bestellen Sie noch heute und ernten Sie in nur 18 Tagen!  <\/p>\n","protected":false},"featured_media":33961,"comment_status":"open","ping_status":"closed","template":"","meta":{"_acf_changed":false},"product_brand":[],"product_cat":[419,433],"product_tag":[1580],"class_list":{"0":"post-49183","1":"product","2":"type-product","3":"status-publish","4":"has-post-thumbnail","6":"product_cat-bio-saatgut","7":"product_cat-bio-wurzelsaatgut","8":"product_tag-oko","10":"first","11":"instock","12":"taxable","13":"shipping-taxable","14":"purchasable","15":"product-type-simple"},"acf":[],"_links":{"self":[{"href":"https:\/\/cultivers.es\/de\/wp-json\/wp\/v2\/product\/49183","targetHints":{"allow":["GET"]}}],"collection":[{"href":"https:\/\/cultivers.es\/de\/wp-json\/wp\/v2\/product"}],"about":[{"href":"https:\/\/cultivers.es\/de\/wp-json\/wp\/v2\/types\/product"}],"replies":[{"embeddable":true,"href":"https:\/\/cultivers.es\/de\/wp-json\/wp\/v2\/comments?post=49183"}],"wp:featuredmedia":[{"embeddable":true,"href":"https:\/\/cultivers.es\/de\/wp-json\/wp\/v2\/media\/33961"}],"wp:attachment":[{"href":"https:\/\/cultivers.es\/de\/wp-json\/wp\/v2\/media?parent=49183"}],"wp:term":[{"taxonomy":"product_brand","embeddable":true,"href":"https:\/\/cultivers.es\/de\/wp-json\/wp\/v2\/product_brand?post=49183"},{"taxonomy":"product_cat","embeddable":true,"href":"https:\/\/cultivers.es\/de\/wp-json\/wp\/v2\/product_cat?post=49183"},{"taxonomy":"product_tag","embeddable":true,"href":"https:\/\/cultivers.es\/de\/wp-json\/wp\/v2\/product_tag?post=49183"}],"curies":[{"name":"wp","href":"https:\/\/api.w.org\/{rel}","templated":true}]}}