{"id":49186,"date":"2024-09-11T13:32:03","date_gmt":"2024-09-11T13:32:03","guid":{"rendered":"https:\/\/cultivers.es\/abonos\/gemeiner-leinsamen\/"},"modified":"2025-09-22T05:46:31","modified_gmt":"2025-09-22T05:46:31","slug":"gemeiner-leinsamen","status":"publish","type":"product","link":"https:\/\/cultivers.es\/de\/d\u00fcngemittel\/gemeiner-leinsamen\/","title":{"rendered":"Gemeiner Leinsamen"},"content":{"rendered":"","protected":false},"excerpt":{"rendered":"<p>Bauen Sie mit unseren Bio-Leinsamen eine vielseitige und n\u00fctzliche Pflanze an. Gemeiner Lein ist nicht nur eine Zierpflanze mit zarten blauen Bl\u00fcten, sondern auch f\u00fcr seine Samen bekannt, die reich an Omega-3-Fetts\u00e4uren, Ballaststoffen und Antioxidantien sind. Diese Pflanze eignet sich perfekt, um die Artenvielfalt in Ihrem Garten zu erh\u00f6hen und die wertvollen Samen zu ernten, die sich ideal in eine gesunde Ern\u00e4hrung integrieren lassen.  <\/p>\n<ul>\n<li><strong>Zarte und attraktive Bl\u00fcten:<\/strong> Der Gemeine Lein bildet wundersch\u00f6ne blaue Bl\u00fcten, die Ihren Garten versch\u00f6nern und Best\u00e4uber wie Bienen und Schmetterlinge anlocken, was zur Erhaltung der Artenvielfalt in Ihrem Garten beitr\u00e4gt.<\/li>\n<li><strong>Nahrhafte Samen:<\/strong> Leinsamen sind bekannt f\u00fcr ihren hohen Gehalt an Omega-3-Fetts\u00e4uren, Ballaststoffen und Antioxidantien, was sie zu einer hervorragenden Erg\u00e4nzung einer ausgewogenen Ern\u00e4hrung macht. Sie k\u00f6nnen in Broten, Salaten, Smoothies und mehr verzehrt werden. <\/li>\n<li><strong>Vielseitigkeit im Garten:<\/strong> Flachs ist nicht nur f\u00fcr die Ern\u00e4hrung n\u00fctzlich, sondern verbessert auch die Bodenstruktur, indem er hilft, wichtige N\u00e4hrstoffe zu binden und effektiv zu mulchen.<\/li>\n<li><strong>Einfacher Anbau:<\/strong> Der Gemeine Lein ist eine robuste Pflanze, die sich gut an eine Vielzahl von Klima- und Bodenbedingungen anpasst und sich daher sowohl f\u00fcr Anf\u00e4nger als auch f\u00fcr erfahrene G\u00e4rtner eignet. Er kann im Gem\u00fcsegarten oder sogar in gro\u00dfen T\u00f6pfen angebaut werden. <\/li>\n<li><strong>Biologischer Anbau:<\/strong> Unsere Leinsamen stammen zu 100% aus biologischem Anbau, was ein chemie- und pestizidfreies Wachstum garantiert, ideal f\u00fcr alle, die eine nat\u00fcrliche und nachhaltige Produktion anstreben.<\/li>\n<\/ul>\n<p>Versch\u00f6nern Sie Ihren Garten und verbessern Sie Ihre Ern\u00e4hrung mit Bio-Leinssamen. Genie\u00dfen Sie seine zarten Bl\u00fcten und ernten Sie seine wertvollen Samen f\u00fcr eine nahrhafte und gesunde Verwendung - bestellen Sie noch heute und bauen Sie diese vielseitige Pflanze in Ihrem Bio-Garten an!  <\/p>\n","protected":false},"featured_media":33977,"comment_status":"open","ping_status":"closed","template":"","meta":{"_acf_changed":false},"product_brand":[],"product_cat":[475,419],"product_tag":[1580],"woo-feed-brand":[],"class_list":{"0":"post-49186","1":"product","2":"type-product","3":"status-publish","4":"has-post-thumbnail","6":"product_cat-bio-blumensaatgut","7":"product_cat-bio-saatgut","8":"product_tag-oko","10":"first","11":"instock","12":"taxable","13":"shipping-taxable","14":"purchasable","15":"product-type-simple"},"acf":[],"_links":{"self":[{"href":"https:\/\/cultivers.es\/de\/wp-json\/wp\/v2\/product\/49186","targetHints":{"allow":["GET"]}}],"collection":[{"href":"https:\/\/cultivers.es\/de\/wp-json\/wp\/v2\/product"}],"about":[{"href":"https:\/\/cultivers.es\/de\/wp-json\/wp\/v2\/types\/product"}],"replies":[{"embeddable":true,"href":"https:\/\/cultivers.es\/de\/wp-json\/wp\/v2\/comments?post=49186"}],"wp:featuredmedia":[{"embeddable":true,"href":"https:\/\/cultivers.es\/de\/wp-json\/wp\/v2\/media\/33977"}],"wp:attachment":[{"href":"https:\/\/cultivers.es\/de\/wp-json\/wp\/v2\/media?parent=49186"}],"wp:term":[{"taxonomy":"product_brand","embeddable":true,"href":"https:\/\/cultivers.es\/de\/wp-json\/wp\/v2\/product_brand?post=49186"},{"taxonomy":"product_cat","embeddable":true,"href":"https:\/\/cultivers.es\/de\/wp-json\/wp\/v2\/product_cat?post=49186"},{"taxonomy":"product_tag","embeddable":true,"href":"https:\/\/cultivers.es\/de\/wp-json\/wp\/v2\/product_tag?post=49186"},{"taxonomy":"woo-feed-brand","embeddable":true,"href":"https:\/\/cultivers.es\/de\/wp-json\/wp\/v2\/woo-feed-brand?post=49186"}],"curies":[{"name":"wp","href":"https:\/\/api.w.org\/{rel}","templated":true}]}}