{"id":50338,"date":"2025-10-20T09:05:23","date_gmt":"2025-10-20T09:05:23","guid":{"rendered":"https:\/\/cultivers.es\/abonos\/duengemittel-pellets-anlagen\/"},"modified":"2025-10-20T09:05:23","modified_gmt":"2025-10-20T09:05:23","slug":"duengemittel-pellets-anlagen","status":"publish","type":"product","link":"https:\/\/cultivers.es\/de\/d\u00fcngemittel\/duengemittel-pellets-anlagen\/","title":{"rendered":"D\u00fcngemittel-Pellets-Anlagen"},"content":{"rendered":"<p>Biobauern und G\u00e4rtner wissen, dass die Wahl des richtigen D\u00fcngers den Unterschied zwischen einer mittelm\u00e4\u00dfigen Ernte und einer gesunden, \u00fcppigen Ernte ausmacht. CULTIVERS Plant Pellets Fertilizer kombiniert fortschrittliche Wissenschaft und Respekt vor der Natur zu einem universellen mikrogranularen organischen D\u00fcnger, der Ihre Pflanzen st\u00e4rkt, ohne dem \u00d6kosystem zu schaden. Mit einer ausgewogenen NPK-Formel von 6-7-10, angereichert mit 50% organischem Material und Mikroelementen wie Kalzium, Magnesium und Eisen, bietet dieser D\u00fcnger eine vollst\u00e4ndige Ern\u00e4hrung. Stickstoff f\u00f6rdert das vegetative Wachstum, Phosphor stimuliert Bl\u00fcten und Wurzeln, und Kalium st\u00e4rkt die Pflanze gegen Stress und Krankheiten. Dar\u00fcber hinaus verbessert der hohe Gehalt an organischen Stoffen und Huminstoffen die physikalischen, chemischen und biologischen Eigenschaften des Bodens und optimiert seine Wasserr\u00fcckhalte- und Bel\u00fcftungsf\u00e4higkeit. Ein wichtiger Vorteil ist das niedrige C\/N-Verh\u00e4ltnis (5), das eine schnelle Mineralisierung erm\u00f6glicht: Die Mikroorganismen im Boden bauen das Pellet effektiv ab und setzen die N\u00e4hrstoffe in einer Form frei, die von der Pflanze aufgenommen werden kann. Sie brauchen nicht wochenlang zu warten: Der D\u00fcnger wirkt von Anfang an, vorausgesetzt, er wird gut in den Boden eingearbeitet und nicht im Freien liegen gelassen. Die Ausbringung k\u00f6nnte nicht einfacher sein: f\u00fcr Gem\u00fcse werden 1,5 bis 2 Tonnen pro Hektar empfohlen, f\u00fcr Obstb\u00e4ume 2 bis 3 kg pro Baum und f\u00fcr Weinreben 0,8 bis 1 kg pro Rebe. Es ist wichtig, den D\u00fcnger in den Oberboden einzugraben, ihn nie an der Oberfl\u00e4che zu lassen, damit die Feuchtigkeit und die Mikroorganismen optimal wirken k\u00f6nnen.        <\/p>\n","protected":false},"excerpt":{"rendered":"<p>Sichtbare Bodenverbesserung mit aktiver organischer Substanz Dieser granulierte organische Pflanzend\u00fcnger st\u00e4rkt die Bodenstruktur dank seiner hohen Konzentration an organischer Substanz und Humusextrakt. Er verbessert die Wasserr\u00fcckhaltung, die Durchl\u00fcftung und die mikrobielle Aktivit\u00e4t, die der Schl\u00fcssel zu einem gesunden Wurzelsystem und einer kr\u00e4ftigeren Ernte sind. Ideal als nat\u00fcrlicher Bodenverbesserer im \u00f6kologischen Landbau.<br \/>\n\ud83e\uddc2 Strukturelles Calcium (10,1 %): Nat\u00fcrliche Zellverst\u00e4rkung \ud83d\udca7 Professionelle Zusammensetzung mit Makro- und Mikron\u00e4hrstoffen CULTIVERS enth\u00e4lt NPK (6-7-10) und ein vollst\u00e4ndiges Mikron\u00e4hrstoffprofil: Calcium (10,1 %), Magnesium (2,3 %), Eisen (0,7 %) und Schwefel (1,3 %). Dieser universelle organische Granulatd\u00fcnger sorgt f\u00fcr eine ausgewogene Pflanzenern\u00e4hrung und verbessert Wachstum, Bl\u00fcte und Widerstandsf\u00e4higkeit. Eine Formel, die f\u00fcr anspruchsvolle Kulturen und den \u00f6kologischen Anbau entwickelt wurde.<br \/>\nDank seines C\/N-Verh\u00e4ltnisses von 5 und seiner Granulometrie setzt dieser k\u00f6rnige organische D\u00fcnger die N\u00e4hrstoffe sofort nach der Ausbringung frei. Er wird durch die Bodenfeuchtigkeit aktiviert und leicht von den Wurzeln aufgenommen, was bei Gem\u00fcse, Obstb\u00e4umen und Zierpflanzen schon in den ersten Tagen zu sichtbaren Ergebnissen f\u00fchrt.<br \/>\n\ud83c\udf3c Vielseitig f\u00fcr alle Arten von Pflanzen und B\u00f6den Dieser nat\u00fcrliche Pflanzend\u00fcnger in Granulatform ist f\u00fcr Gartenbaukulturen, Obstb\u00e4ume, Weinreben, Olivenb\u00e4ume, Rasenfl\u00e4chen und mehr geeignet. Dank seiner universellen Formel eignet er sich sowohl f\u00fcr st\u00e4dtische G\u00e4rten als auch f\u00fcr die professionelle Landwirtschaft. Er passt sich an jede Art von Boden an und liefert N\u00e4hrstoffe von der Wurzel an.<br \/>\n100% nat\u00fcrlich, chemiefrei und tierversuchsfrei Hergestellt aus pflanzlichen und tierischen Bestandteilen und ohne chemische Zus\u00e4tze ist dieser Bio-Gartenkompost v\u00f6llig sicher f\u00fcr Haustiere, Wildtiere und die nat\u00fcrliche Umwelt. Perfekt f\u00fcr alle, die eine nachhaltige, umweltfreundliche und zertifizierte Bio-Nahrung suchen. <\/p>\n","protected":false},"featured_media":53689,"comment_status":"open","ping_status":"closed","template":"","meta":{"_acf_changed":false},"product_brand":[],"product_cat":[331,666],"product_tag":[],"woo-feed-brand":[],"class_list":{"0":"post-50338","1":"product","2":"type-product","3":"status-publish","4":"has-post-thumbnail","6":"product_cat-feste-dungemittel","7":"product_cat-organische-dungemittel","9":"first","10":"instock","11":"taxable","12":"shipping-taxable","13":"purchasable","14":"product-type-variable"},"acf":[],"_links":{"self":[{"href":"https:\/\/cultivers.es\/de\/wp-json\/wp\/v2\/product\/50338","targetHints":{"allow":["GET"]}}],"collection":[{"href":"https:\/\/cultivers.es\/de\/wp-json\/wp\/v2\/product"}],"about":[{"href":"https:\/\/cultivers.es\/de\/wp-json\/wp\/v2\/types\/product"}],"replies":[{"embeddable":true,"href":"https:\/\/cultivers.es\/de\/wp-json\/wp\/v2\/comments?post=50338"}],"wp:featuredmedia":[{"embeddable":true,"href":"https:\/\/cultivers.es\/de\/wp-json\/wp\/v2\/media\/53689"}],"wp:attachment":[{"href":"https:\/\/cultivers.es\/de\/wp-json\/wp\/v2\/media?parent=50338"}],"wp:term":[{"taxonomy":"product_brand","embeddable":true,"href":"https:\/\/cultivers.es\/de\/wp-json\/wp\/v2\/product_brand?post=50338"},{"taxonomy":"product_cat","embeddable":true,"href":"https:\/\/cultivers.es\/de\/wp-json\/wp\/v2\/product_cat?post=50338"},{"taxonomy":"product_tag","embeddable":true,"href":"https:\/\/cultivers.es\/de\/wp-json\/wp\/v2\/product_tag?post=50338"},{"taxonomy":"woo-feed-brand","embeddable":true,"href":"https:\/\/cultivers.es\/de\/wp-json\/wp\/v2\/woo-feed-brand?post=50338"}],"curies":[{"name":"wp","href":"https:\/\/api.w.org\/{rel}","templated":true}]}}