{"id":50351,"date":"2025-10-20T08:31:32","date_gmt":"2025-10-20T08:31:32","guid":{"rendered":"https:\/\/cultivers.es\/abonos\/dolomit-landwirtschaftskalk\/"},"modified":"2026-03-14T10:03:53","modified_gmt":"2026-03-14T10:03:53","slug":"dolomit-landwirtschaftskalk","status":"publish","type":"product","link":"https:\/\/cultivers.es\/de\/d\u00fcngemittel\/dolomit-landwirtschaftskalk\/","title":{"rendered":"Dolomit Landwirtschaftskalk"},"content":{"rendered":"<p>Die Verwendung von Dolomit im \u00f6kologischen Landbau hat dank seiner doppelten Wirkung als Beitrag zur N\u00e4hrstoffversorgung und zur Strukturverbesserung des Bodens zunehmend an Bedeutung gewonnen. Dieses nat\u00fcrliche Mineral, das aus Kalziumkarbonat (CaCO\u2083) und Magnesiumkarbonat (MgCO\u2083) besteht, wird als idealer Zusatz f\u00fcr saure B\u00f6den vorgestellt, der die gesunde Entwicklung der Pflanzen dank eines optimalen Bodenmilieus f\u00f6rdert. Erstens wirkt Dolomit als pH-Regulator: in B\u00f6den mit hohem S\u00e4uregehalt schr\u00e4nkt er die Verf\u00fcgbarkeit von wichtigen N\u00e4hrstoffen ein und behindert die mikrobielle Aktivit\u00e4t. Durch die Anwendung dieses Zusatzes wird der S\u00e4uregehalt allm\u00e4hlich neutralisiert und ein g\u00fcnstigeres Umfeld f\u00fcr die N\u00e4hrstoffaufnahme durch die Wurzeln geschaffen. Gleichzeitig verbessert er dank des Kalziums und Magnesiums, das er liefert, die Chlorophyllsynthese, steigert die Vitalit\u00e4t der Pflanzen und f\u00f6rdert wichtige physiologische Prozesse wie die Photosynthese. Was seine strukturelle Wirkung betrifft, so verbessert Dolomit die Bildung von Bodenaggregaten, was die Porosit\u00e4t, die Wasserr\u00fcckhaltung und die Bel\u00fcftung erh\u00f6ht, wesentliche Aspekte f\u00fcr ein gesundes Wurzelsystem. Diese strukturellen Verbesserungen f\u00fchren zu einem lebendigeren Boden mit einer h\u00f6heren biologischen Aktivit\u00e4t, was sich direkt auf die Ernteertr\u00e4ge auswirkt. Die Ausbringung von Dolomit sollte auf eine technisch angepasste Art und Weise erfolgen: idealerweise vor der Aussaat oder Pflanzung, damit der D\u00fcnger Zeit hat, mit dem Boden zu interagieren. Es gibt verschiedene Methoden: Einarbeitung in den Boden, Ausbringung auf der Oberfl\u00e4che, Mischung mit anderen organischen Stoffen oder sogar Verwendung in Substraten. Dieser erste Schritt ist der Schl\u00fcssel zur Optimierung der Pflanzenentwicklung, da das Bodensystem von Anfang an mit den richtigen N\u00e4hrstoffen und der richtigen Struktur vorbereitet wird. Die Vielseitigkeit von Dolomit erm\u00f6glicht den Einsatz bei einer Vielzahl von Gem\u00fcse-, Obst- und Getreidekulturen. Die Vorteile zeigen sich auf unterschiedliche Weise: bessere Aufnahme von Kalzium und Magnesium, kr\u00e4ftigere Wurzeln, bessere Fruchtqualit\u00e4t (Gr\u00f6\u00dfe, Geschmack, Farbe) und gr\u00f6\u00dfere Resistenz gegen Sch\u00e4dlinge und Krankheiten. Als Langzeitd\u00fcnger garantiert er au\u00dferdem eine kontinuierliche N\u00e4hrstoffversorgung, wodurch Spitzen in der Verf\u00fcgbarkeit oder m\u00f6gliche Ungleichgewichte, die die Bodenmikrobiota beeintr\u00e4chtigen k\u00f6nnten, vermieden werden. Es ist jedoch wichtig, Dolomit mit Bedacht auszubringen: Die geeignete Dosis h\u00e4ngt von der Bodenbeschaffenheit und der Art der Kultur ab, und eine zu hohe Dosierung kann zu einem pH-Ungleichgewicht f\u00fchren oder die Verf\u00fcgbarkeit anderer N\u00e4hrstoffe beeintr\u00e4chtigen. Auch die Kompatibilit\u00e4t mit anderen Inputs muss gepr\u00fcft werden, insbesondere in \u00f6kologischen Systemen, bei denen es darum geht, das Bodenleben zu erhalten. In diesem Sinne ist die Wahl einer qualitativ hochwertigen Dolomitquelle mit hoher Reinheit, angemessener Kalzium- und Magnesiumkonzentration, feiner Vermahlung und ohne Verunreinigungen Teil des Erfolgs der Behandlung. Zusammenfassend l\u00e4sst sich sagen, dass Dolomit eine nat\u00fcrliche, wirksame und technische L\u00f6sung f\u00fcr \u00f6kologische Landwirte darstellt, die ihre Bodengesundheit und ihre Ernteertr\u00e4ge optimieren wollen. Durch die Kombination einer physikalischen Bodenverbesserung mit einem wichtigen N\u00e4hrstoffeintrag kann dieser Zusatzstoff die Probleme der \u00dcbers\u00e4uerung, des Magnesium- oder Kalziummangels und der allgemeinen Verbesserung des Produktionssystems l\u00f6sen, ohne auf synthetische Quellen zur\u00fcckgreifen zu m\u00fcssen.                 Unabh\u00e4ngig von Ihrer Kultur kann die Einarbeitung von Dolomit mit technischem Urteilsverm\u00f6gen und Planung einen Unterschied in der Produktivit\u00e4t, Qualit\u00e4t und Nachhaltigkeit Ihres Biobetriebs ausmachen.<\/p>\n","protected":false},"excerpt":{"rendered":"<p>Hochreiner 100% nat\u00fcrlicher mikronisierter Dolomit: Dieses landwirtschaftliche Erg\u00e4nzungsmittel mineralischen Ursprungs besteht ausschlie\u00dflich aus Kalzium- und Magnesiumkarbonat und ist ideal f\u00fcr saure B\u00f6den und organische Kulturen. Seine feine Granulometrie verbessert die Absorption und sorgt f\u00fcr eine homogene Verteilung, wodurch die Effizienz der Behandlung erh\u00f6ht wird. <\/p>\n<p>Ausgewogenes Kalzium und Magnesium f\u00fcr gesunde Pflanzen: Diese beiden essentiellen N\u00e4hrstoffe sind der Schl\u00fcssel zur Zellentwicklung und Photosynthese. Kalzium st\u00e4rkt die Pflanzenstruktur und Magnesium kurbelt die Chlorophyllproduktion an, wodurch die Vitalit\u00e4t der Pflanzen insgesamt verbessert wird. Ideal f\u00fcr Gem\u00fcse, Obstb\u00e4ume, Getreide und H\u00fclsenfr\u00fcchte.  <\/p>\n<p>Korrigiert die Bodens\u00e4ure und reguliert den pH-Wert auf nat\u00fcrliche Weise: Seine korrigierende Wirkung auf saure B\u00f6den stellt das chemische Gleichgewicht des Bodens wieder her, erleichtert die Verf\u00fcgbarkeit von N\u00e4hrstoffen und f\u00f6rdert eine aktive Mikrobiota. Seine Anwendung reduziert N\u00e4hrstoffblockaden und verbessert das Wurzelumfeld f\u00fcr ein kr\u00e4ftigeres Wachstum. <\/p>\n<p>\ud83d\udca7 Verbessert die Bodenstruktur, das Wasserr\u00fcckhalteverm\u00f6gen und die Bel\u00fcftung: Durch die F\u00f6rderung der Bildung stabiler Aggregate verbessert Dolomit die Bodentextur, erleichtert die Wasserinfiltration und versorgt die Wurzeln mit Sauerstoff. Das Ergebnis ist ein tieferes, effizienteres Wurzelsystem, das widerstandsf\u00e4higer gegen Wasserstress oder Verdichtung ist. <\/p>\n<p>Geeignet f\u00fcr den zertifizierten \u00f6kologischen Landbau und den professionellen Einsatz: Dieser Dolomit ist mit nachhaltigen landwirtschaftlichen Praktiken kompatibel und eignet sich ideal f\u00fcr organische D\u00fcngepl\u00e4ne. Er liefert langsam freigesetzte N\u00e4hrstoffe ohne chemische Verunreinigungen, reduziert die Abh\u00e4ngigkeit von synthetischen D\u00fcngemitteln und f\u00f6rdert eine regenerative und produktive Landwirtschaft. <\/p>\n","protected":false},"featured_media":49883,"comment_status":"open","ping_status":"closed","template":"","meta":{"_acf_changed":false},"product_brand":[],"product_cat":[396,334,692],"product_tag":[],"class_list":{"0":"post-50351","1":"product","2":"type-product","3":"status-publish","4":"has-post-thumbnail","6":"product_cat-bodenregeneratoren","7":"product_cat-rasen","8":"product_cat-rohmaterialien","10":"first","11":"instock","12":"taxable","13":"shipping-taxable","14":"purchasable","15":"product-type-variable"},"acf":[],"_links":{"self":[{"href":"https:\/\/cultivers.es\/de\/wp-json\/wp\/v2\/product\/50351","targetHints":{"allow":["GET"]}}],"collection":[{"href":"https:\/\/cultivers.es\/de\/wp-json\/wp\/v2\/product"}],"about":[{"href":"https:\/\/cultivers.es\/de\/wp-json\/wp\/v2\/types\/product"}],"replies":[{"embeddable":true,"href":"https:\/\/cultivers.es\/de\/wp-json\/wp\/v2\/comments?post=50351"}],"wp:featuredmedia":[{"embeddable":true,"href":"https:\/\/cultivers.es\/de\/wp-json\/wp\/v2\/media\/49883"}],"wp:attachment":[{"href":"https:\/\/cultivers.es\/de\/wp-json\/wp\/v2\/media?parent=50351"}],"wp:term":[{"taxonomy":"product_brand","embeddable":true,"href":"https:\/\/cultivers.es\/de\/wp-json\/wp\/v2\/product_brand?post=50351"},{"taxonomy":"product_cat","embeddable":true,"href":"https:\/\/cultivers.es\/de\/wp-json\/wp\/v2\/product_cat?post=50351"},{"taxonomy":"product_tag","embeddable":true,"href":"https:\/\/cultivers.es\/de\/wp-json\/wp\/v2\/product_tag?post=50351"}],"curies":[{"name":"wp","href":"https:\/\/api.w.org\/{rel}","templated":true}]}}