{"id":50354,"date":"2025-10-23T08:38:14","date_gmt":"2025-10-23T08:38:14","guid":{"rendered":"https:\/\/cultivers.es\/abonos\/gruener-duenger-lupine-gelb\/"},"modified":"2026-03-14T10:03:37","modified_gmt":"2026-03-14T10:03:37","slug":"gruener-duenger-lupine-gelb","status":"publish","type":"product","link":"https:\/\/cultivers.es\/de\/d\u00fcngemittel\/gruener-duenger-lupine-gelb\/","title":{"rendered":"Gr\u00fcner D\u00fcnger Lupine Gelb Eco"},"content":{"rendered":"<p>Die Gelbe Lupine, auch als Lupine bekannt, ist eine au\u00dfergew\u00f6hnliche Pflanze f\u00fcr alle, die ihren Garten oder ihre Ernte auf nachhaltige Weise verbessern wollen. Als Gr\u00fcnd\u00fcngung ist sie eine nat\u00fcrliche Stickstoffquelle, die den Boden ohne chemische D\u00fcngemittel regeneriert und so zu einer umweltfreundlicheren und verantwortungsvolleren Landwirtschaft beitr\u00e4gt. <\/p>\n<p>Seine Vielseitigkeit macht ihn zu einer ausgezeichneten Wahl sowohl f\u00fcr Obstplantagen als auch f\u00fcr Zierg\u00e4rten. Seine F\u00e4higkeit, dank seiner Symbiose mit Bakterien der Gattung Rhizobium atmosph\u00e4rischen Stickstoff im Boden zu fixieren, erm\u00f6glicht es ihm, die Bodenn\u00e4hrstoffe zu verbessern und den Boden f\u00fcr nachfolgende Kulturen vorzubereiten. Sie ist ideal in landwirtschaftlichen Fruchtfolgen, als Deckfrucht zum Schutz vor Erosion und als lebende Barriere gegen Unkraut.  <\/p>\n<p>Auch optisch ist sie ein Juwel: Ihre intensiv gelben Bl\u00fcten verleihen jedem Raum ein fr\u00f6hliches, l\u00e4ndliches Flair. Sie zieht auf nat\u00fcrliche Weise Best\u00e4uber wie Bienen und Schmetterlinge an und f\u00f6rdert so ein gesundes Mikro-\u00d6kosystem. Einer ihrer gr\u00f6\u00dften Reize ist ihre Anpassungsf\u00e4higkeit: Sie gedeiht sehr gut in gut durchl\u00e4ssigen, leicht sauren B\u00f6den und an sonnigen Pl\u00e4tzen und kann auch in T\u00f6pfe gepflanzt werden, was sie zu einer hervorragenden Wahl f\u00fcr Balkone, Terrassen oder kleine G\u00e4rten macht.  <\/p>\n<p>Einfach zu pflanzen, pflegeleicht und mit vielf\u00e4ltigen \u00e4sthetischen, \u00f6kologischen und agronomischen Funktionen, ist die Gelbe Lupine eine Investition in die Gesundheit des Bodens, die Artenvielfalt und die nat\u00fcrliche Sch\u00f6nheit. Die gelbe Lupine ist viel mehr als nur eine Pflanze: Sie ist ein lebendiges Werkzeug im Dienste Ihres Bodens und eignet sich perfekt f\u00fcr diejenigen, die nachhaltig g\u00e4rtnern oder regenerative landwirtschaftliche Techniken anwenden m\u00f6chten. <\/p>\n","protected":false},"excerpt":{"rendered":"<p>Nat\u00fcrlicher und effektiver Gr\u00fcnd\u00fcnger: Die Gelbe Lupine ist eine ideale Leguminose, um den Boden auf nat\u00fcrliche Weise mit Stickstoff anzureichern und die Bodenstruktur zu verbessern, ohne dass chemische D\u00fcngemittel erforderlich sind.<\/p>\n<p>Ideal als organischer Mulch: Bauen Sie die Lupine als lebende Deckfrucht an, die Ihre Obstplantage oder Ihren Garten vor Erosion und Unkraut sch\u00fctzt, w\u00e4hrend sie gleichzeitig die Artenvielfalt f\u00f6rdert und die Verarmung des Bodens verhindert.<\/p>\n<p>\ud83c\udf1e Einfach zu z\u00fcchten und pflegeleicht: Diese Pflanze bevorzugt leicht saure, gut durchl\u00e4ssige B\u00f6den und sonnige Standorte. Perfekt f\u00fcr Anf\u00e4nger und erfahrene G\u00e4rtner, die ein unkompliziertes Ergebnis w\u00fcnschen. <\/p>\n<p>Best\u00e4uberfreundlich: Die leuchtend gelben Bl\u00fcten versch\u00f6nern nicht nur Ihren Garten, sondern locken auch Bienen und Schmetterlinge an, die zur Best\u00e4ubung der Pflanzen in der Umgebung beitragen und gesunde \u00d6kosysteme f\u00f6rdern.<\/p>\n<p>Geeignet f\u00fcr K\u00fcbel und l\u00e4ndliche G\u00e4rten: Dank ihres kompakten Wuchses und ihrer Anpassungsf\u00e4higkeit gedeiht die gelbe Lupine in K\u00fcbeln und rustikalen G\u00e4rten und ist damit sowohl eine dekorative als auch eine n\u00fctzliche Wahl.<\/p>\n","protected":false},"featured_media":50001,"comment_status":"open","ping_status":"closed","template":"","meta":{"_acf_changed":false},"product_brand":[],"product_cat":[1266],"product_tag":[1580],"class_list":{"0":"post-50354","1":"product","2":"type-product","3":"status-publish","4":"has-post-thumbnail","6":"product_cat-gruner-dunger-grune-deckpflanzen","7":"product_tag-oko","9":"first","10":"instock","11":"taxable","12":"shipping-taxable","13":"purchasable","14":"product-type-simple"},"acf":[],"_links":{"self":[{"href":"https:\/\/cultivers.es\/de\/wp-json\/wp\/v2\/product\/50354","targetHints":{"allow":["GET"]}}],"collection":[{"href":"https:\/\/cultivers.es\/de\/wp-json\/wp\/v2\/product"}],"about":[{"href":"https:\/\/cultivers.es\/de\/wp-json\/wp\/v2\/types\/product"}],"replies":[{"embeddable":true,"href":"https:\/\/cultivers.es\/de\/wp-json\/wp\/v2\/comments?post=50354"}],"wp:featuredmedia":[{"embeddable":true,"href":"https:\/\/cultivers.es\/de\/wp-json\/wp\/v2\/media\/50001"}],"wp:attachment":[{"href":"https:\/\/cultivers.es\/de\/wp-json\/wp\/v2\/media?parent=50354"}],"wp:term":[{"taxonomy":"product_brand","embeddable":true,"href":"https:\/\/cultivers.es\/de\/wp-json\/wp\/v2\/product_brand?post=50354"},{"taxonomy":"product_cat","embeddable":true,"href":"https:\/\/cultivers.es\/de\/wp-json\/wp\/v2\/product_cat?post=50354"},{"taxonomy":"product_tag","embeddable":true,"href":"https:\/\/cultivers.es\/de\/wp-json\/wp\/v2\/product_tag?post=50354"}],"curies":[{"name":"wp","href":"https:\/\/api.w.org\/{rel}","templated":true}]}}