{"id":50364,"date":"2025-10-23T08:49:55","date_gmt":"2025-10-23T08:49:55","guid":{"rendered":"https:\/\/cultivers.es\/abonos\/gruener-duenger-weisse-lupine\/"},"modified":"2025-10-23T08:49:55","modified_gmt":"2025-10-23T08:49:55","slug":"gruener-duenger-weisse-lupine","status":"publish","type":"product","link":"https:\/\/cultivers.es\/de\/d\u00fcngemittel\/gruener-duenger-weisse-lupine\/","title":{"rendered":"Gr\u00fcner D\u00fcnger Wei\u00dfe Lupine"},"content":{"rendered":"<p>Die Wei\u00dfe Lupine (Lupinus albus) hat sich als eine der besten Optionen erwiesen, wenn Sie eine Deckfrucht oder Gr\u00fcnd\u00fcngung suchen, die die Bodenstruktur verbessert, die Erosion kontrolliert und auf nat\u00fcrliche Weise N\u00e4hrstoffe liefert. Diese einj\u00e4hrige Leguminose ist in der Lage, durch eine Symbiose mit Bodenbakterien atmosph\u00e4rischen Stickstoff zu binden, was sie zu einem Verb\u00fcndeten in landwirtschaftlichen Fruchtfolgen oder Obstplantagen macht, in denen es darum geht, die Fruchtbarkeit ohne einen hohen Chemikalieneinsatz wiederherzustellen oder zu erhalten. <\/p>\n<p>Ihr Wurzelsystem ist tief und weit verbreitet und beg\u00fcnstigt die Wasserinfiltration und die Verbesserung von armen oder leichten B\u00f6den. Studien in mediterranen Regionen zufolge verbessert die Lupine die F\u00e4higkeit des Bodens, Wasser zu filtern und reduziert die N\u00e4hrstoffauswaschung, wenn sie im Herbst und Winter als Mulch verwendet wird. <\/p>\n<p>Was die agronomischen Anforderungen betrifft, so bevorzugt die wei\u00dfe Lupine gut durchl\u00e4ssige B\u00f6den mit einem m\u00e4\u00dfig sauren oder neutralen pH-Wert und meidet sehr kalkhaltige oder staunasse B\u00f6den.<\/p>\n<p>Er kann direkt auf dem Feld ausges\u00e4t werden, ohne dass er umgepflanzt werden muss, was seine Verwendung als Gr\u00fcnd\u00fcngung auch f\u00fcr diejenigen erleichtert, die Gem\u00fcseg\u00e4rten oder kleine Parzellen bewirtschaften.<\/p>\n<p>Der Nutzen dieser Deckfrucht liegt nicht nur in der Bereitstellung von organischem Material am Ende ihres Zyklus - wenn sie vergraben oder in den Boden eingearbeitet werden kann - sondern auch in der F\u00f6rderung der Artenvielfalt des Bodens und des umgebenden \u00d6kosystems: Verbesserung des mikrobiellen Lebens, Anlockung von Nutzinsekten und Verringerung des Unkrautdrucks.<\/p>\n<p>Kurz gesagt, wenn Sie die Wei\u00dfe Lupine in Ihren Fruchtfolgeplan oder in Ihren Bio-Garten aufnehmen, geht es nicht nur darum, eine weitere Leguminose zu pflanzen, sondern um eine bew\u00e4hrte agronomische Methode, die einfachen Anbau, geringen Pflegeaufwand, Bodenverbesserung und Nachhaltigkeit miteinander verbindet.<\/p>\n","protected":false},"excerpt":{"rendered":"<p>Stickstoffbindender Bodendecker: Die Wei\u00dfe Lupine wirkt als bodenverbessernde Leguminose, die den Boden durch biologische Fixierung mit Stickstoff anreichert und wichtige Gr\u00fcnmasse f\u00fcr Fruchtfolgen und Brachfl\u00e4chen liefert.<\/p>\n<p>Ideal f\u00fcr arme B\u00f6den und kontrollierte Erosion: Diese Sorte gedeiht auch auf leichten oder wenig fruchtbaren B\u00f6den. Dank ihres tiefen Wurzelsystems verbessert sie die Infiltration und reduziert N\u00e4hrstoffverluste.<\/p>\n<p>Tolerant und vielseitig in der Landwirtschaft und im Gartenbau: Kann im Herbst oder Sp\u00e4twinter ausges\u00e4t werden, ben\u00f6tigt gut durchl\u00e4ssige B\u00f6den, einen moderaten pH-Wert und ist eine ausgezeichnete Wahl f\u00fcr Deckfr\u00fcchte in mediterranen Klimazonen.<\/p>\n<p>Geringer Pflegeaufwand und kein Bedarf an zus\u00e4tzlichem Stickstoff: Als fixierende Leguminose ben\u00f6tigt sie keine gro\u00dfen Mengen an Stickstoffd\u00fcnger und ist gut an nachhaltige Anbausysteme angepasst.<\/p>\n<p>Doppelfunktion: landwirtschaftlich und \u00e4sthetisch: Obwohl ihre Hauptverwendung agronomisch ist, kann sie mit ihren wei\u00df-blauen Bl\u00fcten zur Artenvielfalt im Garten oder Obstgarten beitragen, Best\u00e4uber anlocken und das optische Erscheinungsbild des Bodendeckers verbessern.<\/p>\n","protected":false},"featured_media":50008,"comment_status":"open","ping_status":"closed","template":"","meta":{"_acf_changed":false},"product_brand":[],"product_cat":[1266],"product_tag":[1580],"class_list":{"0":"post-50364","1":"product","2":"type-product","3":"status-publish","4":"has-post-thumbnail","6":"product_cat-gruner-dunger-grune-deckpflanzen","7":"product_tag-oko","9":"first","10":"instock","11":"taxable","12":"shipping-taxable","13":"purchasable","14":"product-type-simple"},"acf":[],"_links":{"self":[{"href":"https:\/\/cultivers.es\/de\/wp-json\/wp\/v2\/product\/50364","targetHints":{"allow":["GET"]}}],"collection":[{"href":"https:\/\/cultivers.es\/de\/wp-json\/wp\/v2\/product"}],"about":[{"href":"https:\/\/cultivers.es\/de\/wp-json\/wp\/v2\/types\/product"}],"replies":[{"embeddable":true,"href":"https:\/\/cultivers.es\/de\/wp-json\/wp\/v2\/comments?post=50364"}],"wp:featuredmedia":[{"embeddable":true,"href":"https:\/\/cultivers.es\/de\/wp-json\/wp\/v2\/media\/50008"}],"wp:attachment":[{"href":"https:\/\/cultivers.es\/de\/wp-json\/wp\/v2\/media?parent=50364"}],"wp:term":[{"taxonomy":"product_brand","embeddable":true,"href":"https:\/\/cultivers.es\/de\/wp-json\/wp\/v2\/product_brand?post=50364"},{"taxonomy":"product_cat","embeddable":true,"href":"https:\/\/cultivers.es\/de\/wp-json\/wp\/v2\/product_cat?post=50364"},{"taxonomy":"product_tag","embeddable":true,"href":"https:\/\/cultivers.es\/de\/wp-json\/wp\/v2\/product_tag?post=50364"}],"curies":[{"name":"wp","href":"https:\/\/api.w.org\/{rel}","templated":true}]}}