{"id":50371,"date":"2025-11-01T06:25:03","date_gmt":"2025-11-01T06:25:03","guid":{"rendered":"https:\/\/cultivers.es\/abonos\/mikrogruen-blauer-kohlrabi\/"},"modified":"2026-03-14T10:02:42","modified_gmt":"2026-03-14T10:02:42","slug":"mikrogruen-blauer-kohlrabi","status":"publish","type":"product","link":"https:\/\/cultivers.es\/de\/d\u00fcngemittel\/mikrogruen-blauer-kohlrabi\/","title":{"rendered":"Microgreen Kohlrabi Blau Eco"},"content":{"rendered":"","protected":false},"excerpt":{"rendered":"<p>Mikro-Senfsprossen haben einen ausgepr\u00e4gt w\u00fcrzigen Geschmack, der dem des traditionellen Senfs sehr \u00e4hnlich ist. Sie sind reich an Vitaminen und Mineralien und \u00e4u\u00dferst vielseitig als Beilage oder Zutat, die Salaten, Sandwiches, Suppen und anderen Gerichten eine gesunde Note verleiht. <\/p>\n<p>1. weichen Sie den Boden in Wasser ein, bis er vollst\u00e4ndig ges\u00e4ttigt ist.<br \/>\n2. verteilen Sie die Samen gleichm\u00e4\u00dfig auf dem Boden. Legen Sie sie nicht zu dicht nebeneinander, um Schimmelbildung zu vermeiden.<br \/>\n3. Stellen Sie die Kiste an einen sonnigen Ort bei Zimmertemperatur und halten Sie die Unterlage stets feucht.<br \/>\n4. Ernten Sie nach 7-8 Tagen, wenn die Pflanzen etwa 5-7 cm hoch sind. Schneiden Sie die Pflanzen knapp \u00fcber dem Rand des Kastens ab. Waschen Sie sie vor dem Verzehr gut. Die Reste des Kastens sind vollst\u00e4ndig kompostierbar.    <\/p>\n","protected":false},"featured_media":50283,"comment_status":"open","ping_status":"closed","template":"","meta":{"_acf_changed":false},"product_brand":[],"product_cat":[419,730],"product_tag":[1580],"class_list":{"0":"post-50371","1":"product","2":"type-product","3":"status-publish","4":"has-post-thumbnail","6":"product_cat-bio-saatgut","7":"product_cat-microgreen-okologisch","8":"product_tag-oko","10":"first","11":"instock","12":"sale","13":"taxable","14":"shipping-taxable","15":"purchasable","16":"product-type-simple"},"acf":[],"_links":{"self":[{"href":"https:\/\/cultivers.es\/de\/wp-json\/wp\/v2\/product\/50371","targetHints":{"allow":["GET"]}}],"collection":[{"href":"https:\/\/cultivers.es\/de\/wp-json\/wp\/v2\/product"}],"about":[{"href":"https:\/\/cultivers.es\/de\/wp-json\/wp\/v2\/types\/product"}],"replies":[{"embeddable":true,"href":"https:\/\/cultivers.es\/de\/wp-json\/wp\/v2\/comments?post=50371"}],"wp:featuredmedia":[{"embeddable":true,"href":"https:\/\/cultivers.es\/de\/wp-json\/wp\/v2\/media\/50283"}],"wp:attachment":[{"href":"https:\/\/cultivers.es\/de\/wp-json\/wp\/v2\/media?parent=50371"}],"wp:term":[{"taxonomy":"product_brand","embeddable":true,"href":"https:\/\/cultivers.es\/de\/wp-json\/wp\/v2\/product_brand?post=50371"},{"taxonomy":"product_cat","embeddable":true,"href":"https:\/\/cultivers.es\/de\/wp-json\/wp\/v2\/product_cat?post=50371"},{"taxonomy":"product_tag","embeddable":true,"href":"https:\/\/cultivers.es\/de\/wp-json\/wp\/v2\/product_tag?post=50371"}],"curies":[{"name":"wp","href":"https:\/\/api.w.org\/{rel}","templated":true}]}}